{"id":47661,"date":"2025-04-27T13:22:25","date_gmt":"2025-04-27T13:22:25","guid":{"rendered":"https:\/\/www.tornum.com\/?page_id=47661"},"modified":"2025-05-24T15:44:06","modified_gmt":"2025-05-24T15:44:06","slug":"lpt","status":"publish","type":"page","link":"https:\/\/www.tornum.com\/es\/lpt\/","title":{"rendered":"LPT"},"content":{"rendered":"\t\t<div data-elementor-type=\"wp-page\" data-elementor-id=\"47661\" class=\"elementor elementor-47661\" data-elementor-settings=\"{&quot;ha_cmc_init_switcher&quot;:&quot;no&quot;}\" data-elementor-post-type=\"page\">\n\t\t\t\t\t\t<section class=\"elementor-section elementor-top-section elementor-element elementor-element-5b61070 elementor-section-stretched elementor-section-full_width abt-header elementor-section-height-default elementor-section-height-default\" data-id=\"5b61070\" data-element_type=\"section\" data-settings=\"{&quot;stretch_section&quot;:&quot;section-stretched&quot;,&quot;_ha_eqh_enable&quot;:false}\">\n\t\t\t\t\t\t<div class=\"elementor-container elementor-column-gap-default\">\n\t\t\t\t\t<div class=\"elementor-column elementor-col-50 elementor-top-column elementor-element elementor-element-1b857bd dj-left-con\" data-id=\"1b857bd\" data-element_type=\"column\">\n\t\t\t<div class=\"elementor-widget-wrap elementor-element-populated\">\n\t\t\t\t\t\t<div class=\"elementor-element elementor-element-e558b31 elementor-hidden-desktop elementor-hidden-tablet elementor-widget elementor-widget-spacer\" data-id=\"e558b31\" data-element_type=\"widget\" data-widget_type=\"spacer.default\">\n\t\t\t\t<div class=\"elementor-widget-container\">\n\t\t\t\t\t\t\t<div class=\"elementor-spacer\">\n\t\t\t<div class=\"elementor-spacer-inner\"><\/div>\n\t\t<\/div>\n\t\t\t\t\t\t<\/div>\n\t\t\t\t<\/div>\n\t\t\t\t<div class=\"elementor-element elementor-element-f11f4d5 elementor-widget elementor-widget-heading\" data-id=\"f11f4d5\" data-element_type=\"widget\" data-widget_type=\"heading.default\">\n\t\t\t\t<div class=\"elementor-widget-container\">\n\t\t\t\t\t<h1 class=\"elementor-heading-title elementor-size-default\"><a style=\"color:#224585\">LPT<\/a><\/h1>\t\t\t\t<\/div>\n\t\t\t\t<\/div>\n\t\t\t\t<div class=\"elementor-element elementor-element-7db98c1 elementor-hidden-tablet elementor-hidden-mobile elementor-widget elementor-widget-heading\" data-id=\"7db98c1\" data-element_type=\"widget\" data-widget_type=\"heading.default\">\n\t\t\t\t<div class=\"elementor-widget-container\">\n\t\t\t\t\t<h6 class=\"elementor-heading-title elementor-size-default\"><font color=\"#224585\">Servicio para la industria m\u00e1s importante del mundo.<\/font><\/h6>\t\t\t\t<\/div>\n\t\t\t\t<\/div>\n\t\t\t\t<div class=\"elementor-element elementor-element-c7c67c6 elementor-widget elementor-widget-text-editor\" data-id=\"c7c67c6\" data-element_type=\"widget\" data-widget_type=\"text-editor.default\">\n\t\t\t\t<div class=\"elementor-widget-container\">\n\t\t\t\t\t\t\t\t\t<p class=\"\" data-start=\"51\" data-end=\"399\">Desde abril de 2015, <strong data-start=\"72\" data-end=\"100\">Lidk\u00f6pings Pl\u00e5tteknik AB<\/strong> es una filial de propiedad total de <strong data-start=\"137\" data-end=\"150\">Tornum AB<\/strong> en Kv\u00e4num, y constituye un complemento perfecto para la amplia gama de equipos de Tornum para el secado y almacenamiento de cereales. La adquisici\u00f3n de Lidk\u00f6pings Pl\u00e5tteknik forma parte de la apuesta de Tornum por las industrias suecas de cereales.<\/p><p class=\"\" data-start=\"401\" data-end=\"887\"><strong data-start=\"401\" data-end=\"408\">LPT<\/strong> ofrece servicios de mantenimiento, remodelaci\u00f3n, ampliaci\u00f3n y construcci\u00f3n de nuevas instalaciones de cereales para las industrias de piensos y cereales, y gracias a su larga experiencia, se ha consolidado como un socio l\u00edder para estas industrias en Suecia. Nuestros montadores experimentados saben lo que se requiere para realizar tareas de mantenimiento y reformas, y cuentan con experiencia personal sobre las exigencias que debe cumplir una moderna instalaci\u00f3n de cereales.<\/p><p class=\"\" data-start=\"889\" data-end=\"1114\">Adem\u00e1s de los trabajos de servicio y montaje, <strong data-start=\"935\" data-end=\"942\">LPT<\/strong> puede ofrecer elevadores, transportadores y equipamientos auxiliares dise\u00f1ados a medida, que son dimensionados por nuestros t\u00e9cnicos y fabricados en nuestro propio taller.<\/p>\t\t\t\t\t\t\t\t<\/div>\n\t\t\t\t<\/div>\n\t\t\t\t\t<\/div>\n\t\t<\/div>\n\t\t\t\t<div class=\"elementor-column elementor-col-50 elementor-top-column elementor-element elementor-element-04986a4\" data-id=\"04986a4\" data-element_type=\"column\" data-settings=\"{&quot;background_background&quot;:&quot;classic&quot;}\">\n\t\t\t<div class=\"elementor-widget-wrap elementor-element-populated\">\n\t\t\t\t\t\t<div class=\"elementor-element elementor-element-6ba99ca elementor-widget elementor-widget-image\" data-id=\"6ba99ca\" data-element_type=\"widget\" data-widget_type=\"image.default\">\n\t\t\t\t<div class=\"elementor-widget-container\">\n\t\t\t\t\t\t\t\t\t\t\t\t\t\t\t<img fetchpriority=\"high\" decoding=\"async\" width=\"1024\" height=\"568\" src=\"https:\/\/www.tornum.com\/wp-content\/uploads\/2025\/03\/tmep_picture_1-3-1024x568.png\" class=\"attachment-large size-large wp-image-46954\" alt=\"\" srcset=\"https:\/\/www.tornum.com\/wp-content\/uploads\/2025\/03\/tmep_picture_1-3-1024x568.png 1024w, https:\/\/www.tornum.com\/wp-content\/uploads\/2025\/03\/tmep_picture_1-3-300x166.png 300w, https:\/\/www.tornum.com\/wp-content\/uploads\/2025\/03\/tmep_picture_1-3-768x426.png 768w, https:\/\/www.tornum.com\/wp-content\/uploads\/2025\/03\/tmep_picture_1-3-24x13.png 24w, https:\/\/www.tornum.com\/wp-content\/uploads\/2025\/03\/tmep_picture_1-3-36x20.png 36w, https:\/\/www.tornum.com\/wp-content\/uploads\/2025\/03\/tmep_picture_1-3-48x27.png 48w, https:\/\/www.tornum.com\/wp-content\/uploads\/2025\/03\/tmep_picture_1-3.png 1305w\" sizes=\"(max-width: 1024px) 100vw, 1024px\" \/>\t\t\t\t\t\t\t\t\t\t\t\t\t\t\t<\/div>\n\t\t\t\t<\/div>\n\t\t\t\t\t<\/div>\n\t\t<\/div>\n\t\t\t\t\t<\/div>\n\t\t<\/section>\n\t\t\t\t<section class=\"elementor-section elementor-top-section elementor-element elementor-element-2e675a4 elementor-section-stretched elementor-section-full_width abt-header elementor-section-height-default elementor-section-height-default\" data-id=\"2e675a4\" data-element_type=\"section\" data-settings=\"{&quot;stretch_section&quot;:&quot;section-stretched&quot;,&quot;_ha_eqh_enable&quot;:false}\">\n\t\t\t\t\t\t<div class=\"elementor-container elementor-column-gap-default\">\n\t\t\t\t\t<div class=\"elementor-column elementor-col-50 elementor-top-column elementor-element elementor-element-fc5fdbb\" data-id=\"fc5fdbb\" data-element_type=\"column\" data-settings=\"{&quot;background_background&quot;:&quot;classic&quot;}\">\n\t\t\t<div class=\"elementor-widget-wrap elementor-element-populated\">\n\t\t\t\t\t\t<div class=\"elementor-element elementor-element-a2ccc42 elementor-widget elementor-widget-image\" data-id=\"a2ccc42\" data-element_type=\"widget\" data-widget_type=\"image.default\">\n\t\t\t\t<div class=\"elementor-widget-container\">\n\t\t\t\t\t\t\t\t\t\t\t\t\t\t\t<img decoding=\"async\" width=\"720\" height=\"405\" src=\"https:\/\/www.tornum.com\/wp-content\/uploads\/2025\/03\/tornum-lpt-tjanster-1.jpg\" class=\"attachment-large size-large wp-image-47035\" alt=\"\" srcset=\"https:\/\/www.tornum.com\/wp-content\/uploads\/2025\/03\/tornum-lpt-tjanster-1.jpg 720w, https:\/\/www.tornum.com\/wp-content\/uploads\/2025\/03\/tornum-lpt-tjanster-1-300x169.jpg 300w, https:\/\/www.tornum.com\/wp-content\/uploads\/2025\/03\/tornum-lpt-tjanster-1-24x14.jpg 24w, https:\/\/www.tornum.com\/wp-content\/uploads\/2025\/03\/tornum-lpt-tjanster-1-36x20.jpg 36w, https:\/\/www.tornum.com\/wp-content\/uploads\/2025\/03\/tornum-lpt-tjanster-1-48x27.jpg 48w, https:\/\/www.tornum.com\/wp-content\/uploads\/2025\/03\/tornum-lpt-tjanster-1-600x338.jpg 600w\" sizes=\"(max-width: 720px) 100vw, 720px\" \/>\t\t\t\t\t\t\t\t\t\t\t\t\t\t\t<\/div>\n\t\t\t\t<\/div>\n\t\t\t\t\t<\/div>\n\t\t<\/div>\n\t\t\t\t<div class=\"elementor-column elementor-col-50 elementor-top-column elementor-element elementor-element-fe1e124 dj-left-con\" data-id=\"fe1e124\" data-element_type=\"column\">\n\t\t\t<div class=\"elementor-widget-wrap elementor-element-populated\">\n\t\t\t\t\t\t<div class=\"elementor-element elementor-element-3b0f06f elementor-widget elementor-widget-heading\" data-id=\"3b0f06f\" data-element_type=\"widget\" data-widget_type=\"heading.default\">\n\t\t\t\t<div class=\"elementor-widget-container\">\n\t\t\t\t\t<h1 class=\"elementor-heading-title elementor-size-default\"><a style=\"color:#224585\">Servicios<\/a><\/h1>\t\t\t\t<\/div>\n\t\t\t\t<\/div>\n\t\t\t\t<div class=\"elementor-element elementor-element-8e97840 elementor-widget elementor-widget-text-editor\" data-id=\"8e97840\" data-element_type=\"widget\" data-widget_type=\"text-editor.default\">\n\t\t\t\t<div class=\"elementor-widget-container\">\n\t\t\t\t\t\t\t\t\t<p class=\"\" data-start=\"56\" data-end=\"317\"><strong data-start=\"56\" data-end=\"81\">Lidk\u00f6pings Pl\u00e5tteknik<\/strong> ofrece todos los servicios de mantenimiento, conservaci\u00f3n y montaje para las industrias de cereales y piensos. Nuestro conocimiento y experiencia nos han convertido en un socio valorado por los principales actores del sector en Suecia.<\/p><p class=\"\" data-start=\"319\" data-end=\"406\">Haz clic en los encabezados para obtener m\u00e1s informaci\u00f3n sobre los distintos servicios:<\/p><p class=\"\" data-start=\"408\" data-end=\"769\"><span class=\"s1\"><a href=\"https:\/\/www2.tornum.com\/sv\/lpts-tjanster-projektinstallation\/\"><b>Instalaci\u00f3n de proyectos<\/b><\/a><\/span><br data-start=\"436\" data-end=\"439\" \/>La construcci\u00f3n de nuevas instalaciones requiere una planificaci\u00f3n cuidadosa y un socio de confianza que pueda acompa\u00f1arte durante todo el proceso. Desde sus inicios, <strong data-start=\"606\" data-end=\"613\">LPT<\/strong> ha llevado a cabo construcciones nuevas tanto de estructuras de acero como de instalaciones de nuevos equipos para la industria de cereales en toda Suecia.<\/p><p class=\"\" data-start=\"771\" data-end=\"1117\"><strong data-start=\"771\" data-end=\"799\"><span class=\"s1\"><a href=\"https:\/\/www2.tornum.com\/sv\/lpts-tjanster-underhall\/\"><b>Mantenimiento preventivo<\/b><\/a><\/span><\/strong><br data-start=\"799\" data-end=\"802\" \/>Los servicios que se ofrecen van desde trabajos de mantenimiento puntuales hasta contratos de servicio y guardia a largo plazo. Todo el trabajo es realizado por nuestro personal experimentado, que cuenta con amplios conocimientos t\u00e9cnicos y sabe cu\u00e1les son las exigencias de una industria sueca moderna de cereales.<\/p><p class=\"\" data-start=\"1119\" data-end=\"1348\"><strong data-start=\"1119\" data-end=\"1142\"><a href=\"https:\/\/www2.tornum.com\/sv\/lpts-tjanster-ombyggnation\/\"><b>Reacondicionamiento<\/b><\/a><\/strong><br data-start=\"1142\" data-end=\"1145\" \/><strong data-start=\"1145\" data-end=\"1152\">LPT<\/strong> ofrece todo tipo de reacondicionamientos de silos, transportadores, elevadores, sistemas de aspiraci\u00f3n, etc., para mejorar la eficiencia energ\u00e9tica y aumentar el rendimiento de las instalaciones.<\/p><p class=\"\" data-start=\"1350\" data-end=\"1535\"><strong data-start=\"1350\" data-end=\"1371\">\u00a0<a href=\"https:\/\/www2.tornum.com\/sv\/lpts-tjanster-silorengoring\/\"><b>Limpieza de silos<\/b><\/a><\/strong><br data-start=\"1371\" data-end=\"1374\" \/><strong data-start=\"1374\" data-end=\"1381\">LPT<\/strong> realiza limpiezas de silos de forma profesional y segura, en las \u00e9pocas del a\u00f1o m\u00e1s adecuadas para causar la menor interrupci\u00f3n posible en la producci\u00f3n.<\/p>\t\t\t\t\t\t\t\t<\/div>\n\t\t\t\t<\/div>\n\t\t\t\t\t<\/div>\n\t\t<\/div>\n\t\t\t\t\t<\/div>\n\t\t<\/section>\n\t\t\t\t<section class=\"elementor-section elementor-top-section elementor-element elementor-element-1a52413 elementor-section-stretched elementor-section-full_width abt-header elementor-section-height-default elementor-section-height-default\" data-id=\"1a52413\" data-element_type=\"section\" data-settings=\"{&quot;stretch_section&quot;:&quot;section-stretched&quot;,&quot;_ha_eqh_enable&quot;:false}\">\n\t\t\t\t\t\t<div class=\"elementor-container elementor-column-gap-default\">\n\t\t\t\t\t<div class=\"elementor-column elementor-col-50 elementor-top-column elementor-element elementor-element-4a56491 dj-left-con\" data-id=\"4a56491\" data-element_type=\"column\">\n\t\t\t<div class=\"elementor-widget-wrap elementor-element-populated\">\n\t\t\t\t\t\t<div class=\"elementor-element elementor-element-46f4382 elementor-hidden-desktop elementor-hidden-tablet elementor-widget elementor-widget-spacer\" data-id=\"46f4382\" data-element_type=\"widget\" data-widget_type=\"spacer.default\">\n\t\t\t\t<div class=\"elementor-widget-container\">\n\t\t\t\t\t\t\t<div class=\"elementor-spacer\">\n\t\t\t<div class=\"elementor-spacer-inner\"><\/div>\n\t\t<\/div>\n\t\t\t\t\t\t<\/div>\n\t\t\t\t<\/div>\n\t\t\t\t<div class=\"elementor-element elementor-element-8b6f330 elementor-widget elementor-widget-heading\" data-id=\"8b6f330\" data-element_type=\"widget\" data-widget_type=\"heading.default\">\n\t\t\t\t<div class=\"elementor-widget-container\">\n\t\t\t\t\t<h1 class=\"elementor-heading-title elementor-size-default\"><a style=\"color:#224585\">Surtido<\/a><\/h1>\t\t\t\t<\/div>\n\t\t\t\t<\/div>\n\t\t\t\t<div class=\"elementor-element elementor-element-1aafc43 elementor-widget elementor-widget-text-editor\" data-id=\"1aafc43\" data-element_type=\"widget\" data-widget_type=\"text-editor.default\">\n\t\t\t\t<div class=\"elementor-widget-container\">\n\t\t\t\t\t\t\t\t\t<p class=\"p2\" style=\"padding: 0px; margin: 0px 0px 10px; font-family: Poppins, sans-serif; color: #545559; font-size: 16px;\"><span style=\"padding: 0px; margin: 0px; font-weight: bold;\">LPT ofrece desde repuestos individuales hasta elevadores, transportadores y sistemas completos de aspiraci\u00f3n a medida. Todo en la gama de productos puede ser instalado por nuestros montadores experimentados y capacitados.<\/span><\/p><ul class=\"ul1\" style=\"padding: 0px; margin: 0px 0px 10px 20px; list-style-position: initial; list-style-image: initial; font-family: Poppins, sans-serif; color: #545559; font-size: 16px;\"><li class=\"li2\" style=\"padding: 0px; margin: 0px;\"><span class=\"s1\" style=\"padding: 0px; margin: 0px;\"><a style=\"padding: 0px; margin: 0px; color: #224585;\" href=\"https:\/\/www2.tornum.com\/sv\/lpts-produkter\/\"><span class=\"s2\" style=\"padding: 0px; margin: 0px;\"><b style=\"padding: 0px; margin: 0px;\">Tuber\u00edas para cereales y distribuidores<\/b><\/span><\/a><\/span><\/li><li class=\"li2\" style=\"padding: 0px; margin: 0px;\"><span class=\"s1\" style=\"padding: 0px; margin: 0px;\"><a style=\"padding: 0px; margin: 0px; color: #224585;\" href=\"https:\/\/www2.tornum.com\/sv\/lpts-produkter-2\/\"><span class=\"s2\" style=\"padding: 0px; margin: 0px;\"><b style=\"padding: 0px; margin: 0px;\">Elevadores<\/b><\/span><\/a><\/span><\/li><li class=\"li2\" style=\"padding: 0px; margin: 0px;\"><span class=\"s1\" style=\"padding: 0px; margin: 0px;\"><a style=\"padding: 0px; margin: 0px; color: #224585;\" href=\"https:\/\/www2.tornum.com\/sv\/lpts-produkter-3\/\"><span class=\"s2\" style=\"padding: 0px; margin: 0px;\"><b style=\"padding: 0px; margin: 0px;\">Transportadores<\/b><\/span><\/a><\/span><\/li><li class=\"li2\" style=\"padding: 0px; margin: 0px;\"><span class=\"s1\" style=\"padding: 0px; margin: 0px;\"><a style=\"padding: 0px; margin: 0px; color: #224585;\" href=\"https:\/\/www2.tornum.com\/sv\/lpts-produkter-4\/\"><span class=\"s2\" style=\"padding: 0px; margin: 0px;\"><b style=\"padding: 0px; margin: 0px;\">Aspiraci\u00f3n<\/b><\/span><\/a><\/span><\/li><\/ul><p>\u00a0<\/p>\t\t\t\t\t\t\t\t<\/div>\n\t\t\t\t<\/div>\n\t\t\t\t\t<\/div>\n\t\t<\/div>\n\t\t\t\t<div class=\"elementor-column elementor-col-50 elementor-top-column elementor-element elementor-element-6a1367f\" data-id=\"6a1367f\" data-element_type=\"column\" data-settings=\"{&quot;background_background&quot;:&quot;classic&quot;}\">\n\t\t\t<div class=\"elementor-widget-wrap elementor-element-populated\">\n\t\t\t\t\t\t<div class=\"elementor-element elementor-element-13200ac elementor-widget elementor-widget-image\" data-id=\"13200ac\" data-element_type=\"widget\" data-widget_type=\"image.default\">\n\t\t\t\t<div class=\"elementor-widget-container\">\n\t\t\t\t\t\t\t\t\t\t\t\t\t\t\t<img decoding=\"async\" src=\"https:\/\/www.tornum.com\/wp-content\/uploads\/2025\/03\/lpt-jacob-spannmalsror-thumbnails-1.png\" title=\"\" alt=\"\" loading=\"lazy\" \/>\t\t\t\t\t\t\t\t\t\t\t\t\t\t\t<\/div>\n\t\t\t\t<\/div>\n\t\t\t\t\t<\/div>\n\t\t<\/div>\n\t\t\t\t\t<\/div>\n\t\t<\/section>\n\t\t\t\t<section class=\"elementor-section elementor-top-section elementor-element elementor-element-d1140f5 elementor-section-boxed elementor-section-height-default elementor-section-height-default\" data-id=\"d1140f5\" data-element_type=\"section\" data-settings=\"{&quot;_ha_eqh_enable&quot;:false}\">\n\t\t\t\t\t\t<div class=\"elementor-container elementor-column-gap-default\">\n\t\t\t\t\t<div class=\"elementor-column elementor-col-100 elementor-top-column elementor-element elementor-element-15de9c7\" data-id=\"15de9c7\" data-element_type=\"column\">\n\t\t\t<div class=\"elementor-widget-wrap\">\n\t\t\t\t\t\t\t<\/div>\n\t\t<\/div>\n\t\t\t\t\t<\/div>\n\t\t<\/section>\n\t\t\t\t<section class=\"elementor-section elementor-top-section elementor-element elementor-element-64ec0e3 elementor-section-stretched elementor-section-full_width abt-header elementor-section-height-default elementor-section-height-default\" data-id=\"64ec0e3\" data-element_type=\"section\" data-settings=\"{&quot;stretch_section&quot;:&quot;section-stretched&quot;,&quot;_ha_eqh_enable&quot;:false}\">\n\t\t\t\t\t\t<div class=\"elementor-container elementor-column-gap-default\">\n\t\t\t\t\t<div class=\"elementor-column elementor-col-50 elementor-top-column elementor-element elementor-element-5d5b305\" data-id=\"5d5b305\" data-element_type=\"column\" data-settings=\"{&quot;background_background&quot;:&quot;classic&quot;}\">\n\t\t\t<div class=\"elementor-widget-wrap elementor-element-populated\">\n\t\t\t\t\t\t<div class=\"elementor-element elementor-element-af79221 elementor-widget elementor-widget-image\" data-id=\"af79221\" data-element_type=\"widget\" data-widget_type=\"image.default\">\n\t\t\t\t<div class=\"elementor-widget-container\">\n\t\t\t\t\t\t\t\t\t\t\t\t\t\t\t<img decoding=\"async\" width=\"1024\" height=\"640\" src=\"https:\/\/www.tornum.com\/wp-content\/uploads\/2024\/08\/nidera-1024x640-1.jpg\" class=\"attachment-large size-large wp-image-42325\" alt=\"\" srcset=\"https:\/\/www.tornum.com\/wp-content\/uploads\/2024\/08\/nidera-1024x640-1.jpg 1024w, https:\/\/www.tornum.com\/wp-content\/uploads\/2024\/08\/nidera-1024x640-1-300x188.jpg 300w, https:\/\/www.tornum.com\/wp-content\/uploads\/2024\/08\/nidera-1024x640-1-768x480.jpg 768w, https:\/\/www.tornum.com\/wp-content\/uploads\/2024\/08\/nidera-1024x640-1-24x15.jpg 24w, https:\/\/www.tornum.com\/wp-content\/uploads\/2024\/08\/nidera-1024x640-1-36x23.jpg 36w, https:\/\/www.tornum.com\/wp-content\/uploads\/2024\/08\/nidera-1024x640-1-48x30.jpg 48w, https:\/\/www.tornum.com\/wp-content\/uploads\/2024\/08\/nidera-1024x640-1-600x375.jpg 600w\" sizes=\"(max-width: 1024px) 100vw, 1024px\" \/>\t\t\t\t\t\t\t\t\t\t\t\t\t\t\t<\/div>\n\t\t\t\t<\/div>\n\t\t\t\t\t<\/div>\n\t\t<\/div>\n\t\t\t\t<div class=\"elementor-column elementor-col-50 elementor-top-column elementor-element elementor-element-2e59583 dj-left-con\" data-id=\"2e59583\" data-element_type=\"column\">\n\t\t\t<div class=\"elementor-widget-wrap elementor-element-populated\">\n\t\t\t\t\t\t<div class=\"elementor-element elementor-element-9ef6fc3 elementor-widget elementor-widget-heading\" data-id=\"9ef6fc3\" data-element_type=\"widget\" data-widget_type=\"heading.default\">\n\t\t\t\t<div class=\"elementor-widget-container\">\n\t\t\t\t\t<h1 class=\"elementor-heading-title elementor-size-default\"><a style=\"color:#224585\">Referencias<\/a><\/h1>\t\t\t\t<\/div>\n\t\t\t\t<\/div>\n\t\t\t\t<div class=\"elementor-element elementor-element-0734156 elementor-widget elementor-widget-text-editor\" data-id=\"0734156\" data-element_type=\"widget\" data-widget_type=\"text-editor.default\">\n\t\t\t\t<div class=\"elementor-widget-container\">\n\t\t\t\t\t\t\t\t\t<p class=\"p1\" style=\"margin-bottom: 10px;\"><span class=\"s1\"><a href=\"https:\/\/www2.tornum.com\/reference\/lantmannen-energi-kvanum\/\"><span style=\"font-weight: bold;\">Lantm\u00e4nnen Energi Kv\u00e4num<\/span><\/a><\/span><br \/>\u2013 Sistema de extracci\u00f3n de polvo para contenedores de descarga<\/p><p class=\"p1\" style=\"margin-bottom: 10px;\"><span class=\"s1\"><a href=\"https:\/\/www2.tornum.com\/reference\/lantmannen-lidkoping\/\"><span style=\"font-weight: bold;\">Lantm\u00e4nnen Lidk\u00f6ping<\/span><\/a><\/span><br \/>\u2013 Construcci\u00f3n de una nueva terminal de pesaje<br \/>\u2013 Montaje de chimeneas para enfriadores de pellets<br \/>\u2013 Nuevos silenciadores para ventiladores de secado<br \/>\u2013 <a href=\"https:\/\/www2.tornum.com\/sv\/reference\/vakumsystem-for-foderblandningar\/\"><span class=\"s1\">Nuevo sistema de vac\u00edo<\/span><\/a><\/p><p class=\"p1\" style=\"margin-bottom: 10px;\"><span class=\"s1\"><a href=\"https:\/\/www2.tornum.com\/reference\/lantmannen-vasteras\/\"><span style=\"font-weight: bold;\">Lantm\u00e4nnen V\u00e4ster\u00e5s<\/span><\/a><\/span><br \/>\u2013 Nuevos filtros de retenci\u00f3n para enfriadores de pellets<\/p><p class=\"p1\" style=\"margin-bottom: 10px;\"><span class=\"s1\"><a href=\"https:\/\/www2.tornum.com\/reference\/lantmannen-ahus\/\"><span style=\"font-weight: bold;\">Lantm\u00e4nnen \u00c5hus<\/span><\/a><\/span><br \/>\u2013 Filtros de sobrepresi\u00f3n para enfriadores de pellets<\/p><p class=\"p1\"><span class=\"s1\"><a href=\"https:\/\/www2.tornum.com\/reference\/reppe-kvarn-lidkoping\/\"><span style=\"font-weight: bold;\">Reppe Kvarn Lidk\u00f6ping<\/span><\/a><\/span><\/p>\t\t\t\t\t\t\t\t<\/div>\n\t\t\t\t<\/div>\n\t\t\t\t\t<\/div>\n\t\t<\/div>\n\t\t\t\t\t<\/div>\n\t\t<\/section>\n\t\t\t\t<section class=\"elementor-section elementor-top-section elementor-element elementor-element-fb6818a elementor-section-stretched elementor-section-full_width abt-header elementor-section-height-default elementor-section-height-default\" data-id=\"fb6818a\" data-element_type=\"section\" data-settings=\"{&quot;stretch_section&quot;:&quot;section-stretched&quot;,&quot;_ha_eqh_enable&quot;:false}\">\n\t\t\t\t\t\t<div class=\"elementor-container elementor-column-gap-default\">\n\t\t\t\t\t<div class=\"elementor-column elementor-col-50 elementor-top-column elementor-element elementor-element-d0a85a9 dj-left-con\" data-id=\"d0a85a9\" data-element_type=\"column\">\n\t\t\t<div class=\"elementor-widget-wrap elementor-element-populated\">\n\t\t\t\t\t\t<div class=\"elementor-element elementor-element-758380b elementor-hidden-desktop elementor-hidden-tablet elementor-widget elementor-widget-spacer\" data-id=\"758380b\" data-element_type=\"widget\" data-widget_type=\"spacer.default\">\n\t\t\t\t<div class=\"elementor-widget-container\">\n\t\t\t\t\t\t\t<div class=\"elementor-spacer\">\n\t\t\t<div class=\"elementor-spacer-inner\"><\/div>\n\t\t<\/div>\n\t\t\t\t\t\t<\/div>\n\t\t\t\t<\/div>\n\t\t\t\t<div class=\"elementor-element elementor-element-8d3d725 elementor-widget elementor-widget-heading\" data-id=\"8d3d725\" data-element_type=\"widget\" data-widget_type=\"heading.default\">\n\t\t\t\t<div class=\"elementor-widget-container\">\n\t\t\t\t\t<h1 class=\"elementor-heading-title elementor-size-default\"><font color=\"#224585\">Kontact<\/font><\/h1>\t\t\t\t<\/div>\n\t\t\t\t<\/div>\n\t\t\t\t<div class=\"elementor-element elementor-element-5031695 elementor-widget elementor-widget-text-editor\" data-id=\"5031695\" data-element_type=\"widget\" data-widget_type=\"text-editor.default\">\n\t\t\t\t<div class=\"elementor-widget-container\">\n\t\t\t\t\t\t\t\t\t<h5 class=\"p1\">Inge Johansson<br \/>0708-40 16 61<br \/>inge.johansson@lpt.se<\/h5><h5 class=\"p1\">Lidk\u00f6pings Pl\u00e5tteknik AB<br \/>Fabriksgatan 2,<br \/>SE-531 30 Lidk\u00f6ping<\/h5><h5 class=\"p1\">E-post: info@lpt.se<\/h5>\t\t\t\t\t\t\t\t<\/div>\n\t\t\t\t<\/div>\n\t\t\t\t\t<\/div>\n\t\t<\/div>\n\t\t\t\t<div class=\"elementor-column elementor-col-50 elementor-top-column elementor-element elementor-element-792b614\" data-id=\"792b614\" data-element_type=\"column\" data-settings=\"{&quot;background_background&quot;:&quot;classic&quot;}\">\n\t\t\t<div class=\"elementor-widget-wrap elementor-element-populated\">\n\t\t\t\t\t\t<div class=\"elementor-element elementor-element-b740a13 elementor-widget elementor-widget-image\" data-id=\"b740a13\" data-element_type=\"widget\" data-widget_type=\"image.default\">\n\t\t\t\t<div class=\"elementor-widget-container\">\n\t\t\t\t\t\t\t\t\t\t\t\t\t\t\t<img loading=\"lazy\" decoding=\"async\" width=\"637\" height=\"358\" src=\"https:\/\/www.tornum.com\/wp-content\/uploads\/2025\/03\/tornum-lpt-lidkopings-hamn-anlaggning-1.jpg\" class=\"attachment-large size-large wp-image-47096\" alt=\"\" srcset=\"https:\/\/www.tornum.com\/wp-content\/uploads\/2025\/03\/tornum-lpt-lidkopings-hamn-anlaggning-1.jpg 637w, https:\/\/www.tornum.com\/wp-content\/uploads\/2025\/03\/tornum-lpt-lidkopings-hamn-anlaggning-1-300x169.jpg 300w, https:\/\/www.tornum.com\/wp-content\/uploads\/2025\/03\/tornum-lpt-lidkopings-hamn-anlaggning-1-24x13.jpg 24w, https:\/\/www.tornum.com\/wp-content\/uploads\/2025\/03\/tornum-lpt-lidkopings-hamn-anlaggning-1-36x20.jpg 36w, https:\/\/www.tornum.com\/wp-content\/uploads\/2025\/03\/tornum-lpt-lidkopings-hamn-anlaggning-1-48x27.jpg 48w, https:\/\/www.tornum.com\/wp-content\/uploads\/2025\/03\/tornum-lpt-lidkopings-hamn-anlaggning-1-600x337.jpg 600w\" sizes=\"(max-width: 637px) 100vw, 637px\" \/>\t\t\t\t\t\t\t\t\t\t\t\t\t\t\t<\/div>\n\t\t\t\t<\/div>\n\t\t\t\t\t<\/div>\n\t\t<\/div>\n\t\t\t\t\t<\/div>\n\t\t<\/section>\n\t\t\t\t<\/div>\n\t\t","protected":false},"excerpt":{"rendered":"<p>LPT Servicio para la industria m\u00e1s importante del mundo. Desde abril de 2015, Lidk\u00f6pings Pl\u00e5tteknik AB es una filial de propiedad total de Tornum AB en Kv\u00e4num, y constituye un complemento perfecto para la amplia gama de equipos de Tornum para el secado y almacenamiento de cereales. La adquisici\u00f3n de Lidk\u00f6pings Pl\u00e5tteknik forma parte de&hellip;<\/p>\n","protected":false},"author":9,"featured_media":0,"parent":0,"menu_order":0,"comment_status":"closed","ping_status":"closed","template":"elementor_header_footer","meta":{"_acf_changed":false,"footnotes":""},"class_list":["post-47661","page","type-page","status-publish","hentry"],"acf":[],"_links":{"self":[{"href":"https:\/\/www.tornum.com\/es\/wp-json\/wp\/v2\/pages\/47661","targetHints":{"allow":["GET"]}}],"collection":[{"href":"https:\/\/www.tornum.com\/es\/wp-json\/wp\/v2\/pages"}],"about":[{"href":"https:\/\/www.tornum.com\/es\/wp-json\/wp\/v2\/types\/page"}],"author":[{"embeddable":true,"href":"https:\/\/www.tornum.com\/es\/wp-json\/wp\/v2\/users\/9"}],"replies":[{"embeddable":true,"href":"https:\/\/www.tornum.com\/es\/wp-json\/wp\/v2\/comments?post=47661"}],"version-history":[{"count":29,"href":"https:\/\/www.tornum.com\/es\/wp-json\/wp\/v2\/pages\/47661\/revisions"}],"predecessor-version":[{"id":48610,"href":"https:\/\/www.tornum.com\/es\/wp-json\/wp\/v2\/pages\/47661\/revisions\/48610"}],"wp:attachment":[{"href":"https:\/\/www.tornum.com\/es\/wp-json\/wp\/v2\/media?parent=47661"}],"curies":[{"name":"wp","href":"https:\/\/api.w.org\/{rel}","templated":true}]}}