{"id":48466,"date":"2023-09-06T21:55:23","date_gmt":"2023-09-06T21:55:23","guid":{"rendered":"https:\/\/www.tornum.com\/cookies-policy\/"},"modified":"2025-05-22T08:45:08","modified_gmt":"2025-05-22T08:45:08","slug":"cookies-policy","status":"publish","type":"page","link":"https:\/\/www.tornum.com\/es\/cookies-policy\/","title":{"rendered":"Cookies Policy"},"content":{"rendered":"\t\t<div data-elementor-type=\"wp-page\" data-elementor-id=\"48466\" class=\"elementor elementor-48466 elementor-16822\" data-elementor-settings=\"{&quot;ha_cmc_init_switcher&quot;:&quot;no&quot;}\" data-elementor-post-type=\"page\">\n\t\t\t\t\t\t<section class=\"elementor-section elementor-top-section elementor-element elementor-element-abaac7d elementor-section-boxed elementor-section-height-default elementor-section-height-default\" data-id=\"abaac7d\" data-element_type=\"section\" data-settings=\"{&quot;_ha_eqh_enable&quot;:false}\">\n\t\t\t\t\t\t<div class=\"elementor-container elementor-column-gap-default\">\n\t\t\t\t\t<div class=\"elementor-column elementor-col-100 elementor-top-column elementor-element elementor-element-3b05e14\" data-id=\"3b05e14\" data-element_type=\"column\">\n\t\t\t<div class=\"elementor-widget-wrap elementor-element-populated\">\n\t\t\t\t\t\t<div class=\"elementor-element elementor-element-63258a3 elementor-widget elementor-widget-spacer\" data-id=\"63258a3\" data-element_type=\"widget\" data-widget_type=\"spacer.default\">\n\t\t\t\t<div class=\"elementor-widget-container\">\n\t\t\t\t\t\t\t<div class=\"elementor-spacer\">\n\t\t\t<div class=\"elementor-spacer-inner\"><\/div>\n\t\t<\/div>\n\t\t\t\t\t\t<\/div>\n\t\t\t\t<\/div>\n\t\t\t\t\t<\/div>\n\t\t<\/div>\n\t\t\t\t\t<\/div>\n\t\t<\/section>\n\t\t\t\t<section class=\"elementor-section elementor-top-section elementor-element elementor-element-1f696030 elementor-section-boxed elementor-section-height-default elementor-section-height-default\" data-id=\"1f696030\" data-element_type=\"section\" data-settings=\"{&quot;_ha_eqh_enable&quot;:false}\">\n\t\t\t\t\t\t<div class=\"elementor-container elementor-column-gap-default\">\n\t\t\t\t\t<div class=\"elementor-column elementor-col-100 elementor-top-column elementor-element elementor-element-4a74929\" data-id=\"4a74929\" data-element_type=\"column\">\n\t\t\t<div class=\"elementor-widget-wrap elementor-element-populated\">\n\t\t\t\t\t\t<div class=\"elementor-element elementor-element-1f31462b elementor-widget elementor-widget-text-editor\" data-id=\"1f31462b\" data-element_type=\"widget\" data-widget_type=\"text-editor.default\">\n\t\t\t\t<div class=\"elementor-widget-container\">\n\t\t\t\t\t\t\t\t\t<h3><strong>Cookies Policy<\/strong><\/h3>\n<p>Este sitio utiliza cookies, que son peque\u00f1os archivos de texto que se colocan en tu dispositivo para ayudar a que el sitio ofrezca una mejor experiencia de usuario. Por lo general, las cookies se utilizan para recordar las preferencias del usuario, almacenar informaci\u00f3n como los carritos de compra y proporcionar datos de seguimiento an\u00f3nimos a aplicaciones de terceros como Google Analytics. Como norma, las cookies mejorar\u00e1n tu experiencia de navegaci\u00f3n. Sin embargo, si lo prefieres, puedes desactivar las cookies en este sitio y en otros. La forma m\u00e1s efectiva de hacerlo es desactivarlas desde la configuraci\u00f3n de tu navegador. Te sugerimos consultar la secci\u00f3n de Ayuda de tu navegador o visitar el sitio web <a href=\"http:\/\/www.aboutcookies.org\/\" target=\"_blank\" rel=\"noopener noreferrer\">About Cookies,<\/a> que ofrece gu\u00edas para todos los navegadores modernos.     <\/p>\n\t\t\t\t\t\t\t\t<\/div>\n\t\t\t\t<\/div>\n\t\t\t\t<div class=\"elementor-element elementor-element-5e8e5a9 elementor-widget elementor-widget-spacer\" data-id=\"5e8e5a9\" data-element_type=\"widget\" data-widget_type=\"spacer.default\">\n\t\t\t\t<div class=\"elementor-widget-container\">\n\t\t\t\t\t\t\t<div class=\"elementor-spacer\">\n\t\t\t<div class=\"elementor-spacer-inner\"><\/div>\n\t\t<\/div>\n\t\t\t\t\t\t<\/div>\n\t\t\t\t<\/div>\n\t\t\t\t\t<\/div>\n\t\t<\/div>\n\t\t\t\t\t<\/div>\n\t\t<\/section>\n\t\t\t\t<\/div>\n\t\t","protected":false},"excerpt":{"rendered":"<p>Cookies Policy Este sitio utiliza cookies, que son peque\u00f1os archivos de texto que se colocan en tu dispositivo para ayudar a que el sitio ofrezca una mejor experiencia de usuario. Por lo general, las cookies se utilizan para recordar las preferencias del usuario, almacenar informaci\u00f3n como los carritos de compra y proporcionar datos de seguimiento&hellip;<\/p>\n","protected":false},"author":1,"featured_media":0,"parent":0,"menu_order":0,"comment_status":"closed","ping_status":"closed","template":"elementor_header_footer","meta":{"_acf_changed":false,"footnotes":""},"class_list":["post-48466","page","type-page","status-publish","hentry"],"acf":[],"_links":{"self":[{"href":"https:\/\/www.tornum.com\/es\/wp-json\/wp\/v2\/pages\/48466","targetHints":{"allow":["GET"]}}],"collection":[{"href":"https:\/\/www.tornum.com\/es\/wp-json\/wp\/v2\/pages"}],"about":[{"href":"https:\/\/www.tornum.com\/es\/wp-json\/wp\/v2\/types\/page"}],"author":[{"embeddable":true,"href":"https:\/\/www.tornum.com\/es\/wp-json\/wp\/v2\/users\/1"}],"replies":[{"embeddable":true,"href":"https:\/\/www.tornum.com\/es\/wp-json\/wp\/v2\/comments?post=48466"}],"version-history":[{"count":1,"href":"https:\/\/www.tornum.com\/es\/wp-json\/wp\/v2\/pages\/48466\/revisions"}],"predecessor-version":[{"id":48467,"href":"https:\/\/www.tornum.com\/es\/wp-json\/wp\/v2\/pages\/48466\/revisions\/48467"}],"wp:attachment":[{"href":"https:\/\/www.tornum.com\/es\/wp-json\/wp\/v2\/media?parent=48466"}],"curies":[{"name":"wp","href":"https:\/\/api.w.org\/{rel}","templated":true}]}}