{"id":27519,"date":"2023-05-17T13:04:39","date_gmt":"2023-05-17T13:04:39","guid":{"rendered":"https:\/\/www.tornum.com\/product\/alfaflame-bioheating-systems-2\/"},"modified":"2025-07-30T06:30:19","modified_gmt":"2025-07-30T06:30:19","slug":"alfaflame-sistemas-de-calefaccion-biologica","status":"publish","type":"product","link":"https:\/\/www.tornum.com\/es\/producto\/alfaflame-sistemas-de-calefaccion-biologica\/","title":{"rendered":"ALFAFLAME \u2013 SISTEMAS DE CALEFACCI\u00d3N BIOL\u00d3GICA"},"content":{"rendered":"\t\t<div data-elementor-type=\"product-post\" data-elementor-id=\"27519\" class=\"elementor elementor-27519 elementor-11838\" data-elementor-settings=\"{&quot;ha_cmc_init_switcher&quot;:&quot;no&quot;}\" data-elementor-post-type=\"product\">\n\t\t\t\t\t\t<section class=\"elementor-section elementor-top-section elementor-element elementor-element-532b129 elementor-section-boxed elementor-section-height-default elementor-section-height-default\" data-id=\"532b129\" data-element_type=\"section\" data-settings=\"{&quot;_ha_eqh_enable&quot;:false}\">\n\t\t\t\t\t\t<div class=\"elementor-container elementor-column-gap-default\">\n\t\t\t\t\t<div class=\"elementor-column elementor-col-100 elementor-top-column elementor-element elementor-element-67db0c1b\" data-id=\"67db0c1b\" data-element_type=\"column\">\n\t\t\t<div class=\"elementor-widget-wrap elementor-element-populated\">\n\t\t\t\t\t\t<div class=\"elementor-element elementor-element-16129989 elementor-widget elementor-widget-text-editor\" data-id=\"16129989\" data-element_type=\"widget\" data-widget_type=\"text-editor.default\">\n\t\t\t\t<div class=\"elementor-widget-container\">\n\t\t\t\t\t\t\t\t\t<p>La caldera de biomasa AlfaFlame de 800 kW es vers\u00e1til, adecuada para aplicaciones como el secado de granos, uso industrial y calefacci\u00f3n de invernaderos. Opera a niveles de sobrepresi\u00f3n y ofrece la opci\u00f3n de un sistema de dos calderas para uso independiente o en t\u00e1ndem. The furnace is designed to operate at overpressure levels. Additionally, a two-boiler system option allows for the use of the boilers either in tandem or independently.<\/p><\/p>\n\t\t\t\t\t\t\t\t<\/div>\n\t\t\t\t<\/div>\n\t\t\t\t\t<\/div>\n\t\t<\/div>\n\t\t\t\t\t<\/div>\n\t\t<\/section>\n\t\t\t\t<\/div>\n\t\t","protected":false},"excerpt":{"rendered":"<p>La caldera de biomasa AlfaFlame de 800 kW es vers\u00e1til, adecuada para aplicaciones como el secado de granos, uso industrial y calefacci\u00f3n de invernaderos. La caldera de biomasa AlfaFlame de 800 kW es vers\u00e1til, adecuada para aplicaciones como el secado de granos, uso industrial y calefacci\u00f3n de invernaderos.<\/p>\n","protected":false},"featured_media":26721,"comment_status":"open","ping_status":"closed","template":"","meta":{"_acf_changed":false},"product_brand":[],"product_cat":[747,754,755,748,756],"product_tag":[757,758,759,760],"class_list":{"0":"post-27519","1":"product","2":"type-product","3":"status-publish","4":"has-post-thumbnail","6":"product_cat-all-products-es","7":"product_cat-food-2-es","8":"product_cat-grain-es","9":"product_cat-conditioning-es","10":"product_cat-heat-sources-es","11":"product_tag-burner-es","12":"product_tag-dryer-es","13":"product_tag-dryer-tkr-es","14":"product_tag-tecflam-es","16":"first","17":"instock","18":"shipping-taxable","19":"product-type-simple"},"acf":[],"_links":{"self":[{"href":"https:\/\/www.tornum.com\/es\/wp-json\/wp\/v2\/product\/27519","targetHints":{"allow":["GET"]}}],"collection":[{"href":"https:\/\/www.tornum.com\/es\/wp-json\/wp\/v2\/product"}],"about":[{"href":"https:\/\/www.tornum.com\/es\/wp-json\/wp\/v2\/types\/product"}],"replies":[{"embeddable":true,"href":"https:\/\/www.tornum.com\/es\/wp-json\/wp\/v2\/comments?post=27519"}],"version-history":[{"count":8,"href":"https:\/\/www.tornum.com\/es\/wp-json\/wp\/v2\/product\/27519\/revisions"}],"predecessor-version":[{"id":29850,"href":"https:\/\/www.tornum.com\/es\/wp-json\/wp\/v2\/product\/27519\/revisions\/29850"}],"wp:featuredmedia":[{"embeddable":true,"href":"https:\/\/www.tornum.com\/es\/wp-json\/wp\/v2\/media\/26721"}],"wp:attachment":[{"href":"https:\/\/www.tornum.com\/es\/wp-json\/wp\/v2\/media?parent=27519"}],"wp:term":[{"taxonomy":"product_brand","embeddable":true,"href":"https:\/\/www.tornum.com\/es\/wp-json\/wp\/v2\/product_brand?post=27519"},{"taxonomy":"product_cat","embeddable":true,"href":"https:\/\/www.tornum.com\/es\/wp-json\/wp\/v2\/product_cat?post=27519"},{"taxonomy":"product_tag","embeddable":true,"href":"https:\/\/www.tornum.com\/es\/wp-json\/wp\/v2\/product_tag?post=27519"}],"curies":[{"name":"wp","href":"https:\/\/api.w.org\/{rel}","templated":true}]}}