{"id":27521,"date":"2023-05-14T21:39:02","date_gmt":"2023-05-14T21:39:02","guid":{"rendered":"https:\/\/www.tornum.com\/product\/aspiration-filtersystem\/"},"modified":"2025-07-30T06:57:42","modified_gmt":"2025-07-30T06:57:42","slug":"sistema-de-aspiracion-filtrado","status":"publish","type":"product","link":"https:\/\/www.tornum.com\/es\/producto\/sistema-de-aspiracion-filtrado\/","title":{"rendered":"SISTEMA DE ASPIRACI\u00d3N \/ FILTRADO"},"content":{"rendered":"<div class=\"wpb-content-wrapper\"><p>[vc_row][vc_column width=\u00bb2\/3&#8243;][vc_column_text]Los sistemas de aspiraci\u00f3n de Tornum est\u00e1n dise\u00f1ados para fosas de recepci\u00f3n y equipos de transporte. La creaci\u00f3n de un vac\u00edo en el sistema evita que el aire polvoriento se filtre hacia el medio ambiente.<\/p>\n<p>Tornum dise\u00f1a soluciones personalizadas para satisfacer las demandas de clientes individuales. Nuestro equipo minimiza la dispersi\u00f3n del polvo y optimiza el ambiente de trabajo.<\/p>\n<p>La capacidad del filtro depende de varios par\u00e1metros.[\/vc_column_text][\/vc_column][vc_column width=\u00bb1\/3&#8243;][vc_column_text]<strong>Los factores m\u00e1s importantes son:<\/strong><\/p>\n<ul>\n<li>Tipo de producto<\/li>\n<li>Carga del producto<\/li>\n<li>Aplicaci\u00f3n<\/li>\n<li>Entorno (temperatura y humedad del aire)<\/li>\n<li>Material del filtro<\/li>\n<li>Dise\u00f1o del filtro<\/li>\n<\/ul>\n<p>[\/vc_column_text][\/vc_column][\/vc_row]<\/p>\n<\/div>","protected":false},"excerpt":{"rendered":"<div class=\"flex flex-grow flex-col gap-3 max-w-full\">\n<div class=\"min-h-[20px] flex flex-col items-start gap-3 overflow-x-auto whitespace-pre-wrap break-words\">\n<div class=\"markdown prose w-full break-words dark:prose-invert light\">\n<p>Tornum ofrece sistemas de aspiraci\u00f3n dise\u00f1ados a medida para fosas de recepci\u00f3n y equipos de transporte, garantizando la contenci\u00f3n del polvo y evitando su liberaci\u00f3n en el entorno mediante la creaci\u00f3n de un vac\u00edo dentro del sistema. Estas soluciones personalizadas est\u00e1n dise\u00f1adas para cumplir con los requisitos espec\u00edficos del cliente, minimizando eficazmente la dispersi\u00f3n del polvo y mejorando el ambiente de trabajo en general.<\/p>\n<\/div>\n<\/div>\n<\/div>\n","protected":false},"featured_media":26645,"comment_status":"open","ping_status":"closed","template":"","meta":{"_acf_changed":false},"product_brand":[],"product_cat":[747,762,754,755,763,765],"product_tag":[766,768,752,769],"class_list":{"0":"post-27521","1":"product","2":"type-product","3":"status-publish","4":"has-post-thumbnail","6":"product_cat-all-products-es","7":"product_cat-feed-es","8":"product_cat-food-2-es","9":"product_cat-grain-es","10":"product_cat-material-handling-es","11":"product_cat-dust-separation-es","12":"product_tag-conditioning-es","13":"product_tag-dust-es","14":"product_tag-fan-es","15":"product_tag-separation-es","16":"description-off","18":"first","19":"instock","20":"shipping-taxable","21":"product-type-simple"},"acf":[],"_links":{"self":[{"href":"https:\/\/www.tornum.com\/es\/wp-json\/wp\/v2\/product\/27521","targetHints":{"allow":["GET"]}}],"collection":[{"href":"https:\/\/www.tornum.com\/es\/wp-json\/wp\/v2\/product"}],"about":[{"href":"https:\/\/www.tornum.com\/es\/wp-json\/wp\/v2\/types\/product"}],"replies":[{"embeddable":true,"href":"https:\/\/www.tornum.com\/es\/wp-json\/wp\/v2\/comments?post=27521"}],"version-history":[{"count":4,"href":"https:\/\/www.tornum.com\/es\/wp-json\/wp\/v2\/product\/27521\/revisions"}],"predecessor-version":[{"id":29975,"href":"https:\/\/www.tornum.com\/es\/wp-json\/wp\/v2\/product\/27521\/revisions\/29975"}],"wp:featuredmedia":[{"embeddable":true,"href":"https:\/\/www.tornum.com\/es\/wp-json\/wp\/v2\/media\/26645"}],"wp:attachment":[{"href":"https:\/\/www.tornum.com\/es\/wp-json\/wp\/v2\/media?parent=27521"}],"wp:term":[{"taxonomy":"product_brand","embeddable":true,"href":"https:\/\/www.tornum.com\/es\/wp-json\/wp\/v2\/product_brand?post=27521"},{"taxonomy":"product_cat","embeddable":true,"href":"https:\/\/www.tornum.com\/es\/wp-json\/wp\/v2\/product_cat?post=27521"},{"taxonomy":"product_tag","embeddable":true,"href":"https:\/\/www.tornum.com\/es\/wp-json\/wp\/v2\/product_tag?post=27521"}],"curies":[{"name":"wp","href":"https:\/\/api.w.org\/{rel}","templated":true}]}}