{"id":27598,"date":"2023-04-03T11:57:24","date_gmt":"2023-04-03T11:57:24","guid":{"rendered":"https:\/\/www.tornum.com\/product\/axial-fan\/"},"modified":"2025-07-14T09:13:33","modified_gmt":"2025-07-14T09:13:33","slug":"ventilador-axial","status":"publish","type":"product","link":"https:\/\/www.tornum.com\/es\/producto\/ventilador-axial\/","title":{"rendered":"VENTILADOR AXIAL"},"content":{"rendered":"<div class=\"wpb-content-wrapper\"><p>[vc_row gap=\u00bb35&#8243;][vc_column width=\u00bb2\/3&#8243;][vc_column_text]Los ventiladores axiales de Tornum se utilizan principalmente como ventiladores de succi\u00f3n en secaderos continuos, pero tambi\u00e9n pueden usarse como ventiladores de acondicionamiento en nuestros contenedores de acondicionamiento LT. El chasis est\u00e1 fabricado en chapa de acero galvanizado en caliente y est\u00e1 disponible en tres di\u00e1metros: 500 mm, 630 mm y 1130 mm, con una variedad de potencias entre 2,2 y 22 kW. Cuando se instalan en un secadero, recomendamos agregar un silenciador para reducir los niveles de ruido externo.[\/vc_column_text][\/vc_column][vc_column width=\u00bb1\/3&#8243;][vc_column_text]<strong>CARACTER\u00cdSTICAS<\/strong><\/p>\n<ul>\n<li>El chasis del ventilador est\u00e1 galvanizado en caliente para una excelente protecci\u00f3n contra la corrosi\u00f3n.<\/li>\n<li>Los amortiguadores del ventilador est\u00e1n disponibles como accesorios. El dise\u00f1o de doble amortiguador garantiza un mejor rendimiento que los dise\u00f1os convencionales.<\/li>\n<li>Las aspas del impulsor est\u00e1n balanceados est\u00e1tica y din\u00e1micamente.<\/li>\n<li>Los tama\u00f1os de \u00d8 500 mm y \u00d8 630 mm tienen aspas de aluminio fundido en una sola pieza, mientras que el tama\u00f1o de \u00d8 1130 mm tiene aspas de pl\u00e1stico en un cubo de aluminio.<\/li>\n<\/ul>\n<p>[\/vc_column_text][\/vc_column][\/vc_row]<\/p>\n<\/div>","protected":false},"excerpt":{"rendered":"<p>Los ventiladores axiales de Tornum funcionan como ventiladores de succi\u00f3n en secadores continuos y tambi\u00e9n pueden funcionar como ventiladores de acondicionamiento en contenedores de acondicionamiento LT. Est\u00e1n disponibles en tres di\u00e1metros (500 mm, 630 mm y 1130 mm), con potencias que van desde 2,2 kW hasta 22 kW.<\/p>\n","protected":false},"featured_media":26416,"comment_status":"open","ping_status":"closed","template":"","meta":{"_acf_changed":false},"product_brand":[],"product_cat":[747,755,748,773],"product_tag":[750,766,758,752],"class_list":{"0":"post-27598","1":"product","2":"type-product","3":"status-publish","4":"has-post-thumbnail","6":"product_cat-all-products-es","7":"product_cat-grain-es","8":"product_cat-conditioning-es","9":"product_cat-axial-fan-es","10":"product_tag-axial-es","11":"product_tag-conditioning-es","12":"product_tag-dryer-es","13":"product_tag-fan-es","14":"pa_products-type-grain-es","15":"description-off","17":"first","18":"instock","19":"shipping-taxable","20":"product-type-simple"},"acf":[],"_links":{"self":[{"href":"https:\/\/www.tornum.com\/es\/wp-json\/wp\/v2\/product\/27598","targetHints":{"allow":["GET"]}}],"collection":[{"href":"https:\/\/www.tornum.com\/es\/wp-json\/wp\/v2\/product"}],"about":[{"href":"https:\/\/www.tornum.com\/es\/wp-json\/wp\/v2\/types\/product"}],"replies":[{"embeddable":true,"href":"https:\/\/www.tornum.com\/es\/wp-json\/wp\/v2\/comments?post=27598"}],"version-history":[{"count":2,"href":"https:\/\/www.tornum.com\/es\/wp-json\/wp\/v2\/product\/27598\/revisions"}],"predecessor-version":[{"id":27605,"href":"https:\/\/www.tornum.com\/es\/wp-json\/wp\/v2\/product\/27598\/revisions\/27605"}],"wp:featuredmedia":[{"embeddable":true,"href":"https:\/\/www.tornum.com\/es\/wp-json\/wp\/v2\/media\/26416"}],"wp:attachment":[{"href":"https:\/\/www.tornum.com\/es\/wp-json\/wp\/v2\/media?parent=27598"}],"wp:term":[{"taxonomy":"product_brand","embeddable":true,"href":"https:\/\/www.tornum.com\/es\/wp-json\/wp\/v2\/product_brand?post=27598"},{"taxonomy":"product_cat","embeddable":true,"href":"https:\/\/www.tornum.com\/es\/wp-json\/wp\/v2\/product_cat?post=27598"},{"taxonomy":"product_tag","embeddable":true,"href":"https:\/\/www.tornum.com\/es\/wp-json\/wp\/v2\/product_tag?post=27598"}],"curies":[{"name":"wp","href":"https:\/\/api.w.org\/{rel}","templated":true}]}}