{"id":27599,"date":"2023-05-04T09:40:05","date_gmt":"2023-05-04T09:40:05","guid":{"rendered":"https:\/\/www.tornum.com\/product\/batch-dryer-ts\/"},"modified":"2025-07-11T09:19:05","modified_gmt":"2025-07-11T09:19:05","slug":"secadero-de-lotes-ts","status":"publish","type":"product","link":"https:\/\/www.tornum.com\/es\/producto\/secadero-de-lotes-ts\/","title":{"rendered":"SECADERO DE LOTES TS"},"content":{"rendered":"<div class=\"wpb-content-wrapper\"><p>[vc_row][vc_column width=\u00bb2\/3&#8243;][vc_column_text]El Secador de Lotes TS de Tornum puede adaptarse a diferentes requisitos de capacidad y est\u00e1 equipado con persianas ajustables para secar lotes m\u00e1s peque\u00f1os.<\/p>\n<p>Hay una secci\u00f3n de descarga entre las secciones del secadero y la tolva de descarga, lo que permite recircular el lote sin tener que vaciar toda la unidad. Esto ayuda a garantizar un secado uniforme, un producto final de alta calidad y una buen ahorro de calefacci\u00f3n.<\/p>\n<p>Todos nuestros secaderos de granos est\u00e1n hechos de acero galvanizado en caliente.[\/vc_column_text][\/vc_column][vc_column width=\u00bb1\/3&#8243;][vc_column_text]<strong>INCLUYE<\/strong><\/p>\n<ul>\n<li>Indicador de nivel<\/li>\n<li>Conducto de aire h\u00famedo<\/li>\n<li>Secci\u00f3n de descarga<\/li>\n<li>Zona de amortiguaci\u00f3n<\/li>\n<\/ul>\n<p><strong>OPCIONES<\/strong><\/p>\n<ul>\n<li>Sistema de detecci\u00f3n de incendios<\/li>\n<li>Escaleras y plataformas<\/li>\n<li>Aumento en la zona de amortiguaci\u00f3n<\/li>\n<li>Control: contenido de humedad o temperatura<\/li>\n<li>Descarga: intervalo<\/li>\n<\/ul>\n<p>[\/vc_column_text][\/vc_column][\/vc_row]<\/p>\n<\/div>","protected":false},"excerpt":{"rendered":"<p>El Secador de Lotes TS de Tornum es personalizable para diversas necesidades de capacidad y cuenta con persianas ajustables para secar lotes m\u00e1s peque\u00f1os.<\/p>\n","protected":false},"featured_media":26766,"comment_status":"open","ping_status":"closed","template":"","meta":{"_acf_changed":false},"product_brand":[],"product_cat":[747,755,775],"product_tag":[758,776,759,777],"class_list":{"0":"post-27599","1":"product","2":"type-product","3":"status-publish","4":"has-post-thumbnail","6":"product_cat-all-products-es","7":"product_cat-grain-es","8":"product_cat-grain-dryers-es","9":"product_tag-dryer-es","10":"product_tag-dryer-tk-es","11":"product_tag-dryer-tkr-es","12":"product_tag-hr-es","13":"description-off","15":"first","16":"instock","17":"shipping-taxable","18":"product-type-simple"},"acf":[],"_links":{"self":[{"href":"https:\/\/www.tornum.com\/es\/wp-json\/wp\/v2\/product\/27599","targetHints":{"allow":["GET"]}}],"collection":[{"href":"https:\/\/www.tornum.com\/es\/wp-json\/wp\/v2\/product"}],"about":[{"href":"https:\/\/www.tornum.com\/es\/wp-json\/wp\/v2\/types\/product"}],"replies":[{"embeddable":true,"href":"https:\/\/www.tornum.com\/es\/wp-json\/wp\/v2\/comments?post=27599"}],"version-history":[{"count":2,"href":"https:\/\/www.tornum.com\/es\/wp-json\/wp\/v2\/product\/27599\/revisions"}],"predecessor-version":[{"id":27607,"href":"https:\/\/www.tornum.com\/es\/wp-json\/wp\/v2\/product\/27599\/revisions\/27607"}],"wp:featuredmedia":[{"embeddable":true,"href":"https:\/\/www.tornum.com\/es\/wp-json\/wp\/v2\/media\/26766"}],"wp:attachment":[{"href":"https:\/\/www.tornum.com\/es\/wp-json\/wp\/v2\/media?parent=27599"}],"wp:term":[{"taxonomy":"product_brand","embeddable":true,"href":"https:\/\/www.tornum.com\/es\/wp-json\/wp\/v2\/product_brand?post=27599"},{"taxonomy":"product_cat","embeddable":true,"href":"https:\/\/www.tornum.com\/es\/wp-json\/wp\/v2\/product_cat?post=27599"},{"taxonomy":"product_tag","embeddable":true,"href":"https:\/\/www.tornum.com\/es\/wp-json\/wp\/v2\/product_tag?post=27599"}],"curies":[{"name":"wp","href":"https:\/\/api.w.org\/{rel}","templated":true}]}}