{"id":27600,"date":"2023-05-14T20:21:14","date_gmt":"2023-05-14T20:21:14","guid":{"rendered":"https:\/\/www.tornum.com\/product\/belt-conveyor-bti\/"},"modified":"2025-07-14T08:56:18","modified_gmt":"2025-07-14T08:56:18","slug":"transportador-de-banda-bti","status":"publish","type":"product","link":"https:\/\/www.tornum.com\/es\/producto\/transportador-de-banda-bti\/","title":{"rendered":"TRANSPORTADOR DE BANDA BTI"},"content":{"rendered":"<p><strong>MEJOR TRANSPORTE<br \/>\n<\/strong>Tanto el ancho de banda como el ancho del rodillo y del tambor est\u00e1n estandarizados seg\u00fan la normativa ISO y se ajustan de acuerdo con las mejores pr\u00e1cticas en relaci\u00f3n con la capacidad. El grano tiene mucho espacio y la banda tiene un buen desplazamiento lateral. Naturalmente, la velocidad de la banda tambi\u00e9n se ajusta seg\u00fan las mejores pr\u00e1cticas, y adem\u00e1s, los transportadores que tienen 20 metros de longitud o m\u00e1s est\u00e1n equipados con conjuntos de rodillos gu\u00eda que aseguran que el control de la banda se mejore en la secci\u00f3n de retorno. Adem\u00e1s, el cargador centrado est\u00e1 sellado con una tira de PUR. En otras palabras, no hay derrames y el transporte del grano es m\u00e1s estable.<\/p>\n<p><strong>AJUSTE M\u00c1S SENCILLO<\/strong><\/p>\n<p>El extremo de cola tiene un generoso recorrido de ajuste que reduce la necesidad de revulcanizar la banda despu\u00e9s de un per\u00edodo de estiramiento. Adem\u00e1s, el ancho del rodillo hace que el transportador sea menos sensible a la precisi\u00f3n en la vulcanizaci\u00f3n en s\u00ed misma. Los conjuntos de rodillos portadores centran la banda mediante un alineamiento desplazado y la posici\u00f3n de ambos rodillos portadores puede ajustarse individualmente para configuraciones de desplazamiento de banda m\u00e1s precisas, y para ajustar el alineamiento desplazado para operaci\u00f3n reversible.<\/p>\n<p><strong>MONTAJE SENCILLO<\/strong><\/p>\n<p>Como siempre, nos hemos asegurado de que el montaje sea sencillo y sin problemas. Al igual que todos los productos de Skandia Elevator, el BTI forma parte de un sistema modular. Esto facilita el montaje y la adaptaci\u00f3n gracias a procesos controlados y un buen ajuste. El montaje sencillo, junto con nuestra ingenier\u00eda de producci\u00f3n, ayuda a crear una m\u00e1quina m\u00e1s recta y estable desde el principio, algo que ha sido muy demandado en el mercado.<\/p>\n<p><strong>FLEXIBLE<\/strong><\/p>\n<p>El BTI est\u00e1 dise\u00f1ado para todos los entornos e instalaciones concebibles, tanto al aire libre como en interiores. La longitud autoportante es de hasta 6 metros. El BTI est\u00e1 disponible en tres modelos diferentes y cada modelo tiene dos capacidades diferentes. Por lo tanto, independientemente del tama\u00f1o, cada instalaci\u00f3n puede tener un transportador de banda que se ajuste perfectamente y no consuma m\u00e1s energ\u00eda de la necesaria.<\/p>\n<p><strong>CALIDAD INSUPERABLE<\/strong><\/p>\n<p>El elevador Skandia nunca compromete la calidad. Solo se utilizan los mejores materiales y componentes. Esto conduce a un funcionamiento m\u00e1s fiable, una vida \u00fatil prolongada y menores costes de reparaci\u00f3n.<\/p>\n","protected":false},"excerpt":{"rendered":"<p>El transportador de banda BTI de Skandia est\u00e1 dise\u00f1ado para el transporte eficiente y fiable de granos, con especial \u00e9nfasis en prevenir derrames. Ofrece ajuste y montaje simplificados, reduciendo la necesidad de revulcanizaci\u00f3n de la banda y asegurando una m\u00e1quina m\u00e1s recta y estable, mientras que su flexibilidad permite su uso en diversos entornos e instalaciones.<\/p>\n","protected":false},"featured_media":26606,"comment_status":"open","ping_status":"closed","template":"","meta":{"_acf_changed":false},"product_brand":[],"product_cat":[747,762,754,755,763,778],"product_tag":[779,780,758,781],"class_list":{"0":"post-27600","1":"product","2":"type-product","3":"status-publish","4":"has-post-thumbnail","6":"product_cat-all-products-es","7":"product_cat-feed-es","8":"product_cat-food-2-es","9":"product_cat-grain-es","10":"product_cat-material-handling-es","11":"product_cat-belt-conveyors-es","12":"product_tag-bin-es","13":"product_tag-conveyor-es","14":"product_tag-dryer-es","15":"product_tag-transport-es","16":"description-off","18":"first","19":"instock","20":"shipping-taxable","21":"product-type-simple"},"acf":[],"_links":{"self":[{"href":"https:\/\/www.tornum.com\/es\/wp-json\/wp\/v2\/product\/27600","targetHints":{"allow":["GET"]}}],"collection":[{"href":"https:\/\/www.tornum.com\/es\/wp-json\/wp\/v2\/product"}],"about":[{"href":"https:\/\/www.tornum.com\/es\/wp-json\/wp\/v2\/types\/product"}],"replies":[{"embeddable":true,"href":"https:\/\/www.tornum.com\/es\/wp-json\/wp\/v2\/comments?post=27600"}],"version-history":[{"count":2,"href":"https:\/\/www.tornum.com\/es\/wp-json\/wp\/v2\/product\/27600\/revisions"}],"predecessor-version":[{"id":27609,"href":"https:\/\/www.tornum.com\/es\/wp-json\/wp\/v2\/product\/27600\/revisions\/27609"}],"wp:featuredmedia":[{"embeddable":true,"href":"https:\/\/www.tornum.com\/es\/wp-json\/wp\/v2\/media\/26606"}],"wp:attachment":[{"href":"https:\/\/www.tornum.com\/es\/wp-json\/wp\/v2\/media?parent=27600"}],"wp:term":[{"taxonomy":"product_brand","embeddable":true,"href":"https:\/\/www.tornum.com\/es\/wp-json\/wp\/v2\/product_brand?post=27600"},{"taxonomy":"product_cat","embeddable":true,"href":"https:\/\/www.tornum.com\/es\/wp-json\/wp\/v2\/product_cat?post=27600"},{"taxonomy":"product_tag","embeddable":true,"href":"https:\/\/www.tornum.com\/es\/wp-json\/wp\/v2\/product_tag?post=27600"}],"curies":[{"name":"wp","href":"https:\/\/api.w.org\/{rel}","templated":true}]}}