{"id":27601,"date":"2023-05-14T20:23:45","date_gmt":"2023-05-14T20:23:45","guid":{"rendered":"https:\/\/www.tornum.com\/product\/belt-conveyor-jema\/"},"modified":"2025-07-30T07:23:40","modified_gmt":"2025-07-30T07:23:40","slug":"transportador-de-banda-jema","status":"publish","type":"product","link":"https:\/\/www.tornum.com\/es\/producto\/transportador-de-banda-jema\/","title":{"rendered":"TRANSPORTADOR DE BANDA JEMA"},"content":{"rendered":"<div class=\"wpb-content-wrapper\"><p>[vc_row][vc_column width=\u00bb2\/3&#8243;][vc_column_text]Tornum ofrece transportadores de banda, principalmente dise\u00f1ados para su uso en plantas de granos y aceites. Vienen en forma modular y est\u00e1n fabricados en acero galvanizado por inmersi\u00f3n en caliente. Los rodillos transportadores angulados proporcionan un transporte seguro y eficiente en energ\u00eda.<\/p>\n<p>Los transportadores de banda de Tornum est\u00e1n disponibles en longitudes de hasta 100 metros, con capacidades de 60 a 300 toneladas por hora. Est\u00e1n disponibles para operaci\u00f3n reversible y\/o inclinada. Las bandas resistentes al aceite se incluyen como equipamiento est\u00e1ndar.[\/vc_column_text][\/vc_column][vc_column width=\u00bb1\/3&#8243;][vc_column_text]<strong>OPCIONES<\/strong><\/p>\n<ul>\n<li>Carro de descarga manual o motorizado con distribuidor incorporado<\/li>\n<li>Protecci\u00f3n contra el clima para ubicaci\u00f3n al aire libre<\/li>\n<li>Varios tipos de tolvas de entrada y salida<\/li>\n<\/ul>\n<p>[\/vc_column_text][\/vc_column][\/vc_row]<\/p>\n<\/div>","protected":false},"excerpt":{"rendered":"<div class=\"flex flex-grow flex-col gap-3 max-w-full\">\n<div class=\"min-h-[20px] flex flex-col items-start gap-3 overflow-x-auto whitespace-pre-wrap break-words\">\n<div class=\"markdown prose w-full break-words dark:prose-invert light\">\n<p>Tornum ofrece transportadores de banda modulares fabricados en acero galvanizado por inmersi\u00f3n en caliente, dise\u00f1ados principalmente para su uso en plantas de granos y aceites. Los transportadores de banda ofrecen un transporte seguro y eficiente en energ\u00eda, con rodillos transportadores angulados y flexibilidad en longitudes de hasta 100 metros, y capacidades que van desde 60 hasta 300 toneladas por hora.<\/p>\n<\/div>\n<\/div>\n<\/div>\n","protected":false},"featured_media":26608,"comment_status":"open","ping_status":"closed","template":"","meta":{"_acf_changed":false},"product_brand":[],"product_cat":[747,762,754,755,763,778],"product_tag":[779,780,758,781],"class_list":{"0":"post-27601","1":"product","2":"type-product","3":"status-publish","4":"has-post-thumbnail","6":"product_cat-all-products-es","7":"product_cat-feed-es","8":"product_cat-food-2-es","9":"product_cat-grain-es","10":"product_cat-material-handling-es","11":"product_cat-belt-conveyors-es","12":"product_tag-bin-es","13":"product_tag-conveyor-es","14":"product_tag-dryer-es","15":"product_tag-transport-es","16":"description-off","18":"first","19":"instock","20":"shipping-taxable","21":"product-type-simple"},"acf":[],"_links":{"self":[{"href":"https:\/\/www.tornum.com\/es\/wp-json\/wp\/v2\/product\/27601","targetHints":{"allow":["GET"]}}],"collection":[{"href":"https:\/\/www.tornum.com\/es\/wp-json\/wp\/v2\/product"}],"about":[{"href":"https:\/\/www.tornum.com\/es\/wp-json\/wp\/v2\/types\/product"}],"replies":[{"embeddable":true,"href":"https:\/\/www.tornum.com\/es\/wp-json\/wp\/v2\/comments?post=27601"}],"version-history":[{"count":2,"href":"https:\/\/www.tornum.com\/es\/wp-json\/wp\/v2\/product\/27601\/revisions"}],"predecessor-version":[{"id":27611,"href":"https:\/\/www.tornum.com\/es\/wp-json\/wp\/v2\/product\/27601\/revisions\/27611"}],"wp:featuredmedia":[{"embeddable":true,"href":"https:\/\/www.tornum.com\/es\/wp-json\/wp\/v2\/media\/26608"}],"wp:attachment":[{"href":"https:\/\/www.tornum.com\/es\/wp-json\/wp\/v2\/media?parent=27601"}],"wp:term":[{"taxonomy":"product_brand","embeddable":true,"href":"https:\/\/www.tornum.com\/es\/wp-json\/wp\/v2\/product_brand?post=27601"},{"taxonomy":"product_cat","embeddable":true,"href":"https:\/\/www.tornum.com\/es\/wp-json\/wp\/v2\/product_cat?post=27601"},{"taxonomy":"product_tag","embeddable":true,"href":"https:\/\/www.tornum.com\/es\/wp-json\/wp\/v2\/product_tag?post=27601"}],"curies":[{"name":"wp","href":"https:\/\/api.w.org\/{rel}","templated":true}]}}