{"id":27612,"date":"2023-04-03T12:49:18","date_gmt":"2023-04-03T12:49:18","guid":{"rendered":"https:\/\/www.tornum.com\/product\/bucket-and-chain-elevator-pits\/"},"modified":"2025-07-30T07:32:05","modified_gmt":"2025-07-30T07:32:05","slug":"fosos-para-elevadores-de-cadena-y-cangilones","status":"publish","type":"product","link":"https:\/\/www.tornum.com\/es\/producto\/fosos-para-elevadores-de-cadena-y-cangilones\/","title":{"rendered":"FOSOS PARA ELEVADORES DE CADENA Y CANGILONES"},"content":{"rendered":"<div class=\"wpb-content-wrapper\"><p>[vc_row gap=\u00bb35&#8243;][vc_column width=\u00bb1\/2&#8243;][vc_column_text]Los fosos para elevadores de cadena y cangilones de Tornum son de auto-descarga. La funci\u00f3n se basa en que la secci\u00f3n receptora se vac\u00eda hacia el elevador por gravedad. Ambos son adecuados para incrustarse permanentemente en una base de cemento. La gran profundidad del foso del elevador de cangilones suele ser una ventaja, ya que el efecto de ca\u00edda natural tambi\u00e9n se puede aprovechar desde los silos y el secadero hasta el elevador. La secci\u00f3n receptora del foso del elevador de cadena puede cerrarse con una compuerta para que el elevador pueda usarse para vaciar el secador.[\/vc_column_text][\/vc_column][vc_column width=\u00bb1\/2&#8243;][vc_column_text]<strong>CARACTER\u00cdSTICAS<\/strong><\/p>\n<ul>\n<li>Capa superior de pintura anticorrosiva para una buena protecci\u00f3n<\/li>\n<li>Equipado con vigas de rodamiento robustas para rieles de rodadura<\/li>\n<li>El foso tiene un interior liso para una buena higiene y una limpieza m\u00ednima<\/li>\n<li>La secci\u00f3n del elevador puede ser cubierta<\/li>\n<\/ul>\n<p><strong>OPCIONES<\/strong><\/p>\n<ul>\n<li>Rejillas de carga<\/li>\n<li>Protecci\u00f3n lateral para el foso de recepci\u00f3n<\/li>\n<li>Indicador de nivel<\/li>\n<\/ul>\n<p>[\/vc_column_text][\/vc_column][\/vc_row]<\/p>\n<\/div>","protected":false},"excerpt":{"rendered":"<p>Los fosos para elevadores de cadena y cangilones de auto-descarga de Tornum utilizan la gravedad para vaciar la secci\u00f3n receptora, lo que los hace ideales para instalaciones permanentes en bases de cemento.<\/p>\n","protected":false},"featured_media":26422,"comment_status":"open","ping_status":"closed","template":"","meta":{"_acf_changed":false},"product_brand":[],"product_cat":[747,762,754,755,763,787,788],"product_tag":[789,790,758,791],"class_list":{"0":"post-27612","1":"product","2":"type-product","3":"status-publish","4":"has-post-thumbnail","6":"product_cat-all-products-es","7":"product_cat-feed-es","8":"product_cat-food-2-es","9":"product_cat-grain-es","10":"product_cat-material-handling-es","11":"product_cat-intake-pit-es","12":"product_cat-intake-pit-storage-es","13":"product_tag-bucket-es","14":"product_tag-chain-es","15":"product_tag-dryer-es","16":"product_tag-elevator-es","17":"pa_products-type-feed-es","18":"description-off","20":"first","21":"instock","22":"shipping-taxable","23":"product-type-simple"},"acf":[],"_links":{"self":[{"href":"https:\/\/www.tornum.com\/es\/wp-json\/wp\/v2\/product\/27612","targetHints":{"allow":["GET"]}}],"collection":[{"href":"https:\/\/www.tornum.com\/es\/wp-json\/wp\/v2\/product"}],"about":[{"href":"https:\/\/www.tornum.com\/es\/wp-json\/wp\/v2\/types\/product"}],"replies":[{"embeddable":true,"href":"https:\/\/www.tornum.com\/es\/wp-json\/wp\/v2\/comments?post=27612"}],"version-history":[{"count":2,"href":"https:\/\/www.tornum.com\/es\/wp-json\/wp\/v2\/product\/27612\/revisions"}],"predecessor-version":[{"id":27621,"href":"https:\/\/www.tornum.com\/es\/wp-json\/wp\/v2\/product\/27612\/revisions\/27621"}],"wp:featuredmedia":[{"embeddable":true,"href":"https:\/\/www.tornum.com\/es\/wp-json\/wp\/v2\/media\/26422"}],"wp:attachment":[{"href":"https:\/\/www.tornum.com\/es\/wp-json\/wp\/v2\/media?parent=27612"}],"wp:term":[{"taxonomy":"product_brand","embeddable":true,"href":"https:\/\/www.tornum.com\/es\/wp-json\/wp\/v2\/product_brand?post=27612"},{"taxonomy":"product_cat","embeddable":true,"href":"https:\/\/www.tornum.com\/es\/wp-json\/wp\/v2\/product_cat?post=27612"},{"taxonomy":"product_tag","embeddable":true,"href":"https:\/\/www.tornum.com\/es\/wp-json\/wp\/v2\/product_tag?post=27612"}],"curies":[{"name":"wp","href":"https:\/\/api.w.org\/{rel}","templated":true}]}}