{"id":27613,"date":"2023-01-29T20:07:08","date_gmt":"2023-01-29T20:07:08","guid":{"rendered":"https:\/\/www.tornum.com\/product\/buhler-grainplus-laga\/"},"modified":"2025-07-30T08:07:30","modified_gmt":"2025-07-30T08:07:30","slug":"buhler-grainplus-laga","status":"publish","type":"product","link":"https:\/\/www.tornum.com\/es\/producto\/buhler-grainplus-laga\/","title":{"rendered":"B\u00dcHLER GRAINPLUS\u2122 \u2013 LAGA"},"content":{"rendered":"<div class=\"wpb-content-wrapper\"><p>[vc_row][vc_column width=\u00bb2\/3&#8243;][vc_column_text]El GrainPLUS\u2122 es una m\u00e1quina de limpieza universal asequible dise\u00f1ada para la limpieza de la entrada de granos, pero tambi\u00e9n es adecuada para la limpieza fina y la clasificaci\u00f3n de la cebada. GrainPLUS\u2122 est\u00e1 dirigido a industrias con necesidades de capacidad m\u00e1s bajos pero tiempos de funcionamiento largos y una operatividad sin problemas. Su dise\u00f1o robusto garantiza una larga vida \u00fatil. GrainPLUS\u2122 est\u00e1 disponible en 3 modelos con capacidades de 12 a 50 toneladas por hora.[\/vc_column_text][\/vc_column][vc_column width=\u00bb1\/3&#8243;][vc_column_text]<strong>CARACTER\u00cdSTICAS<\/strong><\/p>\n<ul>\n<li>La pantalla de cribado oscilante proporciona un funcionamiento suave y libre de vibraciones.<\/li>\n<li>Dise\u00f1ado para demandas m\u00ednimas en los cimientos.<\/li>\n<li>Cajones con pantalla de cribado met\u00e1lica con limpieza de bolas.<\/li>\n<li>Caja de cribado completamente cerrada para un entorno libre de polvo.<\/li>\n<li>Secci\u00f3n de salida con conducto de aire ascendente.<\/li>\n<\/ul>\n<p><strong>OPCIONES<\/strong><\/p>\n<ul>\n<li>Secci\u00f3n de entrada con aspiraci\u00f3n y rodillo de alimentaci\u00f3n<\/li>\n<li>Tolva de salida con im\u00e1n<\/li>\n<li>Cicl\u00f3n<\/li>\n<li>Ventilador<\/li>\n<li>Filtro<\/li>\n<\/ul>\n<p>[\/vc_column_text][\/vc_column][\/vc_row]<\/p>\n<\/div>","protected":false},"excerpt":{"rendered":"<p>El GrainPLUS\u2122 es una m\u00e1quina de limpieza universal rentable dise\u00f1ada principalmente para la limpieza de la entrada de granos, con la capacidad adicional de realizar una limpieza fina y la clasificaci\u00f3n de la cebada.<\/p>\n","protected":false},"featured_media":26937,"comment_status":"open","ping_status":"closed","template":"","meta":{"_acf_changed":false},"product_brand":[],"product_cat":[747,762,754,755,763,782],"product_tag":[783,784,768,769],"class_list":{"0":"post-27613","1":"product","2":"type-product","3":"status-publish","4":"has-post-thumbnail","6":"product_cat-all-products-es","7":"product_cat-feed-es","8":"product_cat-food-2-es","9":"product_cat-grain-es","10":"product_cat-material-handling-es","11":"product_cat-cleaning-machines-es","12":"product_tag-cleaning-es","13":"product_tag-dc-remover-es","14":"product_tag-dust-es","15":"product_tag-separation-es","16":"pa_products-type-all-products-es","17":"pa_products-type-feed-es","18":"description-off","20":"first","21":"instock","22":"shipping-taxable","23":"product-type-simple"},"acf":[],"_links":{"self":[{"href":"https:\/\/www.tornum.com\/es\/wp-json\/wp\/v2\/product\/27613","targetHints":{"allow":["GET"]}}],"collection":[{"href":"https:\/\/www.tornum.com\/es\/wp-json\/wp\/v2\/product"}],"about":[{"href":"https:\/\/www.tornum.com\/es\/wp-json\/wp\/v2\/types\/product"}],"replies":[{"embeddable":true,"href":"https:\/\/www.tornum.com\/es\/wp-json\/wp\/v2\/comments?post=27613"}],"version-history":[{"count":3,"href":"https:\/\/www.tornum.com\/es\/wp-json\/wp\/v2\/product\/27613\/revisions"}],"predecessor-version":[{"id":50457,"href":"https:\/\/www.tornum.com\/es\/wp-json\/wp\/v2\/product\/27613\/revisions\/50457"}],"wp:featuredmedia":[{"embeddable":true,"href":"https:\/\/www.tornum.com\/es\/wp-json\/wp\/v2\/media\/26937"}],"wp:attachment":[{"href":"https:\/\/www.tornum.com\/es\/wp-json\/wp\/v2\/media?parent=27613"}],"wp:term":[{"taxonomy":"product_brand","embeddable":true,"href":"https:\/\/www.tornum.com\/es\/wp-json\/wp\/v2\/product_brand?post=27613"},{"taxonomy":"product_cat","embeddable":true,"href":"https:\/\/www.tornum.com\/es\/wp-json\/wp\/v2\/product_cat?post=27613"},{"taxonomy":"product_tag","embeddable":true,"href":"https:\/\/www.tornum.com\/es\/wp-json\/wp\/v2\/product_tag?post=27613"}],"curies":[{"name":"wp","href":"https:\/\/api.w.org\/{rel}","templated":true}]}}