{"id":27614,"date":"2023-03-05T22:37:28","date_gmt":"2023-03-05T22:37:28","guid":{"rendered":"https:\/\/www.tornum.com\/product\/buhler-sma-laca\/"},"modified":"2025-07-30T08:25:36","modified_gmt":"2025-07-30T08:25:36","slug":"buhler-sma-laca","status":"publish","type":"product","link":"https:\/\/www.tornum.com\/es\/producto\/buhler-sma-laca\/","title":{"rendered":"B\u00dcHLER SMA \u2013 LACB"},"content":{"rendered":"<div class=\"wpb-content-wrapper\"><p>[vc_row gap=\u00bb35&#8243;][vc_column width=\u00bb2\/3&#8243;][vc_column_text]<strong>M\u00c1QUINA DE LIMPIEZA UNIVERSAL B\u00dcHLER LACB SMA 203-3 \/ 206-6<\/strong><\/p>\n<p>El SMA es una m\u00e1quina de limpieza universal asequible dise\u00f1ada para la limpieza de la entrada de granos, pero tambi\u00e9n adecuada para la limpieza fina y la clasificaci\u00f3n de cebada. Su dise\u00f1o robusto garantiza una larga vida \u00fatil y un funcionamiento sin problemas. El SMA est\u00e1 disponible en 5 modelos con capacidades de 12 a 220 toneladas por hora.[\/vc_column_text][\/vc_column][vc_column width=\u00bb1\/3&#8243;][vc_column_text]<strong>CARACTER\u00cdSTICAS<\/strong><\/p>\n<ul>\n<li>La pantalla de cribado oscilante proporciona un funcionamiento suave y sin vibraciones<\/li>\n<li>Dise\u00f1ado para demandas m\u00ednimas en la cimentaci\u00f3n<\/li>\n<li>Cajones con pantalla de cribado met\u00e1lica con limpieza de bolas.<\/li>\n<li>Caja de cribado completamente cerrada para un entorno libre de polvo.<\/li>\n<li>Secci\u00f3n de salida con conducto de aire ascendente<\/li>\n<li>Secci\u00f3n de entrada con aspiraci\u00f3n y rodillo de alimentaci\u00f3n (modelos 203 y 206).<\/li>\n<\/ul>\n<p><strong>OPCIONES<\/strong><\/p>\n<ul>\n<li>Tolva de salida con im\u00e1n<\/li>\n<li>Ventilador<\/li>\n<li>Cicl\u00f3n<\/li>\n<li>Filtro<\/li>\n<\/ul>\n<p>[\/vc_column_text][\/vc_column][\/vc_row]<\/p>\n<\/div>","protected":false},"excerpt":{"rendered":"<div class=\"flex flex-grow flex-col gap-3 max-w-full\">\n<div class=\"min-h-[20px] flex flex-col items-start gap-3 overflow-x-auto whitespace-pre-wrap break-words\">\n<div class=\"markdown prose w-full break-words dark:prose-invert light\">\n<p>El SMA es una m\u00e1quina de limpieza universal, robusta y asequible dise\u00f1ada para la limpieza de la entrada de granos, la limpieza fina y la clasificaci\u00f3n de cebada. Est\u00e1 disponible en cinco modelos con capacidades que van desde las 12 hasta las 220 toneladas por hora, asegurando un funcionamiento duradero y sin problemas.<\/p>\n<\/div>\n<\/div>\n<\/div>\n","protected":false},"featured_media":48256,"comment_status":"open","ping_status":"closed","template":"","meta":{"_acf_changed":false},"product_brand":[],"product_cat":[747,754,755,763,782],"product_tag":[783,784,768,769],"class_list":{"0":"post-27614","1":"product","2":"type-product","3":"status-publish","4":"has-post-thumbnail","6":"product_cat-all-products-es","7":"product_cat-food-2-es","8":"product_cat-grain-es","9":"product_cat-material-handling-es","10":"product_cat-cleaning-machines-es","11":"product_tag-cleaning-es","12":"product_tag-dc-remover-es","13":"product_tag-dust-es","14":"product_tag-separation-es","15":"pa_products-type-all-products-es","16":"pa_products-type-grain-es","17":"description-off","19":"first","20":"instock","21":"shipping-taxable","22":"product-type-simple"},"acf":[],"_links":{"self":[{"href":"https:\/\/www.tornum.com\/es\/wp-json\/wp\/v2\/product\/27614","targetHints":{"allow":["GET"]}}],"collection":[{"href":"https:\/\/www.tornum.com\/es\/wp-json\/wp\/v2\/product"}],"about":[{"href":"https:\/\/www.tornum.com\/es\/wp-json\/wp\/v2\/types\/product"}],"replies":[{"embeddable":true,"href":"https:\/\/www.tornum.com\/es\/wp-json\/wp\/v2\/comments?post=27614"}],"version-history":[{"count":3,"href":"https:\/\/www.tornum.com\/es\/wp-json\/wp\/v2\/product\/27614\/revisions"}],"predecessor-version":[{"id":48278,"href":"https:\/\/www.tornum.com\/es\/wp-json\/wp\/v2\/product\/27614\/revisions\/48278"}],"wp:featuredmedia":[{"embeddable":true,"href":"https:\/\/www.tornum.com\/es\/wp-json\/wp\/v2\/media\/48256"}],"wp:attachment":[{"href":"https:\/\/www.tornum.com\/es\/wp-json\/wp\/v2\/media?parent=27614"}],"wp:term":[{"taxonomy":"product_brand","embeddable":true,"href":"https:\/\/www.tornum.com\/es\/wp-json\/wp\/v2\/product_brand?post=27614"},{"taxonomy":"product_cat","embeddable":true,"href":"https:\/\/www.tornum.com\/es\/wp-json\/wp\/v2\/product_cat?post=27614"},{"taxonomy":"product_tag","embeddable":true,"href":"https:\/\/www.tornum.com\/es\/wp-json\/wp\/v2\/product_tag?post=27614"}],"curies":[{"name":"wp","href":"https:\/\/api.w.org\/{rel}","templated":true}]}}