{"id":27615,"date":"2023-05-14T21:11:40","date_gmt":"2023-05-14T21:11:40","guid":{"rendered":"https:\/\/www.tornum.com\/product\/buhler-tas-laab\/"},"modified":"2025-07-30T08:40:38","modified_gmt":"2025-07-30T08:40:38","slug":"buhler-tas-laab","status":"publish","type":"product","link":"https:\/\/www.tornum.com\/es\/producto\/buhler-tas-laab\/","title":{"rendered":"B\u00dcHLER TAS\u2122 \u2013 LAAB"},"content":{"rendered":"<div class=\"wpb-content-wrapper\"><p>[vc_row][vc_column width=\u00bb2\/3&#8243;][vc_column_text]La m\u00e1quina de limpieza universal TAS\u2122 est\u00e1 principalmente destinada para la pre-limpieza de granos y otros materiales granulares, pero tambi\u00e9n puede utilizarse para la limpieza por clasificaci\u00f3n. Un dise\u00f1o robusto garantiza una larga vida \u00fatil y un funcionamiento fiable. TAS\u2122 est\u00e1 disponible en 8 modelos para diferentes necesidades, con capacidades que van desde las 60 hasta las 250 toneladas por hora.[\/vc_column_text][\/vc_column][vc_column width=\u00bb1\/3&#8243;][vc_column_text]<strong>CARACTER\u00cdSTICAS<\/strong><\/p>\n<ul>\n<li>La pantalla de cribado oscilante proporciona un funcionamiento suave y sin vibraciones<\/li>\n<li>Dise\u00f1ado para exigencias m\u00ednimas en los cimientos.<\/li>\n<li>Cajones con pantalla de cribado met\u00e1lica con limpieza de bolas.<\/li>\n<li>Caja de cribado completamente cerrada para un entorno libre de polvo.<\/li>\n<li>Conductos de preaspiraci\u00f3n y postaspiraci\u00f3n como equipamiento est\u00e1ndar.<\/li>\n<li>Secci\u00f3n de entrada con aspiraci\u00f3n y rodillo de alimentaci\u00f3n.<\/li>\n<li>Secci\u00f3n de salida con conducto de aire ascendente.<\/li>\n<\/ul>\n<p><strong>OPCIONES<\/strong><\/p>\n<ul>\n<li>Solapa de cambio de pantalla de cribado para limpieza dual<\/li>\n<li>Ventilador<\/li>\n<li>Cicl\u00f3n<\/li>\n<li>Filtro<\/li>\n<\/ul>\n<p>[\/vc_column_text][\/vc_column][\/vc_row]<\/p>\n<\/div>","protected":false},"excerpt":{"rendered":"<p>La m\u00e1quina de limpieza universal TAS\u2122 est\u00e1 dise\u00f1ada principalmente para la pre-limpieza de granos y materiales granulares, pero tambi\u00e9n puede ser utilizada para la limpieza por clasificaci\u00f3n cuando sea necesario.<\/p>\n","protected":false},"featured_media":26863,"comment_status":"open","ping_status":"closed","template":"","meta":{"_acf_changed":false},"product_brand":[],"product_cat":[747,754,755,763,782],"product_tag":[783,784,768,769],"class_list":{"0":"post-27615","1":"product","2":"type-product","3":"status-publish","4":"has-post-thumbnail","6":"product_cat-all-products-es","7":"product_cat-food-2-es","8":"product_cat-grain-es","9":"product_cat-material-handling-es","10":"product_cat-cleaning-machines-es","11":"product_tag-cleaning-es","12":"product_tag-dc-remover-es","13":"product_tag-dust-es","14":"product_tag-separation-es","15":"description-off","17":"first","18":"instock","19":"shipping-taxable","20":"product-type-simple"},"acf":[],"_links":{"self":[{"href":"https:\/\/www.tornum.com\/es\/wp-json\/wp\/v2\/product\/27615","targetHints":{"allow":["GET"]}}],"collection":[{"href":"https:\/\/www.tornum.com\/es\/wp-json\/wp\/v2\/product"}],"about":[{"href":"https:\/\/www.tornum.com\/es\/wp-json\/wp\/v2\/types\/product"}],"replies":[{"embeddable":true,"href":"https:\/\/www.tornum.com\/es\/wp-json\/wp\/v2\/comments?post=27615"}],"version-history":[{"count":2,"href":"https:\/\/www.tornum.com\/es\/wp-json\/wp\/v2\/product\/27615\/revisions"}],"predecessor-version":[{"id":27627,"href":"https:\/\/www.tornum.com\/es\/wp-json\/wp\/v2\/product\/27615\/revisions\/27627"}],"wp:featuredmedia":[{"embeddable":true,"href":"https:\/\/www.tornum.com\/es\/wp-json\/wp\/v2\/media\/26863"}],"wp:attachment":[{"href":"https:\/\/www.tornum.com\/es\/wp-json\/wp\/v2\/media?parent=27615"}],"wp:term":[{"taxonomy":"product_brand","embeddable":true,"href":"https:\/\/www.tornum.com\/es\/wp-json\/wp\/v2\/product_brand?post=27615"},{"taxonomy":"product_cat","embeddable":true,"href":"https:\/\/www.tornum.com\/es\/wp-json\/wp\/v2\/product_cat?post=27615"},{"taxonomy":"product_tag","embeddable":true,"href":"https:\/\/www.tornum.com\/es\/wp-json\/wp\/v2\/product_tag?post=27615"}],"curies":[{"name":"wp","href":"https:\/\/api.w.org\/{rel}","templated":true}]}}