{"id":27616,"date":"2023-05-14T21:55:41","date_gmt":"2023-05-14T21:55:41","guid":{"rendered":"https:\/\/www.tornum.com\/product\/buildings\/"},"modified":"2025-07-30T08:49:46","modified_gmt":"2025-07-30T08:49:46","slug":"instalaciones","status":"publish","type":"product","link":"https:\/\/www.tornum.com\/es\/producto\/instalaciones\/","title":{"rendered":"INSTALACIONES"},"content":{"rendered":"<p>En los pa\u00edses n\u00f3rdicos, es una pr\u00e1ctica tradicional mantener los secaderos de granos y el almacenamiento en interiores. Tornum se especializa en la construcci\u00f3n de instalaciones de secado \u00fanicas, adaptando cada una a las necesidades y preferencias espec\u00edficas de sus clientes.<\/p>\n<p>Adem\u00e1s, para cumplir con las regulaciones de la UE, todos los productos de construcci\u00f3n vendidos en el mercado de la UE deben llevar el marcado CE desde el 1 de julio de 2014. Tornum garantiza el cumplimiento de estas normas, asegurando que sus instalaciones de secado cumplan con los requisitos de la UE.<\/p>\n","protected":false},"excerpt":{"rendered":"<p>En los pa\u00edses n\u00f3rdicos, es tradici\u00f3n colocar el secadero de granos y el almacenamiento en interiores. Tornum construye instalaciones de secado seg\u00fan los deseos y proyectos de los clientes, y cada instalaci\u00f3n es \u00fanica.<\/p>\n","protected":false},"featured_media":26719,"comment_status":"open","ping_status":"closed","template":"","meta":{"_acf_changed":false},"product_brand":[],"product_cat":[747,762,754,755,792,793],"product_tag":[794,780,758,795],"class_list":{"0":"post-27616","1":"product","2":"type-product","3":"status-publish","4":"has-post-thumbnail","6":"product_cat-all-products-es","7":"product_cat-feed-es","8":"product_cat-food-2-es","9":"product_cat-grain-es","10":"product_cat-storage-es","11":"product_cat-building-storage-es","12":"product_tag-bins-es","13":"product_tag-conveyor-es","14":"product_tag-dryer-es","15":"product_tag-storage-es","16":"description-off","18":"first","19":"instock","20":"shipping-taxable","21":"product-type-simple"},"acf":[],"_links":{"self":[{"href":"https:\/\/www.tornum.com\/es\/wp-json\/wp\/v2\/product\/27616","targetHints":{"allow":["GET"]}}],"collection":[{"href":"https:\/\/www.tornum.com\/es\/wp-json\/wp\/v2\/product"}],"about":[{"href":"https:\/\/www.tornum.com\/es\/wp-json\/wp\/v2\/types\/product"}],"replies":[{"embeddable":true,"href":"https:\/\/www.tornum.com\/es\/wp-json\/wp\/v2\/comments?post=27616"}],"version-history":[{"count":2,"href":"https:\/\/www.tornum.com\/es\/wp-json\/wp\/v2\/product\/27616\/revisions"}],"predecessor-version":[{"id":27629,"href":"https:\/\/www.tornum.com\/es\/wp-json\/wp\/v2\/product\/27616\/revisions\/27629"}],"wp:featuredmedia":[{"embeddable":true,"href":"https:\/\/www.tornum.com\/es\/wp-json\/wp\/v2\/media\/26719"}],"wp:attachment":[{"href":"https:\/\/www.tornum.com\/es\/wp-json\/wp\/v2\/media?parent=27616"}],"wp:term":[{"taxonomy":"product_brand","embeddable":true,"href":"https:\/\/www.tornum.com\/es\/wp-json\/wp\/v2\/product_brand?post=27616"},{"taxonomy":"product_cat","embeddable":true,"href":"https:\/\/www.tornum.com\/es\/wp-json\/wp\/v2\/product_cat?post=27616"},{"taxonomy":"product_tag","embeddable":true,"href":"https:\/\/www.tornum.com\/es\/wp-json\/wp\/v2\/product_tag?post=27616"}],"curies":[{"name":"wp","href":"https:\/\/api.w.org\/{rel}","templated":true}]}}