{"id":27618,"date":"2023-05-14T20:51:26","date_gmt":"2023-05-14T20:51:26","guid":{"rendered":"https:\/\/www.tornum.com\/product\/centrifugal-fans\/"},"modified":"2025-07-30T09:06:14","modified_gmt":"2025-07-30T09:06:14","slug":"ventiladores-centrifugos","status":"publish","type":"product","link":"https:\/\/www.tornum.com\/es\/producto\/ventiladores-centrifugos\/","title":{"rendered":"VENTILADORES CENTR\u00cdFUGOS"},"content":{"rendered":"<div class=\"wpb-content-wrapper\"><p>[vc_row][vc_column width=\u00bb2\/3&#8243;][vc_column_text]Los ventiladores centr\u00edfugos de Tornum est\u00e1n dise\u00f1ados para acondicionar, enfriar y secar granos. Los ventiladores son extremadamente eficientes y producen bajos niveles de ruido. La alta capacidad de presi\u00f3n de nuestros ventiladores centr\u00edfugos los hace ideales para acondicionar granos h\u00famedos. Adem\u00e1s, las m\u00faltiples opciones de montaje facilitan su instalaci\u00f3n.[\/vc_column_text][\/vc_column][vc_column width=\u00bb1\/3&#8243;][vc_column_text]<strong>CARACTER\u00cdSTICAS<\/strong><\/p>\n<ul>\n<li>Dise\u00f1o limpio y resistente<\/li>\n<li>Fabricado en acero galvanizado en caliente y en dise\u00f1o soldado y pintado para entornos exigentes.<\/li>\n<li>Puede suministrarse con la direcci\u00f3n de escape de su elecci\u00f3n<\/li>\n<li>Capacidad de hasta 120,000 m\u00b3 por hora, rango de presi\u00f3n de 10 a 1300 mm vp.<\/li>\n<\/ul>\n<p><strong>OPCIONES<\/strong><br \/>\n\u2022 Transici\u00f3n de entrada y salida para conductos en espiral[\/vc_column_text][\/vc_column][\/vc_row]<\/p>\n<\/div>","protected":false},"excerpt":{"rendered":"<p>Los ventiladores centr\u00edfugos de Tornum est\u00e1n dise\u00f1ados para el acondicionamiento, enfriamiento y secado de granos, ofreciendo una eficiencia excepcional con emisiones de ruido reducidas.<\/p>\n","protected":false},"featured_media":50243,"comment_status":"open","ping_status":"closed","template":"","meta":{"_acf_changed":false},"product_brand":[],"product_cat":[747,748,799],"product_tag":[750,794,766,753],"class_list":{"0":"post-27618","1":"product","2":"type-product","3":"status-publish","4":"has-post-thumbnail","6":"product_cat-all-products-es","7":"product_cat-conditioning-es","8":"product_cat-centrifugal-fan-es","9":"product_tag-axial-es","10":"product_tag-bins-es","11":"product_tag-conditioning-es","12":"product_tag-silo-es","13":"description-off","15":"first","16":"instock","17":"shipping-taxable","18":"product-type-simple"},"acf":[],"_links":{"self":[{"href":"https:\/\/www.tornum.com\/es\/wp-json\/wp\/v2\/product\/27618","targetHints":{"allow":["GET"]}}],"collection":[{"href":"https:\/\/www.tornum.com\/es\/wp-json\/wp\/v2\/product"}],"about":[{"href":"https:\/\/www.tornum.com\/es\/wp-json\/wp\/v2\/types\/product"}],"replies":[{"embeddable":true,"href":"https:\/\/www.tornum.com\/es\/wp-json\/wp\/v2\/comments?post=27618"}],"version-history":[{"count":3,"href":"https:\/\/www.tornum.com\/es\/wp-json\/wp\/v2\/product\/27618\/revisions"}],"predecessor-version":[{"id":46766,"href":"https:\/\/www.tornum.com\/es\/wp-json\/wp\/v2\/product\/27618\/revisions\/46766"}],"wp:featuredmedia":[{"embeddable":true,"href":"https:\/\/www.tornum.com\/es\/wp-json\/wp\/v2\/media\/50243"}],"wp:attachment":[{"href":"https:\/\/www.tornum.com\/es\/wp-json\/wp\/v2\/media?parent=27618"}],"wp:term":[{"taxonomy":"product_brand","embeddable":true,"href":"https:\/\/www.tornum.com\/es\/wp-json\/wp\/v2\/product_brand?post=27618"},{"taxonomy":"product_cat","embeddable":true,"href":"https:\/\/www.tornum.com\/es\/wp-json\/wp\/v2\/product_cat?post=27618"},{"taxonomy":"product_tag","embeddable":true,"href":"https:\/\/www.tornum.com\/es\/wp-json\/wp\/v2\/product_tag?post=27618"}],"curies":[{"name":"wp","href":"https:\/\/api.w.org\/{rel}","templated":true}]}}