{"id":27619,"date":"2023-05-14T21:46:04","date_gmt":"2023-05-14T21:46:04","guid":{"rendered":"https:\/\/www.tornum.com\/product\/centriklon-dust-separator\/"},"modified":"2025-07-15T09:55:07","modified_gmt":"2025-07-15T09:55:07","slug":"centriklon-dust-separator","status":"publish","type":"product","link":"https:\/\/www.tornum.com\/es\/producto\/centriklon-dust-separator\/","title":{"rendered":"SEPARADOR DE POLVO CENTRIKLON"},"content":{"rendered":"<p>El Centriklon de Tornum es un separador de polvo altamente eficiente dise\u00f1ado para secaderos de granos. Ofrece una capacidad muy alta en un espacio reducido, con una notable fiabilidad y necesidades m\u00ednimas de mantenimiento, debido a la ausencia de piezas m\u00f3viles. El Centriklon est\u00e1 disponible en varios tama\u00f1os y est\u00e1 dimensionado para necesidades espec\u00edficas de volumen de aire y capacidad. Esta soluci\u00f3n es una excelente opci\u00f3n para aquellos que buscan una eliminaci\u00f3n efectiva de polvo y paja en procesos de secado de granos.<\/p>\n","protected":false},"excerpt":{"rendered":"<p>El Centriklon de Tornum es un separador de polvo compacto y fiable para secaderos de granos, conocido por su alta capacidad y poca necesidad de mantenimiento. Viene en varios tama\u00f1os para adaptarse a vol\u00famenes de aire espec\u00edficos y requisitos de capacidad, lo que lo hace ideal para la eliminaci\u00f3n eficiente de polvo y paja durante el secado de granos.<\/p>\n","protected":false},"featured_media":26653,"comment_status":"open","ping_status":"closed","template":"","meta":{"_acf_changed":false},"product_brand":[],"product_cat":[747,763,765],"product_tag":[768,752,798,769],"class_list":{"0":"post-27619","1":"product","2":"type-product","3":"status-publish","4":"has-post-thumbnail","6":"product_cat-all-products-es","7":"product_cat-material-handling-es","8":"product_cat-dust-separation-es","9":"product_tag-dust-es","10":"product_tag-fan-es","11":"product_tag-radial-fan-es","12":"product_tag-separation-es","13":"description-off","15":"first","16":"instock","17":"shipping-taxable","18":"product-type-simple"},"acf":[],"_links":{"self":[{"href":"https:\/\/www.tornum.com\/es\/wp-json\/wp\/v2\/product\/27619","targetHints":{"allow":["GET"]}}],"collection":[{"href":"https:\/\/www.tornum.com\/es\/wp-json\/wp\/v2\/product"}],"about":[{"href":"https:\/\/www.tornum.com\/es\/wp-json\/wp\/v2\/types\/product"}],"replies":[{"embeddable":true,"href":"https:\/\/www.tornum.com\/es\/wp-json\/wp\/v2\/comments?post=27619"}],"version-history":[{"count":1,"href":"https:\/\/www.tornum.com\/es\/wp-json\/wp\/v2\/product\/27619\/revisions"}],"predecessor-version":[{"id":27636,"href":"https:\/\/www.tornum.com\/es\/wp-json\/wp\/v2\/product\/27619\/revisions\/27636"}],"wp:featuredmedia":[{"embeddable":true,"href":"https:\/\/www.tornum.com\/es\/wp-json\/wp\/v2\/media\/26653"}],"wp:attachment":[{"href":"https:\/\/www.tornum.com\/es\/wp-json\/wp\/v2\/media?parent=27619"}],"wp:term":[{"taxonomy":"product_brand","embeddable":true,"href":"https:\/\/www.tornum.com\/es\/wp-json\/wp\/v2\/product_brand?post=27619"},{"taxonomy":"product_cat","embeddable":true,"href":"https:\/\/www.tornum.com\/es\/wp-json\/wp\/v2\/product_cat?post=27619"},{"taxonomy":"product_tag","embeddable":true,"href":"https:\/\/www.tornum.com\/es\/wp-json\/wp\/v2\/product_tag?post=27619"}],"curies":[{"name":"wp","href":"https:\/\/api.w.org\/{rel}","templated":true}]}}