{"id":27657,"date":"2023-05-14T21:41:21","date_gmt":"2023-05-14T21:41:21","guid":{"rendered":"https:\/\/www.tornum.com\/product\/clean-air-control\/"},"modified":"2025-07-11T09:09:53","modified_gmt":"2025-07-11T09:09:53","slug":"control-de-aire-limpio","status":"publish","type":"product","link":"https:\/\/www.tornum.com\/es\/producto\/control-de-aire-limpio\/","title":{"rendered":"CONTROL DE AIRE LIMPIO"},"content":{"rendered":"<div class=\"wpb-content-wrapper\"><p>[vc_row][vc_column width=\u00bb2\/3&#8243;][vc_column_text]El Control de Aire Limpio de Tornum cuenta con una carcasa de ventilador e impulsor especialmente dise\u00f1ados para mejorar la eficiencia energ\u00e9tica y aumentar el flujo de aire a presiones contrarias equivalentes, en comparaci\u00f3n con modelos anteriores. Elimina el 95% del polvo y la paja de granos y produce menos emisiones de polvo en comparaci\u00f3n con un ventilador tradicional sin separaci\u00f3n.[\/vc_column_text][\/vc_column][vc_column width=\u00bb1\/3&#8243;][vc_column_text]<strong>CARACTER\u00cdSTICAS<\/strong><\/p>\n<ul>\n<li>Chasis galvanizado en caliente, proporcionando una protecci\u00f3n duradera contra la corrosi\u00f3n.<\/li>\n<li>Disponible para montaje horizontal o vertical.<\/li>\n<li>Los amortiguadores del ventilador est\u00e1n disponibles en la parte frontal del mismo para ajuste individual del flujo de aire.<\/li>\n<li>El motor del ventilador est\u00e1 protegido t\u00e9rmicamente y disponible con cualquier voltaje.<\/li>\n<li>La carcasa del ventilador est\u00e1 equipada con una escotilla y tapas de limpieza para facilitar el mantenimiento y la inspecci\u00f3n.<\/li>\n<li>Un impulsor especialmente dise\u00f1ado proporciona un flujo \u00f3ptimo y un nivel m\u00ednimo de ruido.<\/li>\n<\/ul>\n<p><strong>OPCIONES<\/strong><\/p>\n<ul>\n<li>Contenedor de polvo<\/li>\n<li>Silenciador<\/li>\n<li>Protecci\u00f3n contra golpes<\/li>\n<li>Protecci\u00f3n contra la lluvia<\/li>\n<\/ul>\n<p>[\/vc_column_text][\/vc_column][\/vc_row]<\/p>\n<\/div>","protected":false},"excerpt":{"rendered":"<p>El Control de Aire Limpio de Tornum presenta una carcasa y un impulsor de ventilador dise\u00f1ados de manera \u00fanica, lo que mejora la eficiencia energ\u00e9tica y logra un mayor flujo de aire bajo condiciones de contrapresi\u00f3n equivalentes en comparaci\u00f3n con modelos anteriores.<\/p>\n","protected":false},"featured_media":26652,"comment_status":"open","ping_status":"closed","template":"","meta":{"_acf_changed":false},"product_brand":[],"product_cat":[747,763,765],"product_tag":[750,758,776,759],"class_list":{"0":"post-27657","1":"product","2":"type-product","3":"status-publish","4":"has-post-thumbnail","6":"product_cat-all-products-es","7":"product_cat-material-handling-es","8":"product_cat-dust-separation-es","9":"product_tag-axial-es","10":"product_tag-dryer-es","11":"product_tag-dryer-tk-es","12":"product_tag-dryer-tkr-es","13":"description-off","15":"first","16":"instock","17":"shipping-taxable","18":"product-type-simple"},"acf":[],"_links":{"self":[{"href":"https:\/\/www.tornum.com\/es\/wp-json\/wp\/v2\/product\/27657","targetHints":{"allow":["GET"]}}],"collection":[{"href":"https:\/\/www.tornum.com\/es\/wp-json\/wp\/v2\/product"}],"about":[{"href":"https:\/\/www.tornum.com\/es\/wp-json\/wp\/v2\/types\/product"}],"replies":[{"embeddable":true,"href":"https:\/\/www.tornum.com\/es\/wp-json\/wp\/v2\/comments?post=27657"}],"version-history":[{"count":2,"href":"https:\/\/www.tornum.com\/es\/wp-json\/wp\/v2\/product\/27657\/revisions"}],"predecessor-version":[{"id":27666,"href":"https:\/\/www.tornum.com\/es\/wp-json\/wp\/v2\/product\/27657\/revisions\/27666"}],"wp:featuredmedia":[{"embeddable":true,"href":"https:\/\/www.tornum.com\/es\/wp-json\/wp\/v2\/media\/26652"}],"wp:attachment":[{"href":"https:\/\/www.tornum.com\/es\/wp-json\/wp\/v2\/media?parent=27657"}],"wp:term":[{"taxonomy":"product_brand","embeddable":true,"href":"https:\/\/www.tornum.com\/es\/wp-json\/wp\/v2\/product_brand?post=27657"},{"taxonomy":"product_cat","embeddable":true,"href":"https:\/\/www.tornum.com\/es\/wp-json\/wp\/v2\/product_cat?post=27657"},{"taxonomy":"product_tag","embeddable":true,"href":"https:\/\/www.tornum.com\/es\/wp-json\/wp\/v2\/product_tag?post=27657"}],"curies":[{"name":"wp","href":"https:\/\/api.w.org\/{rel}","templated":true}]}}