{"id":27658,"date":"2023-05-14T20:11:38","date_gmt":"2023-05-14T20:11:38","guid":{"rendered":"https:\/\/www.tornum.com\/product\/combi-sweep\/"},"modified":"2024-05-15T11:16:21","modified_gmt":"2024-05-15T11:16:21","slug":"barredora-combi","status":"publish","type":"product","link":"https:\/\/www.tornum.com\/es\/producto\/barredora-combi\/","title":{"rendered":"BARREDORA COMBI"},"content":{"rendered":"<div class=\"wpb-content-wrapper\"><p>[vc_row][vc_column width=\u00bb2\/3&#8243;][vc_column_text]<\/p>\n<h3><strong>BARREDORA COMBI DE TORNUM<\/strong><\/h3>\n<p>La barredora Combi de Tornum es una combinaci\u00f3n de un sinf\u00edn de descarga con un sinf\u00edn de barrido para la descarga directa desde un silo hacia un cami\u00f3n. La barredora Combi consta de un sinf\u00edn horizontal y uno vertical que est\u00e1n conectados, as\u00ed como un sinf\u00edn permanente para la descarga final de los silos de almacenamiento de granos. Cada sinf\u00edn tiene su propio sistema de accionamiento. El sinf\u00edn de descarga est\u00e1 disponible en varias longitudes est\u00e1ndar, pero tambi\u00e9n se puede fabricar en longitudes personalizadas de hasta un m\u00e1ximo de 11.6 metros y una altura m\u00e1xima de 4.7 metros. Capacidad m\u00e1xima: 80 toneladas por hora.[\/vc_column_text][\/vc_column][vc_column width=\u00bb1\/3&#8243;][vc_column_text]<strong>CARACTER\u00cdSTICAS<\/strong><\/p>\n<ul>\n<li>Tubos y sistema de accionamiento en acero galvanizado, otras partes est\u00e1n recubiertas con polvo.<\/li>\n<li>Unidades de accionamiento con tensi\u00f3n de cadena autom\u00e1tica.<\/li>\n<li>Dos versiones: horizontal y vertical, como se muestra en la imagen, o solo horizontal.<\/li>\n<\/ul>\n<p>[\/vc_column_text][\/vc_column][\/vc_row]<\/p>\n<\/div>","protected":false},"excerpt":{"rendered":"<p>La barredora Combi de Tornum es un sistema integrado que combina un sinf\u00edn de descarga con un sinf\u00edn de limpieza, permitiendo la transferencia directa de materiales desde un silo a un cami\u00f3n.<\/p>\n","protected":false},"featured_media":26599,"comment_status":"open","ping_status":"closed","template":"","meta":{"_acf_changed":false},"product_brand":[],"product_cat":[747,755,763,800,801],"product_tag":[780,753,795,781],"class_list":{"0":"post-27658","1":"product","2":"type-product","3":"status-publish","4":"has-post-thumbnail","6":"product_cat-all-products-es","7":"product_cat-grain-es","8":"product_cat-material-handling-es","9":"product_cat-silo-discharge-es","10":"product_cat-screw-auger-es","11":"product_tag-conveyor-es","12":"product_tag-silo-es","13":"product_tag-storage-es","14":"product_tag-transport-es","15":"description-off","17":"first","18":"instock","19":"shipping-taxable","20":"product-type-simple"},"acf":[],"_links":{"self":[{"href":"https:\/\/www.tornum.com\/es\/wp-json\/wp\/v2\/product\/27658","targetHints":{"allow":["GET"]}}],"collection":[{"href":"https:\/\/www.tornum.com\/es\/wp-json\/wp\/v2\/product"}],"about":[{"href":"https:\/\/www.tornum.com\/es\/wp-json\/wp\/v2\/types\/product"}],"replies":[{"embeddable":true,"href":"https:\/\/www.tornum.com\/es\/wp-json\/wp\/v2\/comments?post=27658"}],"version-history":[{"count":1,"href":"https:\/\/www.tornum.com\/es\/wp-json\/wp\/v2\/product\/27658\/revisions"}],"predecessor-version":[{"id":27668,"href":"https:\/\/www.tornum.com\/es\/wp-json\/wp\/v2\/product\/27658\/revisions\/27668"}],"wp:featuredmedia":[{"embeddable":true,"href":"https:\/\/www.tornum.com\/es\/wp-json\/wp\/v2\/media\/26599"}],"wp:attachment":[{"href":"https:\/\/www.tornum.com\/es\/wp-json\/wp\/v2\/media?parent=27658"}],"wp:term":[{"taxonomy":"product_brand","embeddable":true,"href":"https:\/\/www.tornum.com\/es\/wp-json\/wp\/v2\/product_brand?post=27658"},{"taxonomy":"product_cat","embeddable":true,"href":"https:\/\/www.tornum.com\/es\/wp-json\/wp\/v2\/product_cat?post=27658"},{"taxonomy":"product_tag","embeddable":true,"href":"https:\/\/www.tornum.com\/es\/wp-json\/wp\/v2\/product_tag?post=27658"}],"curies":[{"name":"wp","href":"https:\/\/api.w.org\/{rel}","templated":true}]}}