{"id":27659,"date":"2023-05-04T11:22:01","date_gmt":"2023-05-04T11:22:01","guid":{"rendered":"https:\/\/www.tornum.com\/product\/conditioning-bin-lt-2\/"},"modified":"2025-07-30T09:15:08","modified_gmt":"2025-07-30T09:15:08","slug":"contenedor-de-acondicionamiento-lt","status":"publish","type":"product","link":"https:\/\/www.tornum.com\/es\/producto\/contenedor-de-acondicionamiento-lt\/","title":{"rendered":"CONTENEDOR DE ACONDICIONAMIENTO LT"},"content":{"rendered":"<div class=\"wpb-content-wrapper\"><p>[vc_row gap=\u00bb35&#8243;][vc_column width=\u00bb2\/3&#8243;][vc_column_text]El contenedor de acondicionamiento LT est\u00e1 dise\u00f1ado para el enfriamiento, como almacenamiento intermedio antes del secado, as\u00ed como para el almacenamiento final de granos. En respuesta a las demandas del mercado de capacidades de descarga m\u00e1s grandes con ventiladores m\u00e1s peque\u00f1os, TORNUM ha dise\u00f1ado una nueva base de acondicionamiento con la descarga final m\u00e1s r\u00e1pida disponible en el mercado. Los laterales y el canal principal reducen el \u00e1rea del piso utilizada, asegurando una mayor cantidad de aire a trav\u00e9s de la placa del piso y, por lo tanto, una descarga final r\u00e1pida. La base de acondicionamiento combinada con el interior liso hace que el contenedor sea ideal para el manejo de semillas. La secci\u00f3n inferior del silo de acondicionamiento tiene un canal principal incorporado con compuerta, lo que permite unir varios contenedores juntos.<\/p>\n<p><strong>ESTRUCTURA Y FUNCIONAMIENTO<\/strong><\/p>\n<ul>\n<li>Fabricado en chapa de acero galvanizado en caliente<\/li>\n<li>Las secciones montadas en la secci\u00f3n inferior tienen una altura vertical de 505 mm<\/li>\n<li>Interior liso para una limpieza f\u00e1cil<\/li>\n<li>La construcci\u00f3n permite varios m\u00e9todos de ensamblaje, lo que ahorra tiempo<\/li>\n<li>El contenedor est\u00e1 disponible para descarga central o lateral<\/li>\n<li>Suministrado con compuerta de salida y boca de hombre en la secci\u00f3n<\/li>\n<li>La descarga final m\u00e1s r\u00e1pida del mercado<\/li>\n<\/ul>\n<p>[\/vc_column_text][\/vc_column][vc_column width=\u00bb1\/3&#8243;][vc_column_text]<strong>OPCIONES<\/strong><\/p>\n<ul>\n<li>Indicador de nivel<\/li>\n<li>Monitorizaci\u00f3n de temperatura<\/li>\n<li>Ventana de inspecci\u00f3n con rejilla de seguridad, montada en el piso<\/li>\n<li>Conector de salida<\/li>\n<\/ul>\n<p>[\/vc_column_text][\/vc_column][\/vc_row]<\/p>\n<\/div>","protected":false},"excerpt":{"rendered":"<div class=\"flex flex-grow flex-col gap-3 max-w-full\">\n<div class=\"min-h-[20px] flex flex-col items-start gap-3 overflow-x-auto whitespace-pre-wrap break-words\">\n<div class=\"markdown prose w-full break-words dark:prose-invert light\">\n<p>El contenedor de acondicionamiento LT sirve como una soluci\u00f3n vers\u00e1til para el enfriamiento, el almacenamiento intermedio antes del secado y el almacenamiento final de granos. Tornum ha desarrollado una nueva base de acondicionamiento para satisfacer las demandas del mercado de capacidades de descarga m\u00e1s altas con ventiladores m\u00e1s peque\u00f1os, ofreciendo la velocidad de descarga final m\u00e1s r\u00e1pida disponible.<\/p>\n<\/div>\n<\/div>\n<\/div>\n<div class=\"flex justify-between lg:block\">\n<div class=\"text-gray-400 flex self-end lg:self-center justify-center mt-2 gap-2 md:gap-3 lg:gap-1 lg:absolute lg:top-0 lg:translate-x-full lg:right-0 lg:mt-0 lg:pl-2 visible\"><\/div>\n<\/div>\n<div class=\"flex-1 overflow-hidden\">\n<div class=\"react-scroll-to-bottom--css-zcyaj-79elbk h-full dark:bg-gray-800\">\n<div class=\"react-scroll-to-bottom--css-zcyaj-1n7m0yu\">\n<div class=\"flex flex-col text-sm dark:bg-gray-800\">\n<div class=\"h-32 md:h-48 flex-shrink-0\"><\/div>\n<\/div>\n<\/div>\n<\/div>\n<\/div>\n<div class=\"absolute bottom-0 left-0 w-full border-t md:border-t-0 dark:border-white\/20 md:border-transparent md:dark:border-transparent md:bg-vert-light-gradient bg-white dark:bg-gray-800 md:!bg-transparent dark:md:bg-vert-dark-gradient pt-2 md:pl-2 md:w-[calc(100%-.5rem)]\">\n<form class=\"stretch mx-2 flex flex-row gap-3 last:mb-2 md:mx-4 md:last:mb-6 lg:mx-auto lg:max-w-2xl xl:max-w-3xl\">\n<div class=\"relative flex h-full flex-1 items-stretch md:flex-col\">\n<div>\n<div class=\"h-full flex ml-1 md:w-full md:m-auto md:mb-4 gap-0 md:gap-2 justify-center\">\n<div class=\"grow\"><\/div>\n<\/div>\n<\/div>\n<\/div>\n<\/form>\n<\/div>\n","protected":false},"featured_media":26702,"comment_status":"open","ping_status":"closed","template":"","meta":{"_acf_changed":false},"product_brand":[],"product_cat":[747,762,754,755,792,802],"product_tag":[779,794,753,795],"class_list":{"0":"post-27659","1":"product","2":"type-product","3":"status-publish","4":"has-post-thumbnail","6":"product_cat-all-products-es","7":"product_cat-feed-es","8":"product_cat-food-2-es","9":"product_cat-grain-es","10":"product_cat-storage-es","11":"product_cat-conditioning-bin-es","12":"product_tag-bin-es","13":"product_tag-bins-es","14":"product_tag-silo-es","15":"product_tag-storage-es","16":"description-off","18":"first","19":"instock","20":"shipping-taxable","21":"product-type-simple"},"acf":[],"_links":{"self":[{"href":"https:\/\/www.tornum.com\/es\/wp-json\/wp\/v2\/product\/27659","targetHints":{"allow":["GET"]}}],"collection":[{"href":"https:\/\/www.tornum.com\/es\/wp-json\/wp\/v2\/product"}],"about":[{"href":"https:\/\/www.tornum.com\/es\/wp-json\/wp\/v2\/types\/product"}],"replies":[{"embeddable":true,"href":"https:\/\/www.tornum.com\/es\/wp-json\/wp\/v2\/comments?post=27659"}],"version-history":[{"count":2,"href":"https:\/\/www.tornum.com\/es\/wp-json\/wp\/v2\/product\/27659\/revisions"}],"predecessor-version":[{"id":27669,"href":"https:\/\/www.tornum.com\/es\/wp-json\/wp\/v2\/product\/27659\/revisions\/27669"}],"wp:featuredmedia":[{"embeddable":true,"href":"https:\/\/www.tornum.com\/es\/wp-json\/wp\/v2\/media\/26702"}],"wp:attachment":[{"href":"https:\/\/www.tornum.com\/es\/wp-json\/wp\/v2\/media?parent=27659"}],"wp:term":[{"taxonomy":"product_brand","embeddable":true,"href":"https:\/\/www.tornum.com\/es\/wp-json\/wp\/v2\/product_brand?post=27659"},{"taxonomy":"product_cat","embeddable":true,"href":"https:\/\/www.tornum.com\/es\/wp-json\/wp\/v2\/product_cat?post=27659"},{"taxonomy":"product_tag","embeddable":true,"href":"https:\/\/www.tornum.com\/es\/wp-json\/wp\/v2\/product_tag?post=27659"}],"curies":[{"name":"wp","href":"https:\/\/api.w.org\/{rel}","templated":true}]}}