{"id":27660,"date":"2023-05-14T20:48:07","date_gmt":"2023-05-14T20:48:07","guid":{"rendered":"https:\/\/www.tornum.com\/product\/conditioning-floor\/"},"modified":"2025-07-30T09:24:09","modified_gmt":"2025-07-30T09:24:09","slug":"plataforma-de-acondicionamiento","status":"publish","type":"product","link":"https:\/\/www.tornum.com\/es\/producto\/plataforma-de-acondicionamiento\/","title":{"rendered":"PLATAFORMA DE ACONDICIONAMIENTO"},"content":{"rendered":"\t\t<div data-elementor-type=\"product-post\" data-elementor-id=\"27660\" class=\"elementor elementor-27660 elementor-11314\" data-elementor-settings=\"{&quot;ha_cmc_init_switcher&quot;:&quot;no&quot;}\" data-elementor-post-type=\"product\">\n\t\t\t\t\t\t<section class=\"elementor-section elementor-top-section elementor-element elementor-element-37d9c3cd elementor-section-boxed elementor-section-height-default elementor-section-height-default\" data-id=\"37d9c3cd\" data-element_type=\"section\" data-settings=\"{&quot;_ha_eqh_enable&quot;:false}\">\n\t\t\t\t\t\t<div class=\"elementor-container elementor-column-gap-default\">\n\t\t\t\t\t<div class=\"elementor-column elementor-col-100 elementor-top-column elementor-element elementor-element-5acf7c3f\" data-id=\"5acf7c3f\" data-element_type=\"column\">\n\t\t\t<div class=\"elementor-widget-wrap elementor-element-populated\">\n\t\t\t\t\t\t<div class=\"elementor-element elementor-element-76e514c7 elementor-widget elementor-widget-text-editor\" data-id=\"76e514c7\" data-element_type=\"widget\" data-widget_type=\"text-editor.default\">\n\t\t\t\t<div class=\"elementor-widget-container\">\n\t\t\t\t\t\t\t\t\t<p>Plataforma de acondicionamiento completa para vol\u00famenes de aire m\u00e1s grandes. Garantiza una distribuci\u00f3n uniforme del aire. Disponible para todos los di\u00e1metros de silo. Se incluye un plan de instalaci\u00f3n, dise\u00f1ado seg\u00fan el di\u00e1metro del silo encargado. El dise\u00f1o est\u00e1ndar est\u00e1 destinado para semillas de colza.<\/p>\t\t\t\t\t\t\t\t<\/div>\n\t\t\t\t<\/div>\n\t\t\t\t\t<\/div>\n\t\t<\/div>\n\t\t\t\t\t<\/div>\n\t\t<\/section>\n\t\t\t\t<\/div>\n\t\t","protected":false},"excerpt":{"rendered":"<p>Plataforma completa de acondicionamiento para vol\u00famenes de aire m\u00e1s grandes, garantizando una distribuci\u00f3n uniforme del aire. Disponible para todos los di\u00e1metros de silo.<\/p>\n","protected":false},"featured_media":26912,"comment_status":"open","ping_status":"closed","template":"","meta":{"_acf_changed":false},"product_brand":[],"product_cat":[747,748,803],"product_tag":[766,751,753,795],"class_list":{"0":"post-27660","1":"product","2":"type-product","3":"status-publish","4":"has-post-thumbnail","6":"product_cat-all-products-es","7":"product_cat-conditioning-es","8":"product_cat-conditioning-floor-es","9":"product_tag-conditioning-es","10":"product_tag-conditioning-laterals-es","11":"product_tag-silo-es","12":"product_tag-storage-es","14":"first","15":"instock","16":"shipping-taxable","17":"product-type-simple"},"acf":[],"_links":{"self":[{"href":"https:\/\/www.tornum.com\/es\/wp-json\/wp\/v2\/product\/27660","targetHints":{"allow":["GET"]}}],"collection":[{"href":"https:\/\/www.tornum.com\/es\/wp-json\/wp\/v2\/product"}],"about":[{"href":"https:\/\/www.tornum.com\/es\/wp-json\/wp\/v2\/types\/product"}],"replies":[{"embeddable":true,"href":"https:\/\/www.tornum.com\/es\/wp-json\/wp\/v2\/comments?post=27660"}],"version-history":[{"count":5,"href":"https:\/\/www.tornum.com\/es\/wp-json\/wp\/v2\/product\/27660\/revisions"}],"predecessor-version":[{"id":30154,"href":"https:\/\/www.tornum.com\/es\/wp-json\/wp\/v2\/product\/27660\/revisions\/30154"}],"wp:featuredmedia":[{"embeddable":true,"href":"https:\/\/www.tornum.com\/es\/wp-json\/wp\/v2\/media\/26912"}],"wp:attachment":[{"href":"https:\/\/www.tornum.com\/es\/wp-json\/wp\/v2\/media?parent=27660"}],"wp:term":[{"taxonomy":"product_brand","embeddable":true,"href":"https:\/\/www.tornum.com\/es\/wp-json\/wp\/v2\/product_brand?post=27660"},{"taxonomy":"product_cat","embeddable":true,"href":"https:\/\/www.tornum.com\/es\/wp-json\/wp\/v2\/product_cat?post=27660"},{"taxonomy":"product_tag","embeddable":true,"href":"https:\/\/www.tornum.com\/es\/wp-json\/wp\/v2\/product_tag?post=27660"}],"curies":[{"name":"wp","href":"https:\/\/api.w.org\/{rel}","templated":true}]}}