{"id":27661,"date":"2023-01-29T22:13:53","date_gmt":"2023-01-29T22:13:53","guid":{"rendered":"https:\/\/www.tornum.com\/product\/continuous-grain-dryer-hr\/"},"modified":"2025-07-14T06:58:06","modified_gmt":"2025-07-14T06:58:06","slug":"secadero-continuo-de-grano-hr","status":"publish","type":"product","link":"https:\/\/www.tornum.com\/es\/producto\/secadero-continuo-de-grano-hr\/","title":{"rendered":"SECADERO CONTINUO DE GRANO HR"},"content":{"rendered":"<div class=\"wpb-content-wrapper\"><p>[vc_row gap=\u00bb35&#8243;][vc_column width=\u00bb2\/3&#8243;][vc_column_text]El secadero de granos HR (Recuperaci\u00f3n de Calor) de Tornum es el resultado de nuestros esfuerzos continuos por desarrollar nuestra gama de productos para reducir el consumo de energ\u00eda y, por lo tanto, el impacto ambiental. El secadero de granos HR utiliza la energ\u00eda que se perder\u00eda en un secadero de granos tradicional. Normalmente, se recupera hasta un 30% del calor. El dise\u00f1o \u00fanico de HR tambi\u00e9n proporciona un entorno de trabajo m\u00e1s silencioso y limpio. Como todos los secaderos de granos de Tornum, la serie HR est\u00e1 fabricada con acero galvanizado por inmersi\u00f3n en caliente.<\/p>\n<p><strong>EQUIPAMIENTO ESTANDAR<\/strong><\/p>\n<ul>\n<li>Indicador de nivel<\/li>\n<li>C\u00e1mara de aire h\u00famedo<\/li>\n<li>Secci\u00f3n de descarga &#8211; pulsaci\u00f3n<\/li>\n<li>Sensor de nivel<\/li>\n<li>Zona de almacenamiento intermedio<\/li>\n<li>Sistema de detecci\u00f3n de incendios<\/li>\n<li>Escaleras y plataformas<\/li>\n<li>Zona de recuperaci\u00f3n<\/li>\n<li>Control de contenido de humedad<\/li>\n<li>Medici\u00f3n de presi\u00f3n para ajuste de arranque<\/li>\n<\/ul>\n<p>[\/vc_column_text][\/vc_column][vc_column width=\u00bb1\/3&#8243;][vc_column_text]<strong>Reduce el consumo de energ\u00eda hasta un 30 por ciento.<\/strong><\/p>\n<p>Alrededor de un cuarto del aire m\u00e1s caliente en un secadero de granos HR se recircula. El aire recuperado pasa por una zona de recirculaci\u00f3n y luego se mezcla con el aire de enfriamiento calentado. Dado que el aire reciclado es m\u00e1s c\u00e1lido que el aire ambiente, puedes reducir el suministro de energ\u00eda para el quemador de gas (en comparaci\u00f3n con el uso solo de aire fresco) y a\u00fan as\u00ed alcanzar la temperatura de secado deseada. El dise\u00f1o del secadero HR tambi\u00e9n significa que los ventiladores de escape en la parte superior del secador de granos requieren menos potencia. <strong>Mira un video en <a href=\"https:\/\/www.youtube.com\/watch?v=HOoipzpGT4w\">Youtube<\/a> para ver el flujo de aire en el secador.<\/strong><\/p>\n<p><strong>OPCIONES<\/strong><\/p>\n<ul>\n<li>Mayor zona de almacenamiento intermedio<\/li>\n<li>Separaci\u00f3n de polvo que incluye el tornillo de descarga<\/li>\n<li>Silenciador<\/li>\n<\/ul>\n<p>[\/vc_column_text][\/vc_column][\/vc_row]<\/p>\n<\/div>","protected":false},"excerpt":{"rendered":"<p>El secadero de granos HR (Recuperaci\u00f3n de Calor) de Tornum es una innovaci\u00f3n energ\u00e9ticamente eficiente que captura y utiliza hasta un 30% del calor que t\u00edpicamente se perder\u00eda en un secadero de granos tradicional, contribuyendo a reducir el consumo de energ\u00eda y el impacto ambiental.<\/p>\n","protected":false},"featured_media":26372,"comment_status":"open","ping_status":"closed","template":"","meta":{"_acf_changed":false},"product_brand":[],"product_cat":[747,762,754,755,748,775],"product_tag":[757,758,776,759],"class_list":{"0":"post-27661","1":"product","2":"type-product","3":"status-publish","4":"has-post-thumbnail","6":"product_cat-all-products-es","7":"product_cat-feed-es","8":"product_cat-food-2-es","9":"product_cat-grain-es","10":"product_cat-conditioning-es","11":"product_cat-grain-dryers-es","12":"product_tag-burner-es","13":"product_tag-dryer-es","14":"product_tag-dryer-tk-es","15":"product_tag-dryer-tkr-es","16":"pa_products-type-all-products-es","17":"pa_products-type-grain-es","18":"description-off","20":"first","21":"instock","22":"shipping-taxable","23":"product-type-simple"},"acf":[],"_links":{"self":[{"href":"https:\/\/www.tornum.com\/es\/wp-json\/wp\/v2\/product\/27661","targetHints":{"allow":["GET"]}}],"collection":[{"href":"https:\/\/www.tornum.com\/es\/wp-json\/wp\/v2\/product"}],"about":[{"href":"https:\/\/www.tornum.com\/es\/wp-json\/wp\/v2\/types\/product"}],"replies":[{"embeddable":true,"href":"https:\/\/www.tornum.com\/es\/wp-json\/wp\/v2\/comments?post=27661"}],"version-history":[{"count":2,"href":"https:\/\/www.tornum.com\/es\/wp-json\/wp\/v2\/product\/27661\/revisions"}],"predecessor-version":[{"id":27677,"href":"https:\/\/www.tornum.com\/es\/wp-json\/wp\/v2\/product\/27661\/revisions\/27677"}],"wp:featuredmedia":[{"embeddable":true,"href":"https:\/\/www.tornum.com\/es\/wp-json\/wp\/v2\/media\/26372"}],"wp:attachment":[{"href":"https:\/\/www.tornum.com\/es\/wp-json\/wp\/v2\/media?parent=27661"}],"wp:term":[{"taxonomy":"product_brand","embeddable":true,"href":"https:\/\/www.tornum.com\/es\/wp-json\/wp\/v2\/product_brand?post=27661"},{"taxonomy":"product_cat","embeddable":true,"href":"https:\/\/www.tornum.com\/es\/wp-json\/wp\/v2\/product_cat?post=27661"},{"taxonomy":"product_tag","embeddable":true,"href":"https:\/\/www.tornum.com\/es\/wp-json\/wp\/v2\/product_tag?post=27661"}],"curies":[{"name":"wp","href":"https:\/\/api.w.org\/{rel}","templated":true}]}}