{"id":27662,"date":"2023-01-29T22:13:35","date_gmt":"2023-01-29T22:13:35","guid":{"rendered":"https:\/\/www.tornum.com\/product\/continuous-grain-dryer-rex\/"},"modified":"2025-07-30T09:32:43","modified_gmt":"2025-07-30T09:32:43","slug":"secadero-de-grano-continuo-rex","status":"publish","type":"product","link":"https:\/\/www.tornum.com\/es\/producto\/secadero-de-grano-continuo-rex\/","title":{"rendered":"SECADERO DE GRANO CONT\u00cdNUO REX"},"content":{"rendered":"<div class=\"wpb-content-wrapper\"><p>[vc_row][vc_column width=\u00bb2\/3&#8243;][vc_column_text]TORNUM REX, los secadores de granos de pr\u00f3xima generaci\u00f3n.<\/p>\n<p>Durante las \u00faltimas d\u00e9cadas, nuestros secadores de flujo mixto continuo han ganado una s\u00f3lida reputaci\u00f3n por su rendimiento y calidad de \u00faltima generaci\u00f3n en todo el mundo. Ahora, damos un gran salto hacia el futuro del secado con la serie Tornum Rex. A\u00f1os de trabajo de desarrollo han dado como resultado un concepto enormemente mejorado, que agrega nuevas caracter\u00edsticas valiosas que ofrecen un secado m\u00e1s suave y eficiente, una limpieza m\u00e1s f\u00e1cil, un menor consumo de energ\u00eda y caracter\u00edsticas ambientales sobresalientes. En resumen: la pr\u00f3xima generaci\u00f3n, construida sobre d\u00e9cadas de experiencia.[\/vc_column_text][\/vc_column][vc_column width=\u00bb1\/3&#8243;][vc_column_text]<\/p>\n<ul>\n<li>Aislamiento y precalentamiento mejoran el secado<\/li>\n<li>Menos ruido y aire m\u00e1s limpio<\/li>\n<li>Hasta un 30% menos de consumo de combustible en modo HR<\/li>\n<li>Superficies interiores lisas para una limpieza f\u00e1cil<\/li>\n<li>Control activo de polvo eficiente<\/li>\n<li>Ideal para secar en condiciones de heladas<\/li>\n<\/ul>\n<p>[\/vc_column_text][\/vc_column][\/vc_row]<\/p>\n<\/div>","protected":false},"excerpt":{"rendered":"<p>La serie Tornum Rex representa la pr\u00f3xima generaci\u00f3n de secaderos de granos, con caracter\u00edsticas mejoradas para un secado m\u00e1s suave y eficiente, una limpieza m\u00e1s f\u00e1cil, un menor consumo de energ\u00eda y caracter\u00edsticas ambientales superiores, basadas en d\u00e9cadas de experiencia y una s\u00f3lida reputaci\u00f3n en rendimiento y calidad.<\/p>\n","protected":false},"featured_media":26373,"comment_status":"open","ping_status":"closed","template":"","meta":{"_acf_changed":false},"product_brand":[],"product_cat":[747,762,754,755,748,775],"product_tag":[757,758,776,759],"class_list":{"0":"post-27662","1":"product","2":"type-product","3":"status-publish","4":"has-post-thumbnail","6":"product_cat-all-products-es","7":"product_cat-feed-es","8":"product_cat-food-2-es","9":"product_cat-grain-es","10":"product_cat-conditioning-es","11":"product_cat-grain-dryers-es","12":"product_tag-burner-es","13":"product_tag-dryer-es","14":"product_tag-dryer-tk-es","15":"product_tag-dryer-tkr-es","17":"first","18":"instock","19":"shipping-taxable","20":"product-type-simple"},"acf":[],"_links":{"self":[{"href":"https:\/\/www.tornum.com\/es\/wp-json\/wp\/v2\/product\/27662","targetHints":{"allow":["GET"]}}],"collection":[{"href":"https:\/\/www.tornum.com\/es\/wp-json\/wp\/v2\/product"}],"about":[{"href":"https:\/\/www.tornum.com\/es\/wp-json\/wp\/v2\/types\/product"}],"replies":[{"embeddable":true,"href":"https:\/\/www.tornum.com\/es\/wp-json\/wp\/v2\/comments?post=27662"}],"version-history":[{"count":2,"href":"https:\/\/www.tornum.com\/es\/wp-json\/wp\/v2\/product\/27662\/revisions"}],"predecessor-version":[{"id":27679,"href":"https:\/\/www.tornum.com\/es\/wp-json\/wp\/v2\/product\/27662\/revisions\/27679"}],"wp:featuredmedia":[{"embeddable":true,"href":"https:\/\/www.tornum.com\/es\/wp-json\/wp\/v2\/media\/26373"}],"wp:attachment":[{"href":"https:\/\/www.tornum.com\/es\/wp-json\/wp\/v2\/media?parent=27662"}],"wp:term":[{"taxonomy":"product_brand","embeddable":true,"href":"https:\/\/www.tornum.com\/es\/wp-json\/wp\/v2\/product_brand?post=27662"},{"taxonomy":"product_cat","embeddable":true,"href":"https:\/\/www.tornum.com\/es\/wp-json\/wp\/v2\/product_cat?post=27662"},{"taxonomy":"product_tag","embeddable":true,"href":"https:\/\/www.tornum.com\/es\/wp-json\/wp\/v2\/product_tag?post=27662"}],"curies":[{"name":"wp","href":"https:\/\/api.w.org\/{rel}","templated":true}]}}