{"id":27663,"date":"2023-03-05T22:36:52","date_gmt":"2023-03-05T22:36:52","guid":{"rendered":"https:\/\/www.tornum.com\/product\/continuous-grain-dryer-tk\/"},"modified":"2025-07-11T09:47:28","modified_gmt":"2025-07-11T09:47:28","slug":"secadero-de-grano-continuo-tk","status":"publish","type":"product","link":"https:\/\/www.tornum.com\/es\/producto\/secadero-de-grano-continuo-tk\/","title":{"rendered":"SECADERO DE GRANO CONT\u00cdNUO TK"},"content":{"rendered":"<div class=\"wpb-content-wrapper\"><p>[vc_row gap=\u00bb35&#8243;][vc_column width=\u00bb2\/3&#8243;][vc_column_text]El secadero de granos de flujo mixto continuo TK de Tornum est\u00e1 dise\u00f1ado para proporcionar una buen ahorro de calefacci\u00f3n y un secado suave del grano. La calidad excepcional y las caracter\u00edsticas de dise\u00f1o \u00fanicas han hecho que el secadero de granos TK sea un \u00e9xito en la industria agr\u00edcola.<\/p>\n<p>El secadero TK es igualmente adecuado para uso en interiores o exteriores, y est\u00e1 construido con acero galvanizado por inmersi\u00f3n en caliente para proporcionar una larga vida \u00fatil.<\/p>\n<p>Con la serie TK BIG, Tornum ofrece a la industria agr\u00edcola nuevos niveles de rendimiento. A plena potencia, la versi\u00f3n m\u00e1s grande de nuestro nuevo secadero de granos BIG, el TK16-44, tiene una capacidad de secado de 300 toneladas por hora.<\/p>\n<p>TORNUM construy\u00f3 2 secaderos de granos continuos de flujo mixto BIG TK12-28-4 en Zhmerynka, Ucrania. Cada secadero tiene una capacidad de almacenamiento de 275 m3 y una capacidad de secado de 133 toneladas por hora para trigo. Consulta el video del sitio a continuaci\u00f3n.[\/vc_column_text][\/vc_column][vc_column width=\u00bb1\/3&#8243;][vc_column_text]<strong>EQUIPAMIENTO ESTANDAR<\/strong><\/p>\n<ul>\n<li>Indicador de nivel<\/li>\n<li>C\u00e1mara de aire h\u00famedo<\/li>\n<li>Secci\u00f3n de descarga &#8211; rodillo o pulsar<\/li>\n<li>Sensor de nivel<\/li>\n<li>Zona de almacenamiento intermedio<\/li>\n<li>Zona de enfriamiento variable<\/li>\n<\/ul>\n<p><strong>OPCIONES<\/strong><\/p>\n<ul>\n<li>Escaleras y plataformas<\/li>\n<li>Sistema de detecci\u00f3n de fuego<\/li>\n<li>Silenciador<\/li>\n<li>Mayor zona de amortiguaci\u00f3n<\/li>\n<li>Control \u2013 humedad o temperatura<\/li>\n<\/ul>\n<p>[\/vc_column_text][\/vc_column][\/vc_row]<\/p>\n<\/div>","protected":false},"excerpt":{"rendered":"<p>El secadero de granos de flujo continuo TK de Tornum ofrece un calentamiento eficiente y un secado suave del grano, logrando \u00e9xito en la industria agr\u00edcola debido a su calidad excepcional y caracter\u00edsticas de dise\u00f1o \u00fanicas.<\/p>\n","protected":false},"featured_media":26371,"comment_status":"open","ping_status":"closed","template":"","meta":{"_acf_changed":false},"product_brand":[],"product_cat":[747,762,754,755,748,775],"product_tag":[757,758,804,759],"class_list":{"0":"post-27663","1":"product","2":"type-product","3":"status-publish","4":"has-post-thumbnail","6":"product_cat-all-products-es","7":"product_cat-feed-es","8":"product_cat-food-2-es","9":"product_cat-grain-es","10":"product_cat-conditioning-es","11":"product_cat-grain-dryers-es","12":"product_tag-burner-es","13":"product_tag-dryer-es","14":"product_tag-dryer-rex-es","15":"product_tag-dryer-tkr-es","16":"pa_products-type-all-products-es","17":"pa_products-type-grain-es","19":"first","20":"instock","21":"shipping-taxable","22":"product-type-simple"},"acf":[],"_links":{"self":[{"href":"https:\/\/www.tornum.com\/es\/wp-json\/wp\/v2\/product\/27663","targetHints":{"allow":["GET"]}}],"collection":[{"href":"https:\/\/www.tornum.com\/es\/wp-json\/wp\/v2\/product"}],"about":[{"href":"https:\/\/www.tornum.com\/es\/wp-json\/wp\/v2\/types\/product"}],"replies":[{"embeddable":true,"href":"https:\/\/www.tornum.com\/es\/wp-json\/wp\/v2\/comments?post=27663"}],"version-history":[{"count":2,"href":"https:\/\/www.tornum.com\/es\/wp-json\/wp\/v2\/product\/27663\/revisions"}],"predecessor-version":[{"id":27681,"href":"https:\/\/www.tornum.com\/es\/wp-json\/wp\/v2\/product\/27663\/revisions\/27681"}],"wp:featuredmedia":[{"embeddable":true,"href":"https:\/\/www.tornum.com\/es\/wp-json\/wp\/v2\/media\/26371"}],"wp:attachment":[{"href":"https:\/\/www.tornum.com\/es\/wp-json\/wp\/v2\/media?parent=27663"}],"wp:term":[{"taxonomy":"product_brand","embeddable":true,"href":"https:\/\/www.tornum.com\/es\/wp-json\/wp\/v2\/product_brand?post=27663"},{"taxonomy":"product_cat","embeddable":true,"href":"https:\/\/www.tornum.com\/es\/wp-json\/wp\/v2\/product_cat?post=27663"},{"taxonomy":"product_tag","embeddable":true,"href":"https:\/\/www.tornum.com\/es\/wp-json\/wp\/v2\/product_tag?post=27663"}],"curies":[{"name":"wp","href":"https:\/\/api.w.org\/{rel}","templated":true}]}}