{"id":27664,"date":"2023-04-03T09:35:26","date_gmt":"2023-04-03T09:35:26","guid":{"rendered":"https:\/\/www.tornum.com\/product\/continuous-grain-dryer-tkr\/"},"modified":"2025-07-30T09:41:52","modified_gmt":"2025-07-30T09:41:52","slug":"secadero-de-grano-continuo-tkr","status":"publish","type":"product","link":"https:\/\/www.tornum.com\/es\/producto\/secadero-de-grano-continuo-tkr\/","title":{"rendered":"SECADERO DE GRANO CONT\u00cdNUO TKR"},"content":{"rendered":"<div class=\"wpb-content-wrapper\"><p>[vc_row][vc_column width=\u00bb2\/3&#8243;][vc_column_text]El secadero de granos TKR de Tornum es un secadero de recirculaci\u00f3n con recuperaci\u00f3n de calor. Despu\u00e9s de que el aire haya pasado por los granos en la zona de enfriamiento del secador de granos y, por lo tanto, se haya calentado, se vuelve a calentar en la bobina inferior antes de pasar por la zona inferior de secado.<\/p>\n<p>El aire, ahora ligeramente enfriado y humidificado, se mezcla luego con aire fresco precalentado de una bobina adicional en la parte inferior del conducto de aire caliente superior. El aire se calienta una vez m\u00e1s al pasar por la bobina superior. Ahora, calentado por segunda vez, el aire pasa por los granos en la zona superior de secado antes de salir del secador de granos.<\/p>\n<p>Este dise\u00f1o proporciona ahorros de energ\u00eda del 15% al 20%, dependiendo de la temperatura de secado, el contenido de humedad de entrada y salida y la temperatura ambiente. El control de temperatura se logra mediante un controlador que regula la v\u00e1lvula de derivaci\u00f3n.<\/p>\n<p>Tanto las c\u00e1maras de aire caliente como los de aire de escape est\u00e1n equipados con trampillas de inspecci\u00f3n a las que se puede acceder a trav\u00e9s de una escalera externa, plataformas de inspecci\u00f3n o vigas. Dentro de las trampillas hay una rejilla de suelo y escaleras para inspecci\u00f3n interna.[\/vc_column_text][\/vc_column][vc_column width=\u00bb1\/3&#8243;][vc_column_text]<strong>CARACTER\u00cdSTICAS<\/strong><\/p>\n<ul>\n<li>Recirculaci\u00f3n del aire<\/li>\n<li>Reducci\u00f3n del flujo de aire en un 35\u201345%<\/li>\n<li>Reducci\u00f3n del consumo de energ\u00eda en un 15\u201320%<\/li>\n<li>Bobinas para agua<\/li>\n<li>Diferentes zonas de temperatura<\/li>\n<\/ul>\n<p><strong>OPCIONES<\/strong><\/p>\n<ul>\n<li>Indicador de nivel<\/li>\n<li>Sistema de detecci\u00f3n de incendios<\/li>\n<\/ul>\n<p>[\/vc_column_text][\/vc_column][\/vc_row]<\/p>\n<\/div>","protected":false},"excerpt":{"rendered":"<div class=\"flex flex-grow flex-col gap-3 max-w-full\">\n<div class=\"min-h-[20px] flex flex-col items-start gap-3 overflow-x-auto whitespace-pre-wrap break-words\">\n<div class=\"markdown prose w-full break-words dark:prose-invert light\">\n<p>El secadero de granos TKR de Tornum es un secador continuo energ\u00e9ticamente eficiente con un dise\u00f1o de recirculaci\u00f3n avanzado. No solo seca tus granos, sino que tambi\u00e9n optimiza cada paso, lo que resulta en ahorros de energ\u00eda de hasta un 15-20% mediante m\u00faltiples etapas de calentamiento del aire.<\/p>\n<\/div>\n<\/div>\n<\/div>\n","protected":false},"featured_media":26411,"comment_status":"open","ping_status":"closed","template":"","meta":{"_acf_changed":false},"product_brand":[],"product_cat":[747,762,754,755,748,775],"product_tag":[758,804,776,759],"class_list":{"0":"post-27664","1":"product","2":"type-product","3":"status-publish","4":"has-post-thumbnail","6":"product_cat-all-products-es","7":"product_cat-feed-es","8":"product_cat-food-2-es","9":"product_cat-grain-es","10":"product_cat-conditioning-es","11":"product_cat-grain-dryers-es","12":"product_tag-dryer-es","13":"product_tag-dryer-rex-es","14":"product_tag-dryer-tk-es","15":"product_tag-dryer-tkr-es","16":"pa_products-type-grain-es","17":"description-off","19":"first","20":"instock","21":"shipping-taxable","22":"product-type-simple"},"acf":[],"_links":{"self":[{"href":"https:\/\/www.tornum.com\/es\/wp-json\/wp\/v2\/product\/27664","targetHints":{"allow":["GET"]}}],"collection":[{"href":"https:\/\/www.tornum.com\/es\/wp-json\/wp\/v2\/product"}],"about":[{"href":"https:\/\/www.tornum.com\/es\/wp-json\/wp\/v2\/types\/product"}],"replies":[{"embeddable":true,"href":"https:\/\/www.tornum.com\/es\/wp-json\/wp\/v2\/comments?post=27664"}],"version-history":[{"count":2,"href":"https:\/\/www.tornum.com\/es\/wp-json\/wp\/v2\/product\/27664\/revisions"}],"predecessor-version":[{"id":27683,"href":"https:\/\/www.tornum.com\/es\/wp-json\/wp\/v2\/product\/27664\/revisions\/27683"}],"wp:featuredmedia":[{"embeddable":true,"href":"https:\/\/www.tornum.com\/es\/wp-json\/wp\/v2\/media\/26411"}],"wp:attachment":[{"href":"https:\/\/www.tornum.com\/es\/wp-json\/wp\/v2\/media?parent=27664"}],"wp:term":[{"taxonomy":"product_brand","embeddable":true,"href":"https:\/\/www.tornum.com\/es\/wp-json\/wp\/v2\/product_brand?post=27664"},{"taxonomy":"product_cat","embeddable":true,"href":"https:\/\/www.tornum.com\/es\/wp-json\/wp\/v2\/product_cat?post=27664"},{"taxonomy":"product_tag","embeddable":true,"href":"https:\/\/www.tornum.com\/es\/wp-json\/wp\/v2\/product_tag?post=27664"}],"curies":[{"name":"wp","href":"https:\/\/api.w.org\/{rel}","templated":true}]}}