{"id":27696,"date":"2023-05-14T21:51:07","date_gmt":"2023-05-14T21:51:07","guid":{"rendered":"https:\/\/www.tornum.com\/product\/cyclone\/"},"modified":"2025-07-30T09:48:39","modified_gmt":"2025-07-30T09:48:39","slug":"ciclon","status":"publish","type":"product","link":"https:\/\/www.tornum.com\/es\/producto\/ciclon\/","title":{"rendered":"CICL\u00d3N"},"content":{"rendered":"<div class=\"wpb-content-wrapper\"><p>[vc_row][vc_column width=\u00bb2\/3&#8243;][vc_column_text]Los ciclones de Tornum est\u00e1n dise\u00f1ados para separar los desechos de granos y el aire de la mejor manera posible. La ubicaci\u00f3n de los ciclones y la gesti\u00f3n de los desechos de granos son aspectos importantes en la planificaci\u00f3n de un sistema de manejo de granos con un buen entorno de trabajo.[\/vc_column_text][\/vc_column][vc_column width=\u00bb1\/3&#8243;][vc_column_text]<strong>CARACTER\u00cdSTICAS<\/strong><\/p>\n<ul>\n<li>Fabricados en acero galvanizado por inmersi\u00f3n en caliente<\/li>\n<li>Equipados con conexiones de conductos en espiral para entrada, salida y ventilaci\u00f3n<\/li>\n<\/ul>\n<p><strong>OPTIONS<\/strong><\/p>\n<ul>\n<li>Aspirator<\/li>\n<li>Dust container<\/li>\n<li>DC Remover<\/li>\n<li>Aeration pipe<\/li>\n<li>Cyclone protection roof<\/li>\n<\/ul>\n<p>[\/vc_column_text][\/vc_column][\/vc_row]<\/p>\n<\/div>","protected":false},"excerpt":{"rendered":"<p>Los ciclones de Tornum est\u00e1n dise\u00f1ados cuidadosamente para lograr una separaci\u00f3n eficiente entre los desechos de granos y el aire, un elemento crucial para crear un entorno de trabajo productivo y seguro dentro de un sistema de manejo de granos.<\/p>\n","protected":false},"featured_media":26913,"comment_status":"open","ping_status":"closed","template":"","meta":{"_acf_changed":false},"product_brand":[],"product_cat":[747,755,763,765],"product_tag":[783,805,768,769],"class_list":{"0":"post-27696","1":"product","2":"type-product","3":"status-publish","4":"has-post-thumbnail","6":"product_cat-all-products-es","7":"product_cat-grain-es","8":"product_cat-material-handling-es","9":"product_cat-dust-separation-es","10":"product_tag-cleaning-es","11":"product_tag-cyclone-es","12":"product_tag-dust-es","13":"product_tag-separation-es","14":"description-off","16":"first","17":"instock","18":"shipping-taxable","19":"product-type-simple"},"acf":[],"_links":{"self":[{"href":"https:\/\/www.tornum.com\/es\/wp-json\/wp\/v2\/product\/27696","targetHints":{"allow":["GET"]}}],"collection":[{"href":"https:\/\/www.tornum.com\/es\/wp-json\/wp\/v2\/product"}],"about":[{"href":"https:\/\/www.tornum.com\/es\/wp-json\/wp\/v2\/types\/product"}],"replies":[{"embeddable":true,"href":"https:\/\/www.tornum.com\/es\/wp-json\/wp\/v2\/comments?post=27696"}],"version-history":[{"count":2,"href":"https:\/\/www.tornum.com\/es\/wp-json\/wp\/v2\/product\/27696\/revisions"}],"predecessor-version":[{"id":27709,"href":"https:\/\/www.tornum.com\/es\/wp-json\/wp\/v2\/product\/27696\/revisions\/27709"}],"wp:featuredmedia":[{"embeddable":true,"href":"https:\/\/www.tornum.com\/es\/wp-json\/wp\/v2\/media\/26913"}],"wp:attachment":[{"href":"https:\/\/www.tornum.com\/es\/wp-json\/wp\/v2\/media?parent=27696"}],"wp:term":[{"taxonomy":"product_brand","embeddable":true,"href":"https:\/\/www.tornum.com\/es\/wp-json\/wp\/v2\/product_brand?post=27696"},{"taxonomy":"product_cat","embeddable":true,"href":"https:\/\/www.tornum.com\/es\/wp-json\/wp\/v2\/product_cat?post=27696"},{"taxonomy":"product_tag","embeddable":true,"href":"https:\/\/www.tornum.com\/es\/wp-json\/wp\/v2\/product_tag?post=27696"}],"curies":[{"name":"wp","href":"https:\/\/api.w.org\/{rel}","templated":true}]}}