{"id":27697,"date":"2023-05-14T21:15:17","date_gmt":"2023-05-14T21:15:17","guid":{"rendered":"https:\/\/www.tornum.com\/product\/damas-omega\/"},"modified":"2025-07-30T09:55:15","modified_gmt":"2025-07-30T09:55:15","slug":"damas-omega","status":"publish","type":"product","link":"https:\/\/www.tornum.com\/es\/producto\/damas-omega\/","title":{"rendered":"DAMAS OMEGA"},"content":{"rendered":"<div class=\"wpb-content-wrapper\"><p>[vc_row][vc_column width=\u00bb2\/3&#8243;][vc_column_text]La Omega es muy flexible, y puede utilizarse para todas las tareas de limpieza y clasificaci\u00f3n, desde la pre-limpieza hasta la limpieza fina. La Omega puede suministrarse con o sin recirculaci\u00f3n de aire para adaptarse a los requisitos locales en cuanto al consumo de aire, la recuperaci\u00f3n de calor, etc. Los sistemas de aire para preaspiraci\u00f3n y postaspiraci\u00f3n son completamente independientes, lo que permite ajustes independientes para una operaci\u00f3n m\u00e1s f\u00e1cil combinada con una mayor eficiencia de limpieza.[\/vc_column_text][\/vc_column][vc_column width=\u00bb1\/3&#8243;][vc_column_text]<strong>CARACTER\u00cdSTICAS<\/strong><\/p>\n<ul>\n<li>Encapsulado para niveles de ruido m\u00e1s bajos<\/li>\n<li>Las pantallas de cribado est\u00e1n hechas de WISAform resistente, que est\u00e1 aprobado para su uso con alimentos<\/li>\n<li>Limpieza de la pantalla de cribado con bolas de goma especiales<\/li>\n<li>Control de alimentaci\u00f3n variable como equipo est\u00e1ndar<\/li>\n<li>La distribuci\u00f3n del material en la pantalla de cribado se logra mediante un tornillo (opcional en algunos modelos)<\/li>\n<\/ul>\n<p><strong>OPCIONES<\/strong><\/p>\n<ul>\n<li>Sistema de monitorizaci\u00f3n electr\u00f3nica<\/li>\n<\/ul>\n<p>[\/vc_column_text][\/vc_column][\/vc_row]<\/p>\n<\/div>","protected":false},"excerpt":{"rendered":"<p>La m\u00e1quina de limpieza Omega es vers\u00e1til y adecuada para una amplia gama de tareas de limpieza y clasificaci\u00f3n, con recirculaci\u00f3n de aire opcional para adaptarse a las necesidades locales en cuanto al consumo de aire y la recuperaci\u00f3n de calor.<\/p>\n","protected":false},"featured_media":27126,"comment_status":"open","ping_status":"closed","template":"","meta":{"_acf_changed":false},"product_brand":[],"product_cat":[747,762,754,755,763,782],"product_tag":[783,784,768,769],"class_list":{"0":"post-27697","1":"product","2":"type-product","3":"status-publish","4":"has-post-thumbnail","6":"product_cat-all-products-es","7":"product_cat-feed-es","8":"product_cat-food-2-es","9":"product_cat-grain-es","10":"product_cat-material-handling-es","11":"product_cat-cleaning-machines-es","12":"product_tag-cleaning-es","13":"product_tag-dc-remover-es","14":"product_tag-dust-es","15":"product_tag-separation-es","16":"description-off","18":"first","19":"instock","20":"shipping-taxable","21":"product-type-simple"},"acf":[],"_links":{"self":[{"href":"https:\/\/www.tornum.com\/es\/wp-json\/wp\/v2\/product\/27697","targetHints":{"allow":["GET"]}}],"collection":[{"href":"https:\/\/www.tornum.com\/es\/wp-json\/wp\/v2\/product"}],"about":[{"href":"https:\/\/www.tornum.com\/es\/wp-json\/wp\/v2\/types\/product"}],"replies":[{"embeddable":true,"href":"https:\/\/www.tornum.com\/es\/wp-json\/wp\/v2\/comments?post=27697"}],"version-history":[{"count":2,"href":"https:\/\/www.tornum.com\/es\/wp-json\/wp\/v2\/product\/27697\/revisions"}],"predecessor-version":[{"id":27711,"href":"https:\/\/www.tornum.com\/es\/wp-json\/wp\/v2\/product\/27697\/revisions\/27711"}],"wp:featuredmedia":[{"embeddable":true,"href":"https:\/\/www.tornum.com\/es\/wp-json\/wp\/v2\/media\/27126"}],"wp:attachment":[{"href":"https:\/\/www.tornum.com\/es\/wp-json\/wp\/v2\/media?parent=27697"}],"wp:term":[{"taxonomy":"product_brand","embeddable":true,"href":"https:\/\/www.tornum.com\/es\/wp-json\/wp\/v2\/product_brand?post=27697"},{"taxonomy":"product_cat","embeddable":true,"href":"https:\/\/www.tornum.com\/es\/wp-json\/wp\/v2\/product_cat?post=27697"},{"taxonomy":"product_tag","embeddable":true,"href":"https:\/\/www.tornum.com\/es\/wp-json\/wp\/v2\/product_tag?post=27697"}],"curies":[{"name":"wp","href":"https:\/\/api.w.org\/{rel}","templated":true}]}}