{"id":27698,"date":"2023-05-14T21:18:40","date_gmt":"2023-05-14T21:18:40","guid":{"rendered":"https:\/\/www.tornum.com\/product\/damas-pulco\/"},"modified":"2025-07-30T10:00:43","modified_gmt":"2025-07-30T10:00:43","slug":"damas-pulco","status":"publish","type":"product","link":"https:\/\/www.tornum.com\/es\/producto\/damas-pulco\/","title":{"rendered":"DAMAS PULCO"},"content":{"rendered":"<p><strong>Aspirador eficiente<\/strong><\/p>\n<p>El Pulco separa eficientemente tanto los cultivos ligeros como los pesados mediante aire. El aspirador puede utilizarse en cualquier planta exactamente donde sea m\u00e1s \u00fatil.<\/p>\n<p>Puede ser para la pre-limpieza en la entrada, para la limpieza adicional de aire en un proceso de limpieza fina, para semillas de cereales antes del tratamiento, para la limpieza industrial o para malta en la descarga.<\/p>\n<p>El Pulco est\u00e1 dise\u00f1ado para realizar la mejor limpieza posible en todas las circunstancias. Tambi\u00e9n puede utilizarse para el fraccionamiento mediante una c\u00e1mara de separaci\u00f3n para granos.<\/p>\n<p>El Pulco es una construcci\u00f3n simple y respetuosa con el medio ambiente, y es f\u00e1cil de operar. Se puede proporcionar con control remoto.<\/p>\n<ul>\n<li>El Pulco es autolimpiante y tiene un flujo de aire perfecto debido a la distribuci\u00f3n ideal del material.<\/li>\n<li>La m\u00e1quina no produce vibraciones y requiere muy poco espacio en relaci\u00f3n con su capacidad.<\/li>\n<li>El Pulco es silencioso, consume poca energ\u00eda y es respetuoso con el medio ambiente.<\/li>\n<li>Un programa completo de accesorios en m\u00f3dulos asegura la posibilidad de satisfacer los requisitos presentes y futuros.<\/li>\n<\/ul>\n","protected":false},"excerpt":{"rendered":"<p>El Pulco es un aspirador eficiente que separa los cultivos ligeros y pesados mediante aire, adaptable para diversas aplicaciones que incluyen pre-limpieza, limpieza fina, tratamiento de semillas, limpieza industrial y procesamiento de malta.<\/p>\n","protected":false},"featured_media":26637,"comment_status":"open","ping_status":"closed","template":"","meta":{"_acf_changed":false},"product_brand":[],"product_cat":[747,755,763,782],"product_tag":[783,784,768,769],"class_list":{"0":"post-27698","1":"product","2":"type-product","3":"status-publish","4":"has-post-thumbnail","6":"product_cat-all-products-es","7":"product_cat-grain-es","8":"product_cat-material-handling-es","9":"product_cat-cleaning-machines-es","10":"product_tag-cleaning-es","11":"product_tag-dc-remover-es","12":"product_tag-dust-es","13":"product_tag-separation-es","14":"description-off","16":"first","17":"instock","18":"shipping-taxable","19":"product-type-simple"},"acf":[],"_links":{"self":[{"href":"https:\/\/www.tornum.com\/es\/wp-json\/wp\/v2\/product\/27698","targetHints":{"allow":["GET"]}}],"collection":[{"href":"https:\/\/www.tornum.com\/es\/wp-json\/wp\/v2\/product"}],"about":[{"href":"https:\/\/www.tornum.com\/es\/wp-json\/wp\/v2\/types\/product"}],"replies":[{"embeddable":true,"href":"https:\/\/www.tornum.com\/es\/wp-json\/wp\/v2\/comments?post=27698"}],"version-history":[{"count":2,"href":"https:\/\/www.tornum.com\/es\/wp-json\/wp\/v2\/product\/27698\/revisions"}],"predecessor-version":[{"id":27713,"href":"https:\/\/www.tornum.com\/es\/wp-json\/wp\/v2\/product\/27698\/revisions\/27713"}],"wp:featuredmedia":[{"embeddable":true,"href":"https:\/\/www.tornum.com\/es\/wp-json\/wp\/v2\/media\/26637"}],"wp:attachment":[{"href":"https:\/\/www.tornum.com\/es\/wp-json\/wp\/v2\/media?parent=27698"}],"wp:term":[{"taxonomy":"product_brand","embeddable":true,"href":"https:\/\/www.tornum.com\/es\/wp-json\/wp\/v2\/product_brand?post=27698"},{"taxonomy":"product_cat","embeddable":true,"href":"https:\/\/www.tornum.com\/es\/wp-json\/wp\/v2\/product_cat?post=27698"},{"taxonomy":"product_tag","embeddable":true,"href":"https:\/\/www.tornum.com\/es\/wp-json\/wp\/v2\/product_tag?post=27698"}],"curies":[{"name":"wp","href":"https:\/\/api.w.org\/{rel}","templated":true}]}}