{"id":27699,"date":"2023-05-14T21:13:07","date_gmt":"2023-05-14T21:13:07","guid":{"rendered":"https:\/\/www.tornum.com\/product\/damas-sigma\/"},"modified":"2025-07-16T10:02:19","modified_gmt":"2025-07-16T10:02:19","slug":"damas-sigma","status":"publish","type":"product","link":"https:\/\/www.tornum.com\/es\/producto\/damas-sigma\/","title":{"rendered":"DAMAS SIGMA"},"content":{"rendered":"<div class=\"wpb-content-wrapper\"><p>[vc_row][vc_column width=\u00bb2\/3&#8243;][vc_column_text]El Sigma est\u00e1 destinado principalmente para la pre-limpieza de granos y otros materiales granulares, pero tambi\u00e9n puede utilizarse para limpieza fina. El Sigma cuenta con pantallas de cribado rotativas y verticales que, gracias a la fuerza centr\u00edfuga, proporcionan capacidades muy altas en relaci\u00f3n al tama\u00f1o de la m\u00e1quina.[\/vc_column_text][\/vc_column][vc_column width=\u00bb1\/3&#8243;][vc_column_text]<strong>CARCATER\u00cdSTICAS<\/strong><\/p>\n<ul>\n<li>Funcionamiento rotativo sin vibraciones<\/li>\n<li>Dise\u00f1ado para demandas m\u00ednimas en cimentaciones<\/li>\n<li>Opci\u00f3n de instalaci\u00f3n flexible: salida giratoria sencilla y compuerta para la salida<\/li>\n<li>Totalmente cerrado para niveles de ruido reducidos y un ambiente libre de polvo<\/li>\n<li>Cepillos de rodillo autoajustables que garantizan una limpieza efectiva de la pantalla de cribado<\/li>\n<li>Secci\u00f3n de salida con unidad de aspiraci\u00f3n altamente efectiva<\/li>\n<\/ul>\n<p><strong>OPCIONES<\/strong><br \/>\n\u2022 Sistema de monitorizaci\u00f3n electr\u00f3nica[\/vc_column_text][\/vc_column][\/vc_row]<\/p>\n<\/div>","protected":false},"excerpt":{"rendered":"<p>El Sigma est\u00e1 dise\u00f1ado para la pre-limpieza eficiente y la limpieza fina de granos y materiales granulares, con pantallas de cribado rotativas y verticales que ofrecen una alta capacidad en relaci\u00f3n a su tama\u00f1o.<\/p>\n","protected":false},"featured_media":27127,"comment_status":"open","ping_status":"closed","template":"","meta":{"_acf_changed":false},"product_brand":[],"product_cat":[747,762,754,755,763,782],"product_tag":[783,806,768,769],"class_list":{"0":"post-27699","1":"product","2":"type-product","3":"status-publish","4":"has-post-thumbnail","6":"product_cat-all-products-es","7":"product_cat-feed-es","8":"product_cat-food-2-es","9":"product_cat-grain-es","10":"product_cat-material-handling-es","11":"product_cat-cleaning-machines-es","12":"product_tag-cleaning-es","13":"product_tag-damas-es","14":"product_tag-dust-es","15":"product_tag-separation-es","16":"description-off","18":"first","19":"instock","20":"shipping-taxable","21":"product-type-simple"},"acf":[],"_links":{"self":[{"href":"https:\/\/www.tornum.com\/es\/wp-json\/wp\/v2\/product\/27699","targetHints":{"allow":["GET"]}}],"collection":[{"href":"https:\/\/www.tornum.com\/es\/wp-json\/wp\/v2\/product"}],"about":[{"href":"https:\/\/www.tornum.com\/es\/wp-json\/wp\/v2\/types\/product"}],"replies":[{"embeddable":true,"href":"https:\/\/www.tornum.com\/es\/wp-json\/wp\/v2\/comments?post=27699"}],"version-history":[{"count":2,"href":"https:\/\/www.tornum.com\/es\/wp-json\/wp\/v2\/product\/27699\/revisions"}],"predecessor-version":[{"id":27715,"href":"https:\/\/www.tornum.com\/es\/wp-json\/wp\/v2\/product\/27699\/revisions\/27715"}],"wp:featuredmedia":[{"embeddable":true,"href":"https:\/\/www.tornum.com\/es\/wp-json\/wp\/v2\/media\/27127"}],"wp:attachment":[{"href":"https:\/\/www.tornum.com\/es\/wp-json\/wp\/v2\/media?parent=27699"}],"wp:term":[{"taxonomy":"product_brand","embeddable":true,"href":"https:\/\/www.tornum.com\/es\/wp-json\/wp\/v2\/product_brand?post=27699"},{"taxonomy":"product_cat","embeddable":true,"href":"https:\/\/www.tornum.com\/es\/wp-json\/wp\/v2\/product_cat?post=27699"},{"taxonomy":"product_tag","embeddable":true,"href":"https:\/\/www.tornum.com\/es\/wp-json\/wp\/v2\/product_tag?post=27699"}],"curies":[{"name":"wp","href":"https:\/\/api.w.org\/{rel}","templated":true}]}}