{"id":27700,"date":"2023-05-14T21:17:15","date_gmt":"2023-05-14T21:17:15","guid":{"rendered":"https:\/\/www.tornum.com\/product\/damas-uniseed-duoseed\/"},"modified":"2025-07-15T11:25:47","modified_gmt":"2025-07-15T11:25:47","slug":"damas-uniseed-duoseed","status":"publish","type":"product","link":"https:\/\/www.tornum.com\/es\/producto\/damas-uniseed-duoseed\/","title":{"rendered":"DAMAS UNISEED\/DUOSEED"},"content":{"rendered":"<div class=\"wpb-content-wrapper\"><p>[vc_row][vc_column width=\u00bb2\/3&#8243;][vc_column_text]Las m\u00e1quinas limpiadoras Damas Uniseed y Duoseed est\u00e1n dise\u00f1adas espec\u00edficamente para la clasificaci\u00f3n y limpieza de granos en las explotaciones agr\u00edcolas, as\u00ed como para el procesamiento de granos a peque\u00f1a escala en la industria. Estas m\u00e1quinas ofrecen el mismo rendimiento y eficiencia de alto nivel que se encuentra en el limpiador\/clasificador de grado industrial Damas OMEGA, pero en un dise\u00f1o compacto y rentable, lo que las hace perfectas para granjas que utilizan granos tanto para alimentaci\u00f3n como para venta.<\/p>\n<p>El Damas DuoSeed, una m\u00e1quina Uniseed dual, optimiza la utilizaci\u00f3n del espacio en su instalaci\u00f3n de procesamiento de granos. Estas m\u00e1quinas vienen en varias configuraciones, completas con dispositivos de alimentaci\u00f3n opcionales, descascaradoras, y unidades de pre-aspiraci\u00f3n.<\/p>\n<p>Las m\u00e1quinas de limpieza Uniseed y Duoseed son particularmente adecuadas para semillas de colza, trigo, cebada, ma\u00edz y m\u00e1s.<\/p>\n<p><strong>C\u00f3mo funcionan<\/strong><\/p>\n<p>Las m\u00e1quinas limpiadoras Uniseed y Duoseed est\u00e1n construidas con acero galvanizado y emplean un m\u00e9todo de limpieza de lecho plano. La pantalla de cribado superior se mueve suavemente en un patr\u00f3n horizontal, mientras que la pantalla de cribado inferior sigue un movimiento oblicuo. Este patr\u00f3n de movimiento \u00fanico, exclusivo de los limpiadores SKIOLD Damas, garantiza un descalibrado altamente eficiente en la pantalla de cribado superior y una clasificaci\u00f3n de material superior.[\/vc_column_text][\/vc_column][vc_column width=\u00bb1\/3&#8243;][vc_column_text]<strong>CARACTER\u00cdSTICAS<\/strong><\/p>\n<ul>\n<li><em> Clasificaci\u00f3n de granos en la finca<\/em>: Las m\u00e1quinas Uniseed y Duoseed son ideales para agricultores que producen su propio alimento para animales o clasifican sus granos en el lugar. Su tama\u00f1o compacto, facilidad de operaci\u00f3n y mantenimiento m\u00ednimo las convierten en una excelente opci\u00f3n, incluso para uso intermitente. Adem\u00e1s, el material de desecho puede ser utilizado en calderas autom\u00e1ticas, minimizando los residuos.<\/li>\n<\/ul>\n<ul>\n<li><em> Mejora de la calidad del grano:<\/em> Eligiendo Uniseed o Duoseed para la limpieza, como por ejemplo de colza o cebada malteada, puedes confiar en que estas m\u00e1quinas ofrecer\u00e1n una calidad excepcional, lo que te permitir\u00e1 obtener precios m\u00e1s altos por tu producto. Estas m\u00e1quinas tambi\u00e9n pueden eliminar eficazmente la mayor\u00eda de los cornezuelos del grano, preservando as\u00ed la calidad de tu producto final.<\/li>\n<\/ul>\n<ul>\n<li><em>Mejora de la germinaci\u00f3n y reducci\u00f3n de costos:<\/em> Los granos bien limpiados germinan mejor, y el material de tratamiento se adhiere de manera m\u00e1s efectiva a los granos individuales, reduciendo la p\u00e9rdida de material y los costos.<\/li>\n<\/ul>\n<ul>\n<li><em> Mayor Valor Alimenticio:<\/em> Cuando se utilizan para la limpieza\/clasificaci\u00f3n de granos destinados a la alimentaci\u00f3n, las m\u00e1quinas Uniseed y Duoseed producen granos de alta calidad de manera consistente, sin contaminantes no deseados, lo que reduce la producci\u00f3n de polvo.<\/li>\n<\/ul>\n<ul>\n<li><em>Costos de Almacenamiento Reducidos<\/em>: Los cereales o semillas clasificados adecuadamente y almacenados, representan un menor riesgo de degradaci\u00f3n debido al moho, hongos, bacterias y \u00e1caros. Esto significa menos preocupaci\u00f3n por el deterioro del grano y menores gastos para el secado posterior.<\/li>\n<\/ul>\n<ul>\n<li><em> Ampliaci\u00f3n de la Vida \u00datil del Equipo:<\/em> Los cereales bien clasificados mejoran el rendimiento y la vida \u00fatil de su equipo de producci\u00f3n, optimizando sus inversiones.<\/li>\n<\/ul>\n<ul>\n<li><em> Dise\u00f1o Duradero:<\/em> Los limpiadores de superficie plana Uniseed y Duoseed est\u00e1n construidos para perdurar, con gabinetes de acero galvanizado y bolas de goma especializadas para mantener limpias las pantalla de cribado. Las vibraciones m\u00ednimas reducen el estr\u00e9s en el suelo o en la suspensi\u00f3n, prolongando la vida \u00fatil de todo su equipo.<\/li>\n<\/ul>\n<ul>\n<li><em> Facilidad de Mantenimiento y manejo:<\/em> Estos limpiadores de superficie plana est\u00e1n dise\u00f1ados para realizar los cambios de pantalla de cribado sin complicaciones y operaciones sencillas d\u00eda a d\u00eda, lo que los hace f\u00e1ciles de aprender y dominar.<\/li>\n<\/ul>\n<p>&nbsp;<\/p>\n<p>[\/vc_column_text][\/vc_column][\/vc_row]<\/p>\n<\/div>","protected":false},"excerpt":{"rendered":"<p>Las m\u00e1quinas limpiadoras Damas Uniseed y Duoseed est\u00e1n dise\u00f1adas para clasificar y limpiar granos de manera eficiente en las explotaciones agr\u00edcolas. Ofrecen un rendimiento de grado industrial en un paquete compacto y rentable, adecuado para granjas que utilizan granos para alimentaci\u00f3n y venta. Estas m\u00e1quinas son ideales para semillas de colza, trigo, cebada y ma\u00edz.<\/p>\n","protected":false},"featured_media":26636,"comment_status":"open","ping_status":"closed","template":"","meta":{"_acf_changed":false},"product_brand":[],"product_cat":[747,762,754,755,763,782],"product_tag":[783,806,768,769],"class_list":{"0":"post-27700","1":"product","2":"type-product","3":"status-publish","4":"has-post-thumbnail","6":"product_cat-all-products-es","7":"product_cat-feed-es","8":"product_cat-food-2-es","9":"product_cat-grain-es","10":"product_cat-material-handling-es","11":"product_cat-cleaning-machines-es","12":"product_tag-cleaning-es","13":"product_tag-damas-es","14":"product_tag-dust-es","15":"product_tag-separation-es","16":"description-off","18":"first","19":"instock","20":"shipping-taxable","21":"product-type-simple"},"acf":[],"_links":{"self":[{"href":"https:\/\/www.tornum.com\/es\/wp-json\/wp\/v2\/product\/27700","targetHints":{"allow":["GET"]}}],"collection":[{"href":"https:\/\/www.tornum.com\/es\/wp-json\/wp\/v2\/product"}],"about":[{"href":"https:\/\/www.tornum.com\/es\/wp-json\/wp\/v2\/types\/product"}],"replies":[{"embeddable":true,"href":"https:\/\/www.tornum.com\/es\/wp-json\/wp\/v2\/comments?post=27700"}],"version-history":[{"count":2,"href":"https:\/\/www.tornum.com\/es\/wp-json\/wp\/v2\/product\/27700\/revisions"}],"predecessor-version":[{"id":27717,"href":"https:\/\/www.tornum.com\/es\/wp-json\/wp\/v2\/product\/27700\/revisions\/27717"}],"wp:featuredmedia":[{"embeddable":true,"href":"https:\/\/www.tornum.com\/es\/wp-json\/wp\/v2\/media\/26636"}],"wp:attachment":[{"href":"https:\/\/www.tornum.com\/es\/wp-json\/wp\/v2\/media?parent=27700"}],"wp:term":[{"taxonomy":"product_brand","embeddable":true,"href":"https:\/\/www.tornum.com\/es\/wp-json\/wp\/v2\/product_brand?post=27700"},{"taxonomy":"product_cat","embeddable":true,"href":"https:\/\/www.tornum.com\/es\/wp-json\/wp\/v2\/product_cat?post=27700"},{"taxonomy":"product_tag","embeddable":true,"href":"https:\/\/www.tornum.com\/es\/wp-json\/wp\/v2\/product_tag?post=27700"}],"curies":[{"name":"wp","href":"https:\/\/api.w.org\/{rel}","templated":true}]}}