{"id":27701,"date":"2023-05-04T09:56:59","date_gmt":"2023-05-04T09:56:59","guid":{"rendered":"https:\/\/www.tornum.com\/product\/dual-batch-dryer-ts-and-tshr\/"},"modified":"2025-07-30T10:11:14","modified_gmt":"2025-07-30T10:11:14","slug":"secadero-de-doble-lote-ts-y-tshr","status":"publish","type":"product","link":"https:\/\/www.tornum.com\/es\/producto\/secadero-de-doble-lote-ts-y-tshr\/","title":{"rendered":"SECADERO DE DOBLE LOTE TS Y TSHR"},"content":{"rendered":"<div class=\"wpb-content-wrapper\"><p>[vc_row gap=\u00bb35&#8243;][vc_column width=\u00bb2\/3&#8243;][vc_column_text]Con la caja de distribuci\u00f3n de aire de Tornum, puedes combinar dos secaderos de lotes para crear un secadero de doble lote. La caja de distribuci\u00f3n de aire est\u00e1 conectada a la fuente de calor y al ventilador de enfriamiento. Con este sistema, el grano se seca en un secadero mientras que el segundo se est\u00e1 enfriando, vaciando y volviendo a llenar. Esto garantiza que la fuente de calor se aproveche completamente y no tienes que preocuparte de cu\u00e1ndo estar\u00e1 listo el secador.<\/p>\n<p><strong>El sistema se compone de:<\/strong><\/p>\n<ul>\n<li>Dos secaderos de lotes<\/li>\n<li>Una caja de distribuci\u00f3n de aire<\/li>\n<li>Un ventilador para enfriamiento<\/li>\n<li>Puede ser automatizado con control de secado<\/li>\n<li>Kit de tuber\u00edas<\/li>\n<li>Compuerta y sensor para control<\/li>\n<\/ul>\n<p>El secadero de doble lote de Tornum puede equiparse con una opci\u00f3n de recuperaci\u00f3n de calor para reducir el tiempo de secado y el consumo de energ\u00eda. Se instala un sensor para medir la temperatura del aire h\u00famedo en el secadero, que se utiliza para controlar el proceso. El secadero de doble lote TSHR est\u00e1 pendiente de patente.<\/p>\n<p><strong>Hasta un 12 por ciento m\u00e1s eficiente<\/strong><\/p>\n<p>Con el dise\u00f1o de nuestro secadero TSHR, solo se necesitan unas pocas compuertas para controlar el flujo de aire caliente entre los dos secadores TS. El aire caliente que ya ha pasado por el grano en el secadero por lotes n\u00famero uno, puede reciclarse y transferirse al secadero por lotes n\u00famero dos, lo que permite precalentar el grano reci\u00e9n llenado. El concepto TSHR es mejor instalarlo en un secadero por lotes doble TS ya existente.[\/vc_column_text][\/vc_column][vc_column width=\u00bb1\/3&#8243;][vc_column_text]<strong>OPCIONES<\/strong><\/p>\n<ul>\n<li>Escaleras y plataformas<\/li>\n<li>Indicador de nivel<\/li>\n<li>Sistema de detecci\u00f3n de incendios<\/li>\n<li>Zona de amortiguaci\u00f3n aumentada<\/li>\n<li>Control de contenido de humedad o temperatura<\/li>\n<li>Descarga por intervalos<\/li>\n<\/ul>\n<p>[\/vc_column_text][\/vc_column][\/vc_row]<\/p>\n<\/div>","protected":false},"excerpt":{"rendered":"<p>Tornum ofrece una innovadora caja de distribuci\u00f3n de aire que permite la combinaci\u00f3n de dos secaderos de lotes para crear un secadero de doble lote, garantizando la utilizaci\u00f3n eficiente de la fuente de calor y ciclos continuos de secado y enfriamiento.<\/p>\n","protected":false},"featured_media":26493,"comment_status":"open","ping_status":"closed","template":"","meta":{"_acf_changed":false},"product_brand":[],"product_cat":[747,755,748,775],"product_tag":[758,776,759,807],"class_list":{"0":"post-27701","1":"product","2":"type-product","3":"status-publish","4":"has-post-thumbnail","6":"product_cat-all-products-es","7":"product_cat-grain-es","8":"product_cat-conditioning-es","9":"product_cat-grain-dryers-es","10":"product_tag-dryer-es","11":"product_tag-dryer-tk-es","12":"product_tag-dryer-tkr-es","13":"product_tag-dryer-ts-es","14":"description-off","16":"first","17":"instock","18":"shipping-taxable","19":"product-type-simple"},"acf":[],"_links":{"self":[{"href":"https:\/\/www.tornum.com\/es\/wp-json\/wp\/v2\/product\/27701","targetHints":{"allow":["GET"]}}],"collection":[{"href":"https:\/\/www.tornum.com\/es\/wp-json\/wp\/v2\/product"}],"about":[{"href":"https:\/\/www.tornum.com\/es\/wp-json\/wp\/v2\/types\/product"}],"replies":[{"embeddable":true,"href":"https:\/\/www.tornum.com\/es\/wp-json\/wp\/v2\/comments?post=27701"}],"version-history":[{"count":2,"href":"https:\/\/www.tornum.com\/es\/wp-json\/wp\/v2\/product\/27701\/revisions"}],"predecessor-version":[{"id":27719,"href":"https:\/\/www.tornum.com\/es\/wp-json\/wp\/v2\/product\/27701\/revisions\/27719"}],"wp:featuredmedia":[{"embeddable":true,"href":"https:\/\/www.tornum.com\/es\/wp-json\/wp\/v2\/media\/26493"}],"wp:attachment":[{"href":"https:\/\/www.tornum.com\/es\/wp-json\/wp\/v2\/media?parent=27701"}],"wp:term":[{"taxonomy":"product_brand","embeddable":true,"href":"https:\/\/www.tornum.com\/es\/wp-json\/wp\/v2\/product_brand?post=27701"},{"taxonomy":"product_cat","embeddable":true,"href":"https:\/\/www.tornum.com\/es\/wp-json\/wp\/v2\/product_cat?post=27701"},{"taxonomy":"product_tag","embeddable":true,"href":"https:\/\/www.tornum.com\/es\/wp-json\/wp\/v2\/product_tag?post=27701"}],"curies":[{"name":"wp","href":"https:\/\/api.w.org\/{rel}","templated":true}]}}