{"id":27702,"date":"2023-05-14T21:49:32","date_gmt":"2023-05-14T21:49:32","guid":{"rendered":"https:\/\/www.tornum.com\/product\/dust-chaff-remover\/"},"modified":"2025-07-30T10:18:08","modified_gmt":"2025-07-30T10:18:08","slug":"removedor-de-polvo-y-salvado","status":"publish","type":"product","link":"https:\/\/www.tornum.com\/es\/producto\/removedor-de-polvo-y-salvado\/","title":{"rendered":"REMOVEDOR DE POLVO Y SALVADO"},"content":{"rendered":"<div class=\"wpb-content-wrapper\"><p>[vc_row][vc_column width=\u00bb2\/3&#8243;][vc_column_text]El DC Remover es un sistema completo para la limpieza \u00e1spera de granos y la separaci\u00f3n de polvo, c\u00e1scaras y pajas m\u00e1s ligeras. Es una unidad de limpieza totalmente integrada y compacta, con ventilador, motor el\u00e9ctrico y cicl\u00f3n, fabricada en acero galvanizado. La limpieza es m\u00e1s efectiva cuando se opera a niveles de capacidad m\u00e1s bajos y los resultados de limpieza \u00f3ptimos solo se obtienen con el sistema completo.<\/p>\n<p>El grano entrante se distribuye sobre una pantalla de cribado con ranuras transversales, lo que permite limpiar el grano de semilla sin riesgo de que el cultivo caiga a trav\u00e9s de ellas y se pierda. El aire es succionado a trav\u00e9s de la pantalla de cribado y el flujo de grano se limpia efectivamente mediante un sistema de aspiraci\u00f3n mientras se eliminan el polvo y la paja. El flujo de aire se puede ajustar para adaptarse a diversos cultivos.<\/p>\n<p>La entrada y salida est\u00e1n disponibles con una secci\u00f3n transversal cuadrada de 180, 250 o 300 mm para conexi\u00f3n a sistemas de conductos RK250 (120-150 toneladas\/hora, Spiro 315). El ventilador se puede girar 360\u00b0, lo que significa que la abertura de salida se puede orientar en la direcci\u00f3n requerida sin necesidad de conductos curvados. El polvo y la paja pueden ser transportados aproximadamente 25 metros en una l\u00ednea de soplado hasta el cicl\u00f3n.[\/vc_column_text][\/vc_column][vc_column width=\u00bb1\/3&#8243;][vc_column_text]<strong>CARACTER\u00cdSTICAS<\/strong><\/p>\n<ul>\n<li>Construido con acero galvanizado de 2 mm de espesor<\/li>\n<li>Equipado con una placa difusora para una distribuci\u00f3n uniforme del material<\/li>\n<li>Capacidad de succi\u00f3n ajustable<\/li>\n<li>Posicionamiento del ventilador ajustable en 360\u00b0<\/li>\n<li>Baja altura de instalaci\u00f3n<\/li>\n<\/ul>\n<p><strong>OPCIONES<\/strong><\/p>\n<ul>\n<li>Cubierta para protecci\u00f3n contra el clima<\/li>\n<li>Cicl\u00f3n<\/li>\n<li>Contenedor de polvo<\/li>\n<\/ul>\n<p>[\/vc_column_text][\/vc_column][\/vc_row]<\/p>\n<\/div>","protected":false},"excerpt":{"rendered":"<p>El DC Remover es un sistema de limpieza de granos compacto y totalmente integrado, hecho de acero galvanizado, dise\u00f1ado para una limpieza \u00e1spera y efectiva, y la separaci\u00f3n de polvo, c\u00e1scaras y pajas m\u00e1s ligeras.<\/p>\n","protected":false},"featured_media":26657,"comment_status":"open","ping_status":"closed","template":"","meta":{"_acf_changed":false},"product_brand":[],"product_cat":[747,755,763,765],"product_tag":[783,784,768,769],"class_list":{"0":"post-27702","1":"product","2":"type-product","3":"status-publish","4":"has-post-thumbnail","6":"product_cat-all-products-es","7":"product_cat-grain-es","8":"product_cat-material-handling-es","9":"product_cat-dust-separation-es","10":"product_tag-cleaning-es","11":"product_tag-dc-remover-es","12":"product_tag-dust-es","13":"product_tag-separation-es","14":"description-off","16":"first","17":"instock","18":"shipping-taxable","19":"product-type-simple"},"acf":[],"_links":{"self":[{"href":"https:\/\/www.tornum.com\/es\/wp-json\/wp\/v2\/product\/27702","targetHints":{"allow":["GET"]}}],"collection":[{"href":"https:\/\/www.tornum.com\/es\/wp-json\/wp\/v2\/product"}],"about":[{"href":"https:\/\/www.tornum.com\/es\/wp-json\/wp\/v2\/types\/product"}],"replies":[{"embeddable":true,"href":"https:\/\/www.tornum.com\/es\/wp-json\/wp\/v2\/comments?post=27702"}],"version-history":[{"count":2,"href":"https:\/\/www.tornum.com\/es\/wp-json\/wp\/v2\/product\/27702\/revisions"}],"predecessor-version":[{"id":27721,"href":"https:\/\/www.tornum.com\/es\/wp-json\/wp\/v2\/product\/27702\/revisions\/27721"}],"wp:featuredmedia":[{"embeddable":true,"href":"https:\/\/www.tornum.com\/es\/wp-json\/wp\/v2\/media\/26657"}],"wp:attachment":[{"href":"https:\/\/www.tornum.com\/es\/wp-json\/wp\/v2\/media?parent=27702"}],"wp:term":[{"taxonomy":"product_brand","embeddable":true,"href":"https:\/\/www.tornum.com\/es\/wp-json\/wp\/v2\/product_brand?post=27702"},{"taxonomy":"product_cat","embeddable":true,"href":"https:\/\/www.tornum.com\/es\/wp-json\/wp\/v2\/product_cat?post=27702"},{"taxonomy":"product_tag","embeddable":true,"href":"https:\/\/www.tornum.com\/es\/wp-json\/wp\/v2\/product_tag?post=27702"}],"curies":[{"name":"wp","href":"https:\/\/api.w.org\/{rel}","templated":true}]}}