{"id":27703,"date":"2023-05-17T12:34:31","date_gmt":"2023-05-17T12:34:31","guid":{"rendered":"https:\/\/www.tornum.com\/product\/dust-container\/"},"modified":"2025-07-30T10:25:42","modified_gmt":"2025-07-30T10:25:42","slug":"contenedor-de-polvo","status":"publish","type":"product","link":"https:\/\/www.tornum.com\/es\/producto\/contenedor-de-polvo\/","title":{"rendered":"CONTENEDOR DE POLVO"},"content":{"rendered":"<div class=\"wpb-content-wrapper\"><p>[vc_row][vc_column width=\u00bb2\/3&#8243;][vc_column_text]El contenedor de polvo de TORNUM se utiliza para recoger el material de la limpiadora, polvo y c\u00e1scara, aspirador, etc. El contenedor se mueve f\u00e1cilmente con el cargador frontal del tractor. Una gran escotilla en la parte delantera permite vaciar f\u00e1cilmente el polvo y la limpieza.[\/vc_column_text][\/vc_column][vc_column width=\u00bb1\/3&#8243;][vc_column_text]<strong>Soporte para el cargador:<\/strong><\/p>\n<ul>\n<li>Euro<\/li>\n<li>Ancho BM<\/li>\n<li>Peque\u00f1o BM<\/li>\n<li>Trim<\/li>\n<li>JCB Q-fit<\/li>\n<li>Zettelmeyer<\/li>\n<li>Otros soportes bajo petici\u00f3n<\/li>\n<\/ul>\n<p>[\/vc_column_text][\/vc_column][\/vc_row]<\/p>\n<\/div>","protected":false},"excerpt":{"rendered":"<p>El contenedor de polvo de Tornum es una soluci\u00f3n ecol\u00f3gica para gestionar el polvo y los residuos de grano de los equipos de limpieza, que cuenta con emisiones de polvo minimizadas, una tapa de conexi\u00f3n r\u00e1pida para un vaciado r\u00e1pido y accesorios para cargadores para satisfacer las necesidades del cliente.<\/p>\n","protected":false},"featured_media":26695,"comment_status":"open","ping_status":"closed","template":"","meta":{"_acf_changed":false},"product_brand":[],"product_cat":[747,763,765],"product_tag":[783,768,769,795],"class_list":{"0":"post-27703","1":"product","2":"type-product","3":"status-publish","4":"has-post-thumbnail","6":"product_cat-all-products-es","7":"product_cat-material-handling-es","8":"product_cat-dust-separation-es","9":"product_tag-cleaning-es","10":"product_tag-dust-es","11":"product_tag-separation-es","12":"product_tag-storage-es","13":"description-off","15":"first","16":"instock","17":"shipping-taxable","18":"product-type-simple"},"acf":[],"_links":{"self":[{"href":"https:\/\/www.tornum.com\/es\/wp-json\/wp\/v2\/product\/27703","targetHints":{"allow":["GET"]}}],"collection":[{"href":"https:\/\/www.tornum.com\/es\/wp-json\/wp\/v2\/product"}],"about":[{"href":"https:\/\/www.tornum.com\/es\/wp-json\/wp\/v2\/types\/product"}],"replies":[{"embeddable":true,"href":"https:\/\/www.tornum.com\/es\/wp-json\/wp\/v2\/comments?post=27703"}],"version-history":[{"count":3,"href":"https:\/\/www.tornum.com\/es\/wp-json\/wp\/v2\/product\/27703\/revisions"}],"predecessor-version":[{"id":29845,"href":"https:\/\/www.tornum.com\/es\/wp-json\/wp\/v2\/product\/27703\/revisions\/29845"}],"wp:featuredmedia":[{"embeddable":true,"href":"https:\/\/www.tornum.com\/es\/wp-json\/wp\/v2\/media\/26695"}],"wp:attachment":[{"href":"https:\/\/www.tornum.com\/es\/wp-json\/wp\/v2\/media?parent=27703"}],"wp:term":[{"taxonomy":"product_brand","embeddable":true,"href":"https:\/\/www.tornum.com\/es\/wp-json\/wp\/v2\/product_brand?post=27703"},{"taxonomy":"product_cat","embeddable":true,"href":"https:\/\/www.tornum.com\/es\/wp-json\/wp\/v2\/product_cat?post=27703"},{"taxonomy":"product_tag","embeddable":true,"href":"https:\/\/www.tornum.com\/es\/wp-json\/wp\/v2\/product_tag?post=27703"}],"curies":[{"name":"wp","href":"https:\/\/api.w.org\/{rel}","templated":true}]}}