{"id":27704,"date":"2023-05-04T12:43:42","date_gmt":"2023-05-04T12:43:42","guid":{"rendered":"https:\/\/www.tornum.com\/product\/feed-bin-ft\/"},"modified":"2025-07-30T10:37:43","modified_gmt":"2025-07-30T10:37:43","slug":"contenedor-de-alimentacion-ft","status":"publish","type":"product","link":"https:\/\/www.tornum.com\/es\/producto\/contenedor-de-alimentacion-ft\/","title":{"rendered":"CONTENEDOR DE ALIMENTACI\u00d3N FT"},"content":{"rendered":"<div class=\"wpb-content-wrapper\"><p>[vc_row gap=\u00bb35&#8243;][vc_column width=\u00bb2\/3&#8243;][vc_column_text]Un contenedor de alimentaci\u00f3n para almacenar granos, concentrados y alimento triturado o molido.<\/p>\n<p>Con el contenedor de alimentaci\u00f3n FT de Tornum, puedes mezclar alimentos comerciales con tus propios ingredientes de la granja. El contenedor est\u00e1 construido sobre cuatro patas cuadradas. Se pueden agregar secciones para alcanzar el volumen deseado, hasta 6 secciones por contenedor.[\/vc_column_text][\/vc_column][vc_column width=\u00bb1\/3&#8243;][vc_column_text]<strong>CARACTER\u00cdSTICAS<\/strong><\/p>\n<ul>\n<li>Tolva y secciones fabricadas con acero galvanizado en caliente<\/li>\n<li>Todas las secciones montadas en la tolva tienen una altura vertical de 505 mm, en l\u00ednea con el sistema modular de Tornum<\/li>\n<li>Todas las partes constituyentes se pueden atornillar para un montaje e instalaci\u00f3n sencillos<\/li>\n<li>Salida de 300 x 300 mm<\/li>\n<li>\u00c1ngulo de reposo de 60\u00b0<\/li>\n<li>Se puede construir utilizando de 1 a 6 secciones<\/li>\n<li>Disponible en 6 tama\u00f1os desde 1 x 1 metros hasta 3 x 3 metros<\/li>\n<\/ul>\n<p><strong>OPCIONES<\/strong><\/p>\n<ul>\n<li>Escotilla de inspecci\u00f3n con rejilla de seguridad, montada en el suelo<\/li>\n<li>Compuerta<\/li>\n<li>Tuber\u00eda de llenado<\/li>\n<li>Cicl\u00f3n<\/li>\n<\/ul>\n<p>[\/vc_column_text][\/vc_column][\/vc_row]<\/p>\n<\/div>","protected":false},"excerpt":{"rendered":"<p>El contenedor de alimentaci\u00f3n FT de Tornum est\u00e1 dise\u00f1ado para almacenar granos, concentrados y alimento triturado o molido, con un dise\u00f1o modular que permite hasta 6 secciones para un volumen personalizable.<\/p>\n","protected":false},"featured_media":26703,"comment_status":"open","ping_status":"closed","template":"","meta":{"_acf_changed":false},"product_brand":[],"product_cat":[747,762,754,792,808],"product_tag":[779,797,753,795],"class_list":{"0":"post-27704","1":"product","2":"type-product","3":"status-publish","4":"has-post-thumbnail","6":"product_cat-all-products-es","7":"product_cat-feed-es","8":"product_cat-food-2-es","9":"product_cat-storage-es","10":"product_cat-feed-bin-es","11":"product_tag-bin-es","12":"product_tag-building-es","13":"product_tag-silo-es","14":"product_tag-storage-es","15":"description-off","17":"first","18":"instock","19":"shipping-taxable","20":"product-type-simple"},"acf":[],"_links":{"self":[{"href":"https:\/\/www.tornum.com\/es\/wp-json\/wp\/v2\/product\/27704","targetHints":{"allow":["GET"]}}],"collection":[{"href":"https:\/\/www.tornum.com\/es\/wp-json\/wp\/v2\/product"}],"about":[{"href":"https:\/\/www.tornum.com\/es\/wp-json\/wp\/v2\/types\/product"}],"replies":[{"embeddable":true,"href":"https:\/\/www.tornum.com\/es\/wp-json\/wp\/v2\/comments?post=27704"}],"version-history":[{"count":1,"href":"https:\/\/www.tornum.com\/es\/wp-json\/wp\/v2\/product\/27704\/revisions"}],"predecessor-version":[{"id":27725,"href":"https:\/\/www.tornum.com\/es\/wp-json\/wp\/v2\/product\/27704\/revisions\/27725"}],"wp:featuredmedia":[{"embeddable":true,"href":"https:\/\/www.tornum.com\/es\/wp-json\/wp\/v2\/media\/26703"}],"wp:attachment":[{"href":"https:\/\/www.tornum.com\/es\/wp-json\/wp\/v2\/media?parent=27704"}],"wp:term":[{"taxonomy":"product_brand","embeddable":true,"href":"https:\/\/www.tornum.com\/es\/wp-json\/wp\/v2\/product_brand?post=27704"},{"taxonomy":"product_cat","embeddable":true,"href":"https:\/\/www.tornum.com\/es\/wp-json\/wp\/v2\/product_cat?post=27704"},{"taxonomy":"product_tag","embeddable":true,"href":"https:\/\/www.tornum.com\/es\/wp-json\/wp\/v2\/product_tag?post=27704"}],"curies":[{"name":"wp","href":"https:\/\/api.w.org\/{rel}","templated":true}]}}