{"id":27705,"date":"2023-03-23T18:48:14","date_gmt":"2023-03-23T18:48:14","guid":{"rendered":"https:\/\/www.tornum.com\/product\/grain-cooler\/"},"modified":"2026-04-22T09:44:24","modified_gmt":"2026-04-22T09:44:24","slug":"enfriador-de-grano","status":"publish","type":"product","link":"https:\/\/www.tornum.com\/es\/producto\/enfriador-de-grano\/","title":{"rendered":"GRAIN COOLER"},"content":{"rendered":"<div class=\"wpb-content-wrapper\"><p>[vc_row gap=\u00bb35&#8243;][vc_column width=\u00bb2\/3&#8243;][vc_column_text css=\u00bb\u00bb]<\/p>\n<section class=\"text-token-text-primary w-full focus:outline-none [--shadow-height:45px] has-data-writing-block:pointer-events-none has-data-writing-block:-mt-(--shadow-height) has-data-writing-block:pt-(--shadow-height) [&amp;:has([data-writing-block])&gt;*]:pointer-events-auto [content-visibility:auto] supports-[content-visibility:auto]:[contain-intrinsic-size:auto_100lvh] R6Vx5W_threadScrollVars scroll-mb-[calc(var(--scroll-root-safe-area-inset-bottom,0px)+var(--thread-response-height))] scroll-mt-[calc(var(--header-height)+min(200px,max(70px,20svh)))]\" dir=\"auto\" data-turn-id=\"request-WEB:8d179641-749f-4de1-aa1a-04ad80699559-117\" data-testid=\"conversation-turn-236\" data-scroll-anchor=\"false\" data-turn=\"assistant\">\n<div class=\"text-base my-auto mx-auto pb-10 [--thread-content-margin:var(--thread-content-margin-xs,calc(var(--spacing)*4))] @w-sm\/main:[--thread-content-margin:var(--thread-content-margin-sm,calc(var(--spacing)*6))] @w-lg\/main:[--thread-content-margin:var(--thread-content-margin-lg,calc(var(--spacing)*16))] px-(--thread-content-margin)\">\n<div class=\"[--thread-content-max-width:40rem] @w-lg\/main:[--thread-content-max-width:48rem] mx-auto max-w-(--thread-content-max-width) flex-1 group\/turn-messages focus-visible:outline-hidden relative flex w-full min-w-0 flex-col agent-turn\">\n<div class=\"flex max-w-full flex-col gap-4 grow\">\n<div class=\"min-h-8 text-message relative flex w-full flex-col items-end gap-2 text-start break-words whitespace-normal outline-none keyboard-focused:focus-ring [.text-message+&amp;]:mt-1\" dir=\"auto\" tabindex=\"0\" data-message-author-role=\"assistant\" data-message-id=\"85b1eaab-45e0-41ab-92e5-28a503750c3c\" data-message-model-slug=\"gpt-5-3-mini\" data-turn-start-message=\"true\">\n<div class=\"flex w-full flex-col gap-1 empty:hidden\">\n<div class=\"markdown prose dark:prose-invert w-full wrap-break-word light markdown-new-styling\">\n<p><b>Soluciones flexibles para todas las necesidades<\/b><\/p>\n<p><span style=\"font-weight: 400;\">Los enfriadores de grano Tornum est\u00e1n disponibles en una amplia gama de tama\u00f1os, desde instalaciones para explotaciones agr\u00edcolas hasta sistemas industriales de mayor escala. Las unidades est\u00e1n dise\u00f1adas para facilitar su instalaci\u00f3n y transporte.<\/span><\/p>\n<p><b>Dise\u00f1o fiable<\/b><\/p>\n<p><span style=\"font-weight: 400;\">Para garantizar un funcionamiento fiable y a largo plazo, el sistema se ha construido con un enfoque en la robustez, la calidad y la tecnolog\u00eda duradera:<\/span><\/p>\n<ul>\n<li style=\"font-weight: 400;\" aria-level=\"1\"><span style=\"font-weight: 400;\">Descongelaci\u00f3n autom\u00e1tica mediante gas caliente (cuando funciona con compresor)<\/span><\/li>\n<li style=\"font-weight: 400;\" aria-level=\"1\"><span style=\"font-weight: 400;\">Tecnolog\u00eda de compresor robusta y fiable<\/span><\/li>\n<li style=\"font-weight: 400;\" aria-level=\"1\"><span style=\"font-weight: 400;\">Refrigerante respetuoso con el medio ambiente (R1234ze) con un valor GWP muy bajo<\/span><\/li>\n<li style=\"font-weight: 400;\" aria-level=\"1\"><span style=\"font-weight: 400;\">Componentes de alta calidad para una vida \u00fatil m\u00e1xima y un mantenimiento m\u00ednimo<\/span><\/li>\n<\/ul>\n<p><span style=\"font-weight: 400;\">El bajo valor GWP significa un impacto clim\u00e1tico significativamente menor en comparaci\u00f3n con los refrigerantes tradicionales, lo que convierte al sistema en una opci\u00f3n preparada para el futuro tanto desde el punto de vista medioambiental como normativo.<\/span><\/p>\n<p><span style=\"font-weight: 400;\">El dise\u00f1o est\u00e1 desarrollado para ofrecer un rendimiento estable a lo largo del tiempo y garantizar un almacenamiento de grano seguro y sostenible.<\/span><\/p>\n<p><b>Tratamiento avanzado del aire<\/b><\/p>\n<p><span style=\"font-weight: 400;\">El aire utilizado en el proceso de enfriamiento se trata cuidadosamente:<\/span><\/p>\n<ul>\n<li style=\"font-weight: 400;\" aria-level=\"1\"><span style=\"font-weight: 400;\">Potentes ventiladores radiales (centr\u00edfugos) para un flujo de aire uniforme<\/span><\/li>\n<li style=\"font-weight: 400;\" aria-level=\"1\"><span style=\"font-weight: 400;\">Opci\u00f3n de ventiladores de alta presi\u00f3n en algunos modelos<\/span><\/li>\n<li style=\"font-weight: 400;\" aria-level=\"1\"><span style=\"font-weight: 400;\">Intercambiador de calor con tubos de cobre y aletas de aluminio<\/span><\/li>\n<li style=\"font-weight: 400;\" aria-level=\"1\"><span style=\"font-weight: 400;\">Deshumidificaci\u00f3n integrada mediante condensaci\u00f3n<\/span><\/li>\n<li style=\"font-weight: 400;\" aria-level=\"1\"><span style=\"font-weight: 400;\">Filtros lavables que normalmente no requieren reemplazo<\/span><\/li>\n<\/ul>\n<p><span style=\"font-weight: 400;\">El aire enfriado se distribuye a trav\u00e9s de la masa de grano mediante un sistema de conductos en el silo o instalaci\u00f3n de almacenamiento.<\/span><\/p>\n<p><b>Control y monitorizaci\u00f3n completos<\/b><\/p>\n<p><span style=\"font-weight: 400;\">El sistema est\u00e1 equipado con tecnolog\u00eda de control moderna:<\/span><\/p>\n<ul>\n<li style=\"font-weight: 400;\" aria-level=\"1\"><span style=\"font-weight: 400;\">Control PLC (Siemens en modelos CHARLY, Allen-Bradley en modelos TURBOGRAIN)<\/span><\/li>\n<li style=\"font-weight: 400;\" aria-level=\"1\"><span style=\"font-weight: 400;\">Interfaz de pantalla t\u00e1ctil f\u00e1cil de usar<\/span><\/li>\n<li style=\"font-weight: 400;\" aria-level=\"1\"><span style=\"font-weight: 400;\">Ventiladores controlados por inversor<\/span><\/li>\n<li style=\"font-weight: 400;\" aria-level=\"1\"><span style=\"font-weight: 400;\">Opci\u00f3n de control remoto mediante Ethernet o Wi-Fi<\/span><\/li>\n<\/ul>\n<p><span style=\"font-weight: 400;\">Los datos de funcionamiento se registran continuamente, incluyendo:<\/span><\/p>\n<ul>\n<li style=\"font-weight: 400;\" aria-level=\"1\"><span style=\"font-weight: 400;\">Temperatura y humedad<\/span><\/li>\n<li style=\"font-weight: 400;\" aria-level=\"1\"><span style=\"font-weight: 400;\">Presi\u00f3n del sistema<\/span><\/li>\n<li style=\"font-weight: 400;\" aria-level=\"1\"><span style=\"font-weight: 400;\">Tiempo de funcionamiento y ciclos de descongelaci\u00f3n<\/span><\/li>\n<\/ul>\n<p><b>Basado en experiencia y tecnolog\u00eda probada<\/b><\/p>\n<p><span style=\"font-weight: 400;\">Tornum cuenta con una amplia experiencia en soluciones para la manipulaci\u00f3n y el almacenamiento de grano. Al combinar conocimientos t\u00e9cnicos con una comprensi\u00f3n pr\u00e1ctica de las necesidades de la agricultura, se entregan sistemas fiables y eficientes.<\/span><\/p>\n<p><span style=\"font-weight: 400;\">El resultado es una soluci\u00f3n dise\u00f1ada para funcionar en condiciones reales de almacenamiento, con un enfoque en la fiabilidad, la eficiencia energ\u00e9tica y la facilidad de uso.<\/span><\/p>\n<p><b>Funcionamiento inteligente y automatizado<\/b><\/p>\n<p><span style=\"font-weight: 400;\">El enfriador de grano Tornum monitoriza y controla el proceso de enfriamiento mediante un sistema de sensores avanzado que mide continuamente:<\/span><\/p>\n<ul>\n<li style=\"font-weight: 400;\" aria-level=\"1\"><span style=\"font-weight: 400;\">Temperatura y humedad del aire exterior<\/span><\/li>\n<li style=\"font-weight: 400;\" aria-level=\"1\"><span style=\"font-weight: 400;\">Temperatura del aire tratado<\/span><\/li>\n<li style=\"font-weight: 400;\" aria-level=\"1\"><span style=\"font-weight: 400;\">Presi\u00f3n y temperatura del sistema de refrigeraci\u00f3n<\/span><\/li>\n<li style=\"font-weight: 400;\" aria-level=\"1\"><span style=\"font-weight: 400;\">Flujo de aire hacia el silo o almacenamiento<\/span><\/li>\n<\/ul>\n<p><span style=\"font-weight: 400;\">El sistema ajusta autom\u00e1ticamente el funcionamiento y enfr\u00eda el grano paso a paso, asegurando una reducci\u00f3n de temperatura constante y suave.<\/span><\/p>\n<p><b>Tecnolog\u00eda energ\u00e9ticamente eficiente<\/b><\/p>\n<p><span style=\"font-weight: 400;\">El sistema est\u00e1 dise\u00f1ado para minimizar el consumo de energ\u00eda:<\/span><\/p>\n<p><b>Enfriamiento gratuito (Free Cooling)<\/b><b><br \/>\n<\/b><span style=\"font-weight: 400;\"> Utiliza las condiciones fr\u00edas exteriores para enfriar sin funcionamiento del compresor.<\/span><\/p>\n<p><b>Funci\u00f3n de ahorro energ\u00e9tico<\/b><b><br \/>\n<\/b><span style=\"font-weight: 400;\"> El compresor se apaga autom\u00e1ticamente cuando las condiciones lo permiten.<\/span><\/p>\n<p><b>Modo de ventilaci\u00f3n<\/b><b><br \/>\n<\/b><span style=\"font-weight: 400;\"> Funciona como un sistema de ventilaci\u00f3n inteligente basado en la temperatura y la humedad.<\/span><\/p>\n<p><b>Soluciones flexibles para todas las necesidades<\/b><\/p>\n<p><span style=\"font-weight: 400;\">Los enfriadores de grano Tornum est\u00e1n disponibles en una amplia gama de tama\u00f1os, desde instalaciones agr\u00edcolas hasta sistemas industriales de mayor escala. Las unidades est\u00e1n dise\u00f1adas para facilitar su instalaci\u00f3n y transporte.<\/span><\/p>\n<\/div>\n<\/div>\n<\/div>\n<\/div>\n<div class=\"z-0 flex min-h-[46px] justify-start\"><\/div>\n<\/div>\n<\/div>\n<\/section>\n<div class=\"pointer-events-none -mt-px h-px translate-y-[calc(var(--scroll-root-safe-area-inset-bottom)-14*var(--spacing))]\" aria-hidden=\"true\"><\/div>\n<p>[\/vc_column_text][\/vc_column][vc_column width=\u00bb1\/3&#8243;][vc_column_text css=\u00bb\u00bb]<b>Funcionamiento adaptado a condiciones clim\u00e1ticas variables<\/b><\/p>\n<p><span style=\"font-weight: 400;\">El sistema est\u00e1 dise\u00f1ado para funcionar de manera eficiente en condiciones clim\u00e1ticas cambiantes. A temperaturas exteriores m\u00e1s bajas, funciona sin compresor, utilizando el aire ambiente para la refrigeraci\u00f3n en combinaci\u00f3n con ventiladores (y opcionalmente un calentador el\u00e9ctrico).<\/span><\/p>\n<p>&nbsp;<\/p>\n<p><b>Por qu\u00e9 elegir el enfriador de grano Tornum<\/b><\/p>\n<ul>\n<li style=\"font-weight: 400;\" aria-level=\"1\"><span style=\"font-weight: 400;\">Reduce la necesidad de control qu\u00edmico de insectos<\/span><\/li>\n<li style=\"font-weight: 400;\" aria-level=\"1\"><span style=\"font-weight: 400;\">Conserva la calidad del grano y prolonga su vida de almacenamiento<\/span><\/li>\n<li style=\"font-weight: 400;\" aria-level=\"1\"><span style=\"font-weight: 400;\">Puede ayudar a reducir el contenido de humedad en condiciones adecuadas<\/span><\/li>\n<li style=\"font-weight: 400;\" aria-level=\"1\"><span style=\"font-weight: 400;\">Bajo consumo de energ\u00eda<\/span><\/li>\n<li style=\"font-weight: 400;\" aria-level=\"1\"><span style=\"font-weight: 400;\">Instalaci\u00f3n sencilla<\/span><\/li>\n<li style=\"font-weight: 400;\" aria-level=\"1\"><span style=\"font-weight: 400;\">Funcionamiento totalmente autom\u00e1tico<\/span><\/li>\n<\/ul>\n<p>[\/vc_column_text][\/vc_column][\/vc_row]<\/p>\n<\/div>","protected":false},"excerpt":{"rendered":"<h3 data-start=\"0\" data-end=\"117\">Enfriador de grano Tornum \u2013 enfriamiento avanzado de grano para un almacenamiento seguro y una calidad preservada<\/h3>\n<p data-start=\"119\" data-end=\"450\">El grano es un material vivo que contin\u00faa respirando despu\u00e9s de la cosecha. Sin condiciones \u00f3ptimas de almacenamiento, tanto el peso como la calidad pueden deteriorarse con el tiempo. El calor, la humedad, el moho y los insectos son algunas de las mayores amenazas, pero con la tecnolog\u00eda adecuada estos riesgos pueden minimizarse.<\/p>\n<p data-start=\"452\" data-end=\"728\" data-is-last-node=\"\" data-is-only-node=\"\">El enfriador de grano Tornum es una soluci\u00f3n moderna y energ\u00e9ticamente eficiente que ofrece un control total del clima de almacenamiento. Al regular la temperatura y la humedad, se crean condiciones estables para un almacenamiento seguro, sin necesidad de pesticidas qu\u00edmicos.<\/p>\n","protected":false},"featured_media":26785,"comment_status":"open","ping_status":"closed","template":"","meta":{"_acf_changed":false},"product_brand":[],"product_cat":[747,755,748,809],"product_tag":[766,751,810,811],"class_list":{"0":"post-27705","1":"product","2":"type-product","3":"status-publish","4":"has-post-thumbnail","6":"product_cat-all-products-es","7":"product_cat-grain-es","8":"product_cat-conditioning-es","9":"product_cat-grain-cooler-es","10":"product_tag-conditioning-es","11":"product_tag-conditioning-laterals-es","12":"product_tag-cooling-es","13":"product_tag-cooling-machine-es","14":"pa_products-type-all-products-es","15":"pa_products-type-grain-es","17":"first","18":"instock","19":"shipping-taxable","20":"product-type-simple"},"acf":[],"_links":{"self":[{"href":"https:\/\/www.tornum.com\/es\/wp-json\/wp\/v2\/product\/27705","targetHints":{"allow":["GET"]}}],"collection":[{"href":"https:\/\/www.tornum.com\/es\/wp-json\/wp\/v2\/product"}],"about":[{"href":"https:\/\/www.tornum.com\/es\/wp-json\/wp\/v2\/types\/product"}],"replies":[{"embeddable":true,"href":"https:\/\/www.tornum.com\/es\/wp-json\/wp\/v2\/comments?post=27705"}],"version-history":[{"count":12,"href":"https:\/\/www.tornum.com\/es\/wp-json\/wp\/v2\/product\/27705\/revisions"}],"predecessor-version":[{"id":54092,"href":"https:\/\/www.tornum.com\/es\/wp-json\/wp\/v2\/product\/27705\/revisions\/54092"}],"wp:featuredmedia":[{"embeddable":true,"href":"https:\/\/www.tornum.com\/es\/wp-json\/wp\/v2\/media\/26785"}],"wp:attachment":[{"href":"https:\/\/www.tornum.com\/es\/wp-json\/wp\/v2\/media?parent=27705"}],"wp:term":[{"taxonomy":"product_brand","embeddable":true,"href":"https:\/\/www.tornum.com\/es\/wp-json\/wp\/v2\/product_brand?post=27705"},{"taxonomy":"product_cat","embeddable":true,"href":"https:\/\/www.tornum.com\/es\/wp-json\/wp\/v2\/product_cat?post=27705"},{"taxonomy":"product_tag","embeddable":true,"href":"https:\/\/www.tornum.com\/es\/wp-json\/wp\/v2\/product_tag?post=27705"}],"curies":[{"name":"wp","href":"https:\/\/api.w.org\/{rel}","templated":true}]}}