{"id":27707,"date":"2023-05-04T11:13:10","date_gmt":"2023-05-04T11:13:10","guid":{"rendered":"https:\/\/www.tornum.com\/product\/grain-storage-silos\/"},"modified":"2025-07-30T11:13:48","modified_gmt":"2025-07-30T11:13:48","slug":"silos-para-almacenamiento-de-grano","status":"publish","type":"product","link":"https:\/\/www.tornum.com\/es\/producto\/silos-para-almacenamiento-de-grano\/","title":{"rendered":"SILOS PARA ALMACENAMIENTO DE GRANO"},"content":{"rendered":"<div class=\"wpb-content-wrapper\"><p>[vc_row][vc_column width=\u00bb2\/3&#8243;][vc_column_text]Los silos de almacenamiento de Tornum est\u00e1n dise\u00f1ados para el almacenamiento final de todos los cereales de flujo libre. Los segmentos del techo, fabricados con acero de alta calidad y resistencia, est\u00e1n acanalados y forman un sistema de techo modular excepcionalmente resistente. Las chapas laterales galvanizadas tienen un espesor de 0.8 a 3.5 mm, con un revestimiento de hasta 600 g\/m\u00b2. Nuestros silos de almacenamiento est\u00e1n dise\u00f1ados para cumplir con los est\u00e1ndares Euroc\u00f3digo o ASAE\/ANSI y pueden suministrarse con actualizaciones espec\u00edficas para sismicidad, carga de nieve o viento seg\u00fan lo requieran.<\/p>\n<p>Se puede ofrecer una gama completa de accesorios que incluyen puertas laterales, pasarelas, plataformas, torres de soporte, sistemas de aireaci\u00f3n y detecci\u00f3n de temperatura, as\u00ed como equipos de manipulaci\u00f3n mec\u00e1nica.[\/vc_column_text][\/vc_column][vc_column width=\u00bb1\/3&#8243;][\/vc_column][\/vc_row]<\/p>\n<\/div>","protected":false},"excerpt":{"rendered":"<p>Los silos de almacenamiento de Tornum est\u00e1n dise\u00f1ados para el almacenamiento final de todos los cereales de flujo libre. Los segmentos del techo, fabricados con acero de alta calidad y resistencia, est\u00e1n acanalados y forman un sistema de techo modular excepcionalmente resistente.<\/p>\n","protected":false},"featured_media":26964,"comment_status":"open","ping_status":"closed","template":"","meta":{"_acf_changed":false},"product_brand":[],"product_cat":[747,755,792,812],"product_tag":[779,770,753,795],"class_list":{"0":"post-27707","1":"product","2":"type-product","3":"status-publish","4":"has-post-thumbnail","6":"product_cat-all-products-es","7":"product_cat-grain-es","8":"product_cat-storage-es","9":"product_cat-grain-storage-silos-es","10":"product_tag-bin-es","11":"product_tag-monitoring-es","12":"product_tag-silo-es","13":"product_tag-storage-es","14":"description-off","16":"first","17":"instock","18":"shipping-taxable","19":"product-type-simple"},"acf":[],"_links":{"self":[{"href":"https:\/\/www.tornum.com\/es\/wp-json\/wp\/v2\/product\/27707","targetHints":{"allow":["GET"]}}],"collection":[{"href":"https:\/\/www.tornum.com\/es\/wp-json\/wp\/v2\/product"}],"about":[{"href":"https:\/\/www.tornum.com\/es\/wp-json\/wp\/v2\/types\/product"}],"replies":[{"embeddable":true,"href":"https:\/\/www.tornum.com\/es\/wp-json\/wp\/v2\/comments?post=27707"}],"version-history":[{"count":2,"href":"https:\/\/www.tornum.com\/es\/wp-json\/wp\/v2\/product\/27707\/revisions"}],"predecessor-version":[{"id":27731,"href":"https:\/\/www.tornum.com\/es\/wp-json\/wp\/v2\/product\/27707\/revisions\/27731"}],"wp:featuredmedia":[{"embeddable":true,"href":"https:\/\/www.tornum.com\/es\/wp-json\/wp\/v2\/media\/26964"}],"wp:attachment":[{"href":"https:\/\/www.tornum.com\/es\/wp-json\/wp\/v2\/media?parent=27707"}],"wp:term":[{"taxonomy":"product_brand","embeddable":true,"href":"https:\/\/www.tornum.com\/es\/wp-json\/wp\/v2\/product_brand?post=27707"},{"taxonomy":"product_cat","embeddable":true,"href":"https:\/\/www.tornum.com\/es\/wp-json\/wp\/v2\/product_cat?post=27707"},{"taxonomy":"product_tag","embeddable":true,"href":"https:\/\/www.tornum.com\/es\/wp-json\/wp\/v2\/product_tag?post=27707"}],"curies":[{"name":"wp","href":"https:\/\/api.w.org\/{rel}","templated":true}]}}