{"id":27741,"date":"2023-01-29T22:12:39","date_gmt":"2023-01-29T22:12:39","guid":{"rendered":"https:\/\/www.tornum.com\/product\/h-line-conveyors\/"},"modified":"2025-07-31T09:11:43","modified_gmt":"2025-07-31T09:11:43","slug":"transportadores-h-line","status":"publish","type":"product","link":"https:\/\/www.tornum.com\/es\/producto\/transportadores-h-line\/","title":{"rendered":"TRANSPORTADORES H-LINE"},"content":{"rendered":"<p>Esta gama de equipos dedicada a aplicaciones industriales y comerciales con necesidad de uso diario y continuo est\u00e1 disponible para capacidades de transporte de trigo entre 60 y 600 toneladas por hora (tph). La gama completa de equipos incluye equipos verticales, horizontales, curvos e inclinados, dise\u00f1ados para una posici\u00f3n adecuada dentro del flujo de granos. Hay una gama completa de accesorios que incluye deslizadores el\u00e9ctricos y neum\u00e1ticos, sensores de seguridad, sensores de velocidad, correas de resistencia especial para productos productos derivados del petr\u00f3leo y muchos otros. El equipo de transporte puede ser personalizado para satisfacer diferentes demandas de los clientes en cuanto a las velocidades de cadena y correa.<\/p>\n","protected":false},"excerpt":{"rendered":"<p>La l\u00ednea H-Line es nuestra l\u00ednea de productos para uso diario, operaciones continuas y producci\u00f3n durante todo el a\u00f1o. H-LINE est\u00e1 desarrollada para cumplir con los rigurosos requisitos de la industria de los cereales.<\/p>\n<p style=\"margin: 0in; background: white;\"><span style=\"font-family: Arial, sans-serif;\">Capacidad: 60-600 toneladas<\/span><\/p>\n","protected":false},"featured_media":26916,"comment_status":"open","ping_status":"closed","template":"","meta":{"_acf_changed":false},"product_brand":[],"product_cat":[747,762,754,755,763,813],"product_tag":[780,784,791,781],"class_list":{"0":"post-27741","1":"product","2":"type-product","3":"status-publish","4":"has-post-thumbnail","6":"product_cat-all-products-es","7":"product_cat-feed-es","8":"product_cat-food-2-es","9":"product_cat-grain-es","10":"product_cat-material-handling-es","11":"product_cat-conveyors-es","12":"product_tag-conveyor-es","13":"product_tag-dc-remover-es","14":"product_tag-elevator-es","15":"product_tag-transport-es","16":"pa_products-type-all-products-es","17":"pa_products-type-feed-es","18":"description-off","20":"first","21":"instock","22":"shipping-taxable","23":"product-type-simple"},"acf":[],"_links":{"self":[{"href":"https:\/\/www.tornum.com\/es\/wp-json\/wp\/v2\/product\/27741","targetHints":{"allow":["GET"]}}],"collection":[{"href":"https:\/\/www.tornum.com\/es\/wp-json\/wp\/v2\/product"}],"about":[{"href":"https:\/\/www.tornum.com\/es\/wp-json\/wp\/v2\/types\/product"}],"replies":[{"embeddable":true,"href":"https:\/\/www.tornum.com\/es\/wp-json\/wp\/v2\/comments?post=27741"}],"version-history":[{"count":2,"href":"https:\/\/www.tornum.com\/es\/wp-json\/wp\/v2\/product\/27741\/revisions"}],"predecessor-version":[{"id":27750,"href":"https:\/\/www.tornum.com\/es\/wp-json\/wp\/v2\/product\/27741\/revisions\/27750"}],"wp:featuredmedia":[{"embeddable":true,"href":"https:\/\/www.tornum.com\/es\/wp-json\/wp\/v2\/media\/26916"}],"wp:attachment":[{"href":"https:\/\/www.tornum.com\/es\/wp-json\/wp\/v2\/media?parent=27741"}],"wp:term":[{"taxonomy":"product_brand","embeddable":true,"href":"https:\/\/www.tornum.com\/es\/wp-json\/wp\/v2\/product_brand?post=27741"},{"taxonomy":"product_cat","embeddable":true,"href":"https:\/\/www.tornum.com\/es\/wp-json\/wp\/v2\/product_cat?post=27741"},{"taxonomy":"product_tag","embeddable":true,"href":"https:\/\/www.tornum.com\/es\/wp-json\/wp\/v2\/product_tag?post=27741"}],"curies":[{"name":"wp","href":"https:\/\/api.w.org\/{rel}","templated":true}]}}