{"id":27742,"date":"2023-05-14T19:58:48","date_gmt":"2023-05-14T19:58:48","guid":{"rendered":"https:\/\/www.tornum.com\/product\/h-line-elevators\/"},"modified":"2025-07-31T09:47:58","modified_gmt":"2025-07-31T09:47:58","slug":"elevadores-h-line","status":"publish","type":"product","link":"https:\/\/www.tornum.com\/es\/producto\/elevadores-h-line\/","title":{"rendered":"ELEVADORES H-LINE"},"content":{"rendered":"<p>Esta gama de equipos dedicados a aplicaciones industriales y comerciales con necesidades de uso diario y continuo est\u00e1 disponible para capacidades de transporte de trigo entre 60 y 600 toneladas por hora (tph). La gama completa de equipos incluye equipos verticales, horizontales, curvos e inclinados, dise\u00f1ados para su posici\u00f3n adecuada dentro del flujo de granos. Hay una gama completa de accesorios que incluye deslizadores el\u00e9ctricos y neum\u00e1ticos, sensores de seguridad, sensores de monitoreo de velocidad, correas de resistencia especial para productos derivados del petr\u00f3leo y muchos otros. El equipo de transporte se puede personalizar para satisfacer diferentes demandas de los clientes en cuanto a velocidades de cadena y correa.<\/p>\n","protected":false},"excerpt":{"rendered":"<div class=\"elementor-element elementor-element-2952415 elementor-widget elementor-widget-woocommerce-product-short-description\" data-id=\"2952415\" data-element_type=\"widget\" data-widget_type=\"woocommerce-product-short-description.default\">\n<div class=\"elementor-widget-container\">\n<div class=\"woocommerce-product-details__short-description\">\n<p>H-Line is our product line for daily use, continual operations and year-round production. H-LINE is developed to fulfil the stringent requirements of the grain industry.<\/p>\n<p>Capacity: 60-600 tonnes<\/p>\n<\/div>\n<\/div>\n<\/div>\n","protected":false},"featured_media":26916,"comment_status":"open","ping_status":"closed","template":"","meta":{"_acf_changed":false},"product_brand":[],"product_cat":[747,762,754,755,763,814],"product_tag":[780,784,791,781],"class_list":{"0":"post-27742","1":"product","2":"type-product","3":"status-publish","4":"has-post-thumbnail","6":"product_cat-all-products-es","7":"product_cat-feed-es","8":"product_cat-food-2-es","9":"product_cat-grain-es","10":"product_cat-material-handling-es","11":"product_cat-elevators-es","12":"product_tag-conveyor-es","13":"product_tag-dc-remover-es","14":"product_tag-elevator-es","15":"product_tag-transport-es","16":"description-off","18":"first","19":"instock","20":"shipping-taxable","21":"product-type-simple"},"acf":[],"_links":{"self":[{"href":"https:\/\/www.tornum.com\/es\/wp-json\/wp\/v2\/product\/27742","targetHints":{"allow":["GET"]}}],"collection":[{"href":"https:\/\/www.tornum.com\/es\/wp-json\/wp\/v2\/product"}],"about":[{"href":"https:\/\/www.tornum.com\/es\/wp-json\/wp\/v2\/types\/product"}],"replies":[{"embeddable":true,"href":"https:\/\/www.tornum.com\/es\/wp-json\/wp\/v2\/comments?post=27742"}],"version-history":[{"count":2,"href":"https:\/\/www.tornum.com\/es\/wp-json\/wp\/v2\/product\/27742\/revisions"}],"predecessor-version":[{"id":27753,"href":"https:\/\/www.tornum.com\/es\/wp-json\/wp\/v2\/product\/27742\/revisions\/27753"}],"wp:featuredmedia":[{"embeddable":true,"href":"https:\/\/www.tornum.com\/es\/wp-json\/wp\/v2\/media\/26916"}],"wp:attachment":[{"href":"https:\/\/www.tornum.com\/es\/wp-json\/wp\/v2\/media?parent=27742"}],"wp:term":[{"taxonomy":"product_brand","embeddable":true,"href":"https:\/\/www.tornum.com\/es\/wp-json\/wp\/v2\/product_brand?post=27742"},{"taxonomy":"product_cat","embeddable":true,"href":"https:\/\/www.tornum.com\/es\/wp-json\/wp\/v2\/product_cat?post=27742"},{"taxonomy":"product_tag","embeddable":true,"href":"https:\/\/www.tornum.com\/es\/wp-json\/wp\/v2\/product_tag?post=27742"}],"curies":[{"name":"wp","href":"https:\/\/api.w.org\/{rel}","templated":true}]}}