{"id":27743,"date":"2023-05-04T10:21:36","date_gmt":"2023-05-04T10:21:36","guid":{"rendered":"https:\/\/www.tornum.com\/product\/heat-exchanger\/"},"modified":"2025-07-30T11:23:33","modified_gmt":"2025-07-30T11:23:33","slug":"intercambiador-de-calor","status":"publish","type":"product","link":"https:\/\/www.tornum.com\/es\/producto\/intercambiador-de-calor\/","title":{"rendered":"INTERCAMBIADOR DE CALOR"},"content":{"rendered":"<div class=\"wpb-content-wrapper\"><p>[vc_row gap=\u00bb35&#8243;][vc_column width=\u00bb2\/3&#8243;][vc_column_text]Los intercambiadores de calor son una alternativa a los hornos de aire caliente y est\u00e1n especialmente adaptados al sistema de secado modular de Tornum. Se puede ofrecer intercambio de calor para agua caliente y vapor, y las fuentes de energ\u00eda adecuadas son paja, astillas de madera, pellets o aceite. El dise\u00f1o flexible significa que podemos personalizar las dimensiones y el volumen de aire de la bobina para adaptarse a sus necesidades espec\u00edficas.<\/p>\n<p><strong>INTERCAMBIADOR DE CALOR UTILIZADO COMO PRECALENTADOR<\/strong><\/p>\n<p>Al precalentar el aire antes de que se libere en el horno, se reduce el consumo total de aceite. La bobina de precalentamiento de TORNUM se puede conectar a un horno de aire caliente.[\/vc_column_text][\/vc_column][vc_column width=\u00bb1\/3&#8243;][vc_column_text]<strong>CARACTER\u00cdSTICAS<\/strong><\/p>\n<ul>\n<li>Intercambiadores de calor aletados con tuber\u00edas de cobre y aletas de aluminio expandido mec\u00e1nicamente fijadas.<\/li>\n<li>Las bobinas operan seg\u00fan el principio de contracorriente, lo que resulta en una eficiencia muy alta.<\/li>\n<li>Marco de montaje resistente dise\u00f1ado para el sistema modular de Tornum que proporciona una instalaci\u00f3n f\u00e1cil y una colocaci\u00f3n protegida.<\/li>\n<li>Los cabezales y las conexiones para accesorios de agua pueden colocarse en cualquier lado.<\/li>\n<li>Los cabezales tienen salidas tapadas para ventilaci\u00f3n y drenaje. Las conexiones de la bobina en el lado l\u00edquido tienen roscas externas.<\/li>\n<\/ul>\n<p>[\/vc_column_text][\/vc_column][\/vc_row]<\/p>\n<\/div>","protected":false},"excerpt":{"rendered":"<p>Los intercambiadores de calor son una alternativa a los hornos de aire caliente y est\u00e1n especialmente adaptados al sistema de secado modular de Tornum. Se puede ofrecer intercambio de calor para agua caliente y vapor, y las fuentes de energ\u00eda adecuadas son paja, astillas de madera, pellets o aceite.<\/p>\n","protected":false},"featured_media":26503,"comment_status":"open","ping_status":"closed","template":"","meta":{"_acf_changed":false},"product_brand":[],"product_cat":[747,755,748,756],"product_tag":[757,758,776,772],"class_list":{"0":"post-27743","1":"product","2":"type-product","3":"status-publish","4":"has-post-thumbnail","6":"product_cat-all-products-es","7":"product_cat-grain-es","8":"product_cat-conditioning-es","9":"product_cat-heat-sources-es","10":"product_tag-burner-es","11":"product_tag-dryer-es","12":"product_tag-dryer-tk-es","13":"product_tag-plc-es","14":"description-off","16":"first","17":"instock","18":"shipping-taxable","19":"product-type-simple"},"acf":[],"_links":{"self":[{"href":"https:\/\/www.tornum.com\/es\/wp-json\/wp\/v2\/product\/27743","targetHints":{"allow":["GET"]}}],"collection":[{"href":"https:\/\/www.tornum.com\/es\/wp-json\/wp\/v2\/product"}],"about":[{"href":"https:\/\/www.tornum.com\/es\/wp-json\/wp\/v2\/types\/product"}],"replies":[{"embeddable":true,"href":"https:\/\/www.tornum.com\/es\/wp-json\/wp\/v2\/comments?post=27743"}],"version-history":[{"count":2,"href":"https:\/\/www.tornum.com\/es\/wp-json\/wp\/v2\/product\/27743\/revisions"}],"predecessor-version":[{"id":27755,"href":"https:\/\/www.tornum.com\/es\/wp-json\/wp\/v2\/product\/27743\/revisions\/27755"}],"wp:featuredmedia":[{"embeddable":true,"href":"https:\/\/www.tornum.com\/es\/wp-json\/wp\/v2\/media\/26503"}],"wp:attachment":[{"href":"https:\/\/www.tornum.com\/es\/wp-json\/wp\/v2\/media?parent=27743"}],"wp:term":[{"taxonomy":"product_brand","embeddable":true,"href":"https:\/\/www.tornum.com\/es\/wp-json\/wp\/v2\/product_brand?post=27743"},{"taxonomy":"product_cat","embeddable":true,"href":"https:\/\/www.tornum.com\/es\/wp-json\/wp\/v2\/product_cat?post=27743"},{"taxonomy":"product_tag","embeddable":true,"href":"https:\/\/www.tornum.com\/es\/wp-json\/wp\/v2\/product_tag?post=27743"}],"curies":[{"name":"wp","href":"https:\/\/api.w.org\/{rel}","templated":true}]}}