{"id":27745,"date":"2023-05-04T09:49:40","date_gmt":"2023-05-04T09:49:40","guid":{"rendered":"https:\/\/www.tornum.com\/product\/heat-recovery-dryer-hrc\/"},"modified":"2025-07-30T11:29:37","modified_gmt":"2025-07-30T11:29:37","slug":"secadero-de-recuperacion-de-calor-hrc","status":"publish","type":"product","link":"https:\/\/www.tornum.com\/es\/producto\/secadero-de-recuperacion-de-calor-hrc\/","title":{"rendered":"SECADERO DE RECUPERACI\u00d3N DE CALOR HRC"},"content":{"rendered":"<div class=\"wpb-content-wrapper\"><p>[vc_row gap=\u00bb35&#8243;][vc_column width=\u00bb2\/3&#8243;][vc_column_text]El Secadero de Recuperaci\u00f3n de Calor (HRC) ahorra energ\u00eda sin p\u00e9rdida de su capacidad.<\/p>\n<p>El secadero HRC utiliza la energ\u00eda que se perder\u00eda en un secadero de granos tradicional. Se recupera hasta un 10% del calor. El dise\u00f1o tambi\u00e9n proporciona un entorno de trabajo m\u00e1s silencioso y limpio. Como todos los secaderos de granos de Tornum, el modelo HRC est\u00e1 hecho de acero galvanizado por inmersi\u00f3n en caliente.<\/p>\n<p>El aire de la zona de enfriamiento en un HRC se recircula. El aire de enfriamiento calentado que se recupera, se mezcla con el aire ambiente calentado que ha pasado por la fuente de calefacci\u00f3n. Como el aire recuperado es m\u00e1s c\u00e1lido que el aire ambiente, es posible reducir el suministro de energ\u00eda desde la fuente de calefacci\u00f3n. A\u00fan se logra la temperatura de secado necesaria en comparaci\u00f3n con el uso solo de aire ambiente. La construcci\u00f3n del secadero tambi\u00e9n resulta en una menor potencia en los ventiladores de escape.[\/vc_column_text][\/vc_column][vc_column width=\u00bb1\/3&#8243;][vc_column_text]<strong>EQUIPAMIENTO ESTANDAR<\/strong><\/p>\n<ul>\n<li>Indicador de nivel<\/li>\n<li>C\u00e1mara de aire h\u00famedo<\/li>\n<li>Secci\u00f3n de descarga &#8211; pulso<\/li>\n<li>Sensor de nivel<\/li>\n<li>Zona de almacenamiento intermedio<\/li>\n<li>Sistema de detecci\u00f3n de incendios<\/li>\n<li>Escaleras y plataformas<\/li>\n<li>Zona de recuperaci\u00f3n<\/li>\n<li>Control de contenido de humedad<\/li>\n<li>Medici\u00f3n de presi\u00f3n para ajustar el arranque<\/li>\n<\/ul>\n<p><strong>ACCESORIOS<\/strong><\/p>\n<ul>\n<li>Silenciador<\/li>\n<\/ul>\n<p>[\/vc_column_text][\/vc_column][\/vc_row]<\/p>\n<\/div>","protected":false},"excerpt":{"rendered":"<p>El secadero HRC utiliza la energ\u00eda que se perder\u00eda en un secadero de granos tradicional. Se recupera hasta un 10% del calor. El dise\u00f1o tambi\u00e9n proporciona un entorno de trabajo m\u00e1s silencioso y limpio.<\/p>\n","protected":false},"featured_media":26491,"comment_status":"open","ping_status":"closed","template":"","meta":{"_acf_changed":false},"product_brand":[],"product_cat":[747,755,748,775],"product_tag":[758,804,776,759],"class_list":{"0":"post-27745","1":"product","2":"type-product","3":"status-publish","4":"has-post-thumbnail","6":"product_cat-all-products-es","7":"product_cat-grain-es","8":"product_cat-conditioning-es","9":"product_cat-grain-dryers-es","10":"product_tag-dryer-es","11":"product_tag-dryer-rex-es","12":"product_tag-dryer-tk-es","13":"product_tag-dryer-tkr-es","14":"description-off","16":"first","17":"instock","18":"shipping-taxable","19":"product-type-simple"},"acf":[],"_links":{"self":[{"href":"https:\/\/www.tornum.com\/es\/wp-json\/wp\/v2\/product\/27745","targetHints":{"allow":["GET"]}}],"collection":[{"href":"https:\/\/www.tornum.com\/es\/wp-json\/wp\/v2\/product"}],"about":[{"href":"https:\/\/www.tornum.com\/es\/wp-json\/wp\/v2\/types\/product"}],"replies":[{"embeddable":true,"href":"https:\/\/www.tornum.com\/es\/wp-json\/wp\/v2\/comments?post=27745"}],"version-history":[{"count":2,"href":"https:\/\/www.tornum.com\/es\/wp-json\/wp\/v2\/product\/27745\/revisions"}],"predecessor-version":[{"id":27757,"href":"https:\/\/www.tornum.com\/es\/wp-json\/wp\/v2\/product\/27745\/revisions\/27757"}],"wp:featuredmedia":[{"embeddable":true,"href":"https:\/\/www.tornum.com\/es\/wp-json\/wp\/v2\/media\/26491"}],"wp:attachment":[{"href":"https:\/\/www.tornum.com\/es\/wp-json\/wp\/v2\/media?parent=27745"}],"wp:term":[{"taxonomy":"product_brand","embeddable":true,"href":"https:\/\/www.tornum.com\/es\/wp-json\/wp\/v2\/product_brand?post=27745"},{"taxonomy":"product_cat","embeddable":true,"href":"https:\/\/www.tornum.com\/es\/wp-json\/wp\/v2\/product_cat?post=27745"},{"taxonomy":"product_tag","embeddable":true,"href":"https:\/\/www.tornum.com\/es\/wp-json\/wp\/v2\/product_tag?post=27745"}],"curies":[{"name":"wp","href":"https:\/\/api.w.org\/{rel}","templated":true}]}}