{"id":27746,"date":"2023-01-29T22:13:22","date_gmt":"2023-01-29T22:13:22","guid":{"rendered":"https:\/\/www.tornum.com\/product\/hopper-bottom-silos\/"},"modified":"2025-07-30T11:37:09","modified_gmt":"2025-07-30T11:37:09","slug":"silos-de-base-conica","status":"publish","type":"product","link":"https:\/\/www.tornum.com\/es\/producto\/silos-de-base-conica\/","title":{"rendered":"SILOS DE BASE C\u00d3NICA"},"content":{"rendered":"<div class=\"wpb-content-wrapper\"><p>[vc_row][vc_column width=\u00bb2\/3&#8243;][vc_column_text]Tornum ofrece dos modelos de tolvas, una con un \u00e1ngulo de 45\u00b0 y otra con un \u00e1ngulo de 60\u00b0 respectivamente, para proporcionar la mejor soluci\u00f3n incluso para productos h\u00famedos y otros productos con \u00e1ngulos de fricci\u00f3n elevados.<\/p>\n<p>Las chapas de la tolva, los anillos de compresi\u00f3n y el acero de soporte se fabrican con acero galvanizado corrugado en caliente. Las chapas laterales tienen un grosor de 0.8 a 3.5 mm, con un recubrimiento de hasta 600 g\/m\u00b2. A petici\u00f3n, algunos tama\u00f1os de silos pueden suministrarse con las paredes lisas. Nuestros silos de tolva est\u00e1n dise\u00f1ados para cumplir con la normativa Euroc\u00f3digo o ASAE\/ANSI y pueden suministrarse con mejoras espec\u00edficas para sismos, carga de nieve o viento, seg\u00fan los requisitos locales.<\/p>\n<p>Se puede ofrecer una gama completa de accesorios, que incluye puertas laterales, pasarelas, plataformas, torres de soporte, sistemas de aireaci\u00f3n y detecci\u00f3n de temperatura, as\u00ed como equipos de manipulaci\u00f3n mec\u00e1nica.[\/vc_column_text][\/vc_column][vc_column width=\u00bb1\/3&#8243;][\/vc_column][\/vc_row]<\/p>\n<\/div>","protected":false},"excerpt":{"rendered":"<p>Tornum ofrece dos modelos de tolvas, una con un \u00e1ngulo de 45\u00b0 y otra con un \u00e1ngulo de 60\u00b0 respectivamente, para proporcionar la mejor soluci\u00f3n incluso para productos h\u00famedos y otros productos con \u00e1ngulos de fricci\u00f3n elevados.<\/p>\n","protected":false},"featured_media":26374,"comment_status":"open","ping_status":"closed","template":"","meta":{"_acf_changed":false},"product_brand":[],"product_cat":[747,754,755,792,815],"product_tag":[779,794,753,795],"class_list":{"0":"post-27746","1":"product","2":"type-product","3":"status-publish","4":"has-post-thumbnail","6":"product_cat-all-products-es","7":"product_cat-food-2-es","8":"product_cat-grain-es","9":"product_cat-storage-es","10":"product_cat-hopper-silo-es","11":"product_tag-bin-es","12":"product_tag-bins-es","13":"product_tag-silo-es","14":"product_tag-storage-es","15":"pa_products-type-all-products-es","16":"pa_products-type-grain-es","17":"description-off","19":"first","20":"instock","21":"shipping-taxable","22":"product-type-simple"},"acf":[],"_links":{"self":[{"href":"https:\/\/www.tornum.com\/es\/wp-json\/wp\/v2\/product\/27746","targetHints":{"allow":["GET"]}}],"collection":[{"href":"https:\/\/www.tornum.com\/es\/wp-json\/wp\/v2\/product"}],"about":[{"href":"https:\/\/www.tornum.com\/es\/wp-json\/wp\/v2\/types\/product"}],"replies":[{"embeddable":true,"href":"https:\/\/www.tornum.com\/es\/wp-json\/wp\/v2\/comments?post=27746"}],"version-history":[{"count":2,"href":"https:\/\/www.tornum.com\/es\/wp-json\/wp\/v2\/product\/27746\/revisions"}],"predecessor-version":[{"id":27759,"href":"https:\/\/www.tornum.com\/es\/wp-json\/wp\/v2\/product\/27746\/revisions\/27759"}],"wp:featuredmedia":[{"embeddable":true,"href":"https:\/\/www.tornum.com\/es\/wp-json\/wp\/v2\/media\/26374"}],"wp:attachment":[{"href":"https:\/\/www.tornum.com\/es\/wp-json\/wp\/v2\/media?parent=27746"}],"wp:term":[{"taxonomy":"product_brand","embeddable":true,"href":"https:\/\/www.tornum.com\/es\/wp-json\/wp\/v2\/product_brand?post=27746"},{"taxonomy":"product_cat","embeddable":true,"href":"https:\/\/www.tornum.com\/es\/wp-json\/wp\/v2\/product_cat?post=27746"},{"taxonomy":"product_tag","embeddable":true,"href":"https:\/\/www.tornum.com\/es\/wp-json\/wp\/v2\/product_tag?post=27746"}],"curies":[{"name":"wp","href":"https:\/\/api.w.org\/{rel}","templated":true}]}}