{"id":27747,"date":"2023-05-14T21:59:36","date_gmt":"2023-05-14T21:59:36","guid":{"rendered":"https:\/\/www.tornum.com\/product\/hopper-scale-dviu\/"},"modified":"2025-07-30T11:47:37","modified_gmt":"2025-07-30T11:47:37","slug":"bascula-de-tolva-dviu","status":"publish","type":"product","link":"https:\/\/www.tornum.com\/es\/producto\/bascula-de-tolva-dviu\/","title":{"rendered":"B\u00c1SCULA DE TOLVA DVIU"},"content":{"rendered":"<p>Las b\u00e1sculas de tolva de Tornum est\u00e1n dise\u00f1adas para el pesaje r\u00e1pido, preciso y seguro de la entrada y salida de materiales de flujo libre, como granos, ma\u00edz, pienso, polvo y granulados.<\/p>\n<p>Est\u00e1n dise\u00f1adas de forma muy robusta, para garantizar una larga vida \u00fatil, con gran atenci\u00f3n para optimizar la limpieza.<\/p>\n<p>La b\u00e1scula de tolva DVIU est\u00e1 disponible en dos modelos: el DVIU\/N en 6 tama\u00f1os con capacidades entre 5 y 200 toneladas por hora, y el DVIU\/F en 8 tama\u00f1os con capacidades entre 250 y 1,200 toneladas por hora, calculadas para granos con un peso volum\u00e9trico de 0.6 toneladas por metro c\u00fabico.<\/p>\n<p>Las b\u00e1sculas vienen con un indicador de peso y una impresora, con interfaz de usuario y documentaci\u00f3n en varios idiomas. La integraci\u00f3n del sistema y las posibilidades de transferencia de datos son extras opcionales.<\/p>\n","protected":false},"excerpt":{"rendered":"<p>Las b\u00e1sculas de tolva de Tornum est\u00e1n dise\u00f1adas para un pesaje de entrada y salida r\u00e1pido, preciso y seguro, de materiales de flujo libre como granos, ma\u00edz, pienso, polvo y granulados.<\/p>\n","protected":false},"featured_media":26676,"comment_status":"open","ping_status":"closed","template":"","meta":{"_acf_changed":false},"product_brand":[],"product_cat":[747,762,754,755,763,816],"product_tag":[783,817,795,818],"class_list":{"0":"post-27747","1":"product","2":"type-product","3":"status-publish","4":"has-post-thumbnail","6":"product_cat-all-products-es","7":"product_cat-feed-es","8":"product_cat-food-2-es","9":"product_cat-grain-es","10":"product_cat-material-handling-es","11":"product_cat-all-products-2-es","12":"product_tag-cleaning-es","13":"product_tag-scale-es","14":"product_tag-storage-es","15":"product_tag-weight-es","16":"description-off","18":"first","19":"instock","20":"shipping-taxable","21":"product-type-simple"},"acf":[],"_links":{"self":[{"href":"https:\/\/www.tornum.com\/es\/wp-json\/wp\/v2\/product\/27747","targetHints":{"allow":["GET"]}}],"collection":[{"href":"https:\/\/www.tornum.com\/es\/wp-json\/wp\/v2\/product"}],"about":[{"href":"https:\/\/www.tornum.com\/es\/wp-json\/wp\/v2\/types\/product"}],"replies":[{"embeddable":true,"href":"https:\/\/www.tornum.com\/es\/wp-json\/wp\/v2\/comments?post=27747"}],"version-history":[{"count":2,"href":"https:\/\/www.tornum.com\/es\/wp-json\/wp\/v2\/product\/27747\/revisions"}],"predecessor-version":[{"id":27761,"href":"https:\/\/www.tornum.com\/es\/wp-json\/wp\/v2\/product\/27747\/revisions\/27761"}],"wp:featuredmedia":[{"embeddable":true,"href":"https:\/\/www.tornum.com\/es\/wp-json\/wp\/v2\/media\/26676"}],"wp:attachment":[{"href":"https:\/\/www.tornum.com\/es\/wp-json\/wp\/v2\/media?parent=27747"}],"wp:term":[{"taxonomy":"product_brand","embeddable":true,"href":"https:\/\/www.tornum.com\/es\/wp-json\/wp\/v2\/product_brand?post=27747"},{"taxonomy":"product_cat","embeddable":true,"href":"https:\/\/www.tornum.com\/es\/wp-json\/wp\/v2\/product_cat?post=27747"},{"taxonomy":"product_tag","embeddable":true,"href":"https:\/\/www.tornum.com\/es\/wp-json\/wp\/v2\/product_tag?post=27747"}],"curies":[{"name":"wp","href":"https:\/\/api.w.org\/{rel}","templated":true}]}}