{"id":27748,"date":"2023-05-14T19:47:39","date_gmt":"2023-05-14T19:47:39","guid":{"rendered":"https:\/\/www.tornum.com\/product\/i-line-conveyors\/"},"modified":"2025-08-01T09:47:58","modified_gmt":"2025-08-01T09:47:58","slug":"transportadores-i-line","status":"publish","type":"product","link":"https:\/\/www.tornum.com\/es\/producto\/transportadores-i-line\/","title":{"rendered":"TRANSPORTADORES I-LINE"},"content":{"rendered":"<p>Esta gama de equipos dedicados a aplicaciones agroindustriales con necesidades de uso regular durante todo el a\u00f1o est\u00e1 disponible para capacidades de transporte de trigo entre 40 y 150 toneladas por hora (tph). La gama completa de equipos incluye equipos verticales, horizontales, curvos e inclinados, dise\u00f1ados para su posici\u00f3n adecuada dentro del flujo de granos. La gama I-Line tambi\u00e9n incluye transportadores de banda para capacidades de hasta 150 tph. Hay una amplia gama de accesorios que incluye deslizadores manuales, el\u00e9ctricos y neum\u00e1ticos, sensores de seguridad, sensores de monitorizaci\u00f3n de velocidad, correas de resistencia especial para productos derivados del petr\u00f3leo y muchos otros. El equipo de transporte puede personalizarse para satisfacer diferentes demandas de los clientes en cuanto a velocidades de cadena y banda.<\/p>\n","protected":false},"excerpt":{"rendered":"<p>La l\u00ednea de productos I-Line es una l\u00ednea desarrollada para un uso intensivo durante todo el a\u00f1o, dise\u00f1ada para satisfacer los requisitos de la industria de granos, as\u00ed como de granjas de tama\u00f1o mediano a grande. Est\u00e1n clasificados como transportadores de la Categor\u00eda II 2D\/OD y son adecuados para manejar materiales granulados y pulverizados, cumpliendo con la Zona 21 o Zona 22 y cuando la atm\u00f3sfera externa no est\u00e1 clasificada. Est\u00e1n fabricados con acero galvanizado de acuerdo con las directivas de maquinaria de la UE.<\/p>\n","protected":false},"featured_media":26915,"comment_status":"open","ping_status":"closed","template":"","meta":{"_acf_changed":false},"product_brand":[],"product_cat":[747,762,754,755,763,813],"product_tag":[780,791,795,781],"class_list":{"0":"post-27748","1":"product","2":"type-product","3":"status-publish","4":"has-post-thumbnail","6":"product_cat-all-products-es","7":"product_cat-feed-es","8":"product_cat-food-2-es","9":"product_cat-grain-es","10":"product_cat-material-handling-es","11":"product_cat-conveyors-es","12":"product_tag-conveyor-es","13":"product_tag-elevator-es","14":"product_tag-storage-es","15":"product_tag-transport-es","16":"description-off","18":"first","19":"instock","20":"shipping-taxable","21":"product-type-simple"},"acf":[],"_links":{"self":[{"href":"https:\/\/www.tornum.com\/es\/wp-json\/wp\/v2\/product\/27748","targetHints":{"allow":["GET"]}}],"collection":[{"href":"https:\/\/www.tornum.com\/es\/wp-json\/wp\/v2\/product"}],"about":[{"href":"https:\/\/www.tornum.com\/es\/wp-json\/wp\/v2\/types\/product"}],"replies":[{"embeddable":true,"href":"https:\/\/www.tornum.com\/es\/wp-json\/wp\/v2\/comments?post=27748"}],"version-history":[{"count":2,"href":"https:\/\/www.tornum.com\/es\/wp-json\/wp\/v2\/product\/27748\/revisions"}],"predecessor-version":[{"id":27763,"href":"https:\/\/www.tornum.com\/es\/wp-json\/wp\/v2\/product\/27748\/revisions\/27763"}],"wp:featuredmedia":[{"embeddable":true,"href":"https:\/\/www.tornum.com\/es\/wp-json\/wp\/v2\/media\/26915"}],"wp:attachment":[{"href":"https:\/\/www.tornum.com\/es\/wp-json\/wp\/v2\/media?parent=27748"}],"wp:term":[{"taxonomy":"product_brand","embeddable":true,"href":"https:\/\/www.tornum.com\/es\/wp-json\/wp\/v2\/product_brand?post=27748"},{"taxonomy":"product_cat","embeddable":true,"href":"https:\/\/www.tornum.com\/es\/wp-json\/wp\/v2\/product_cat?post=27748"},{"taxonomy":"product_tag","embeddable":true,"href":"https:\/\/www.tornum.com\/es\/wp-json\/wp\/v2\/product_tag?post=27748"}],"curies":[{"name":"wp","href":"https:\/\/api.w.org\/{rel}","templated":true}]}}