{"id":27777,"date":"2023-05-14T20:53:53","date_gmt":"2023-05-14T20:53:53","guid":{"rendered":"https:\/\/www.tornum.com\/product\/idc-intelligent-dryer-control\/"},"modified":"2025-07-30T11:56:04","modified_gmt":"2025-07-30T11:56:04","slug":"control-de-secado-inteligente-idc","status":"publish","type":"product","link":"https:\/\/www.tornum.com\/es\/producto\/control-de-secado-inteligente-idc\/","title":{"rendered":"CONTROL DE SECADO INTELIGENTE \u2013 IDC"},"content":{"rendered":"<div class=\"wpb-content-wrapper\"><p>[vc_row][vc_column width=\u00bb2\/3&#8243;][vc_column_text]Control total, est\u00e9s donde est\u00e9s.<\/p>\n<p>El Tornum IDC es un sistema de control basado en software que monitoriza y controla el contenido de humedad saliente en secaderos continuos, compuesto por sensores de humedad y una unidad de control. A trav\u00e9s de la interfaz de usuario f\u00e1cil de usar, se obtiene un control total sobre todo el proceso de secado a trav\u00e9s del ordenador o tablet.<\/p>\n<p><strong>Secado preciso hasta el contenido exacto de humedad.<\/strong><\/p>\n<p>Un sensor se coloca en una de las secciones superiores de secado, midiendo la humedad de entrada. El segundo sensor se coloca en la zona de enfriamiento, cerca de la salida del secadero. Utilizando informaci\u00f3n sobre el contenido de humedad de entrada y salida, la unidad de control ajusta la velocidad de descarga del secadero para obtener el contenido de humedad deseado fuera del secadero, independientemente de las condiciones ambientales.<\/p>\n<p><strong>Minimiza los costes de secado<\/strong><\/p>\n<p>M\u00e1s importante a\u00fan, con Tornum IDC eliminas la incertidumbre del proceso de secado y minimizas el riesgo de sobresecar tu grano solo para estar seguro, una pr\u00e1ctica costosa que ahora puede eliminarse eficazmente. Menos horas de trabajo necesarias para monitorear el proceso de secado reducen a\u00fan m\u00e1s los costes.<\/p>\n<p><strong>Optimiza la calidad del grano<\/strong><\/p>\n<p>Secar el grano con Tornum IDC tambi\u00e9n significa que alcanzas los niveles de humedad deseados cada vez, maximizando la calidad del producto obtenido, el peso y los precios.[\/vc_column_text][\/vc_column][vc_column width=\u00bb1\/3&#8243;][vc_column_text]<strong>VENTAJAS<\/strong><\/p>\n<ul>\n<li>Costes de secado reducidos<\/li>\n<li>Mayor capacidad del secadero<\/li>\n<li>Control total sobre el proceso de secado<\/li>\n<li>Cambiar el tipo de grano y la receta de secado con solo presionar un bot\u00f3n<\/li>\n<li>Proceso de secado optimizado<\/li>\n<li>El software inteligente se adapta a las condiciones<\/li>\n<li>F\u00e1cil de instalar, f\u00e1cil de usar<\/li>\n<li>Una inversion rentable al instante<\/li>\n<\/ul>\n<p>[\/vc_column_text][\/vc_column][\/vc_row]<\/p>\n<\/div>","protected":false},"excerpt":{"rendered":"<p>Tornum IDC es un sistema de control basado en software que monitoriza y controla el contenido de humedad saliente en secaderos continuos, que consta de sensores de humedad y una unidad de control. A trav\u00e9s de la interfaz de usuario f\u00e1cil de usar, se obtiene un control total sobre todo el proceso de secado a trav\u00e9s del ordenador o tablet.<\/p>\n","protected":false},"featured_media":53228,"comment_status":"open","ping_status":"closed","template":"","meta":{"_acf_changed":false},"product_brand":[],"product_cat":[747,761,819],"product_tag":[758,770,771,772],"class_list":{"0":"post-27777","1":"product","2":"type-product","3":"status-publish","4":"has-post-thumbnail","6":"product_cat-all-products-es","7":"product_cat-grain-management-es","8":"product_cat-idc-es","9":"product_tag-dryer-es","10":"product_tag-monitoring-es","11":"product_tag-pc-es","12":"product_tag-plc-es","13":"description-off","15":"first","16":"instock","17":"shipping-taxable","18":"product-type-simple"},"acf":[],"_links":{"self":[{"href":"https:\/\/www.tornum.com\/es\/wp-json\/wp\/v2\/product\/27777","targetHints":{"allow":["GET"]}}],"collection":[{"href":"https:\/\/www.tornum.com\/es\/wp-json\/wp\/v2\/product"}],"about":[{"href":"https:\/\/www.tornum.com\/es\/wp-json\/wp\/v2\/types\/product"}],"replies":[{"embeddable":true,"href":"https:\/\/www.tornum.com\/es\/wp-json\/wp\/v2\/comments?post=27777"}],"version-history":[{"count":2,"href":"https:\/\/www.tornum.com\/es\/wp-json\/wp\/v2\/product\/27777\/revisions"}],"predecessor-version":[{"id":27788,"href":"https:\/\/www.tornum.com\/es\/wp-json\/wp\/v2\/product\/27777\/revisions\/27788"}],"wp:featuredmedia":[{"embeddable":true,"href":"https:\/\/www.tornum.com\/es\/wp-json\/wp\/v2\/media\/53228"}],"wp:attachment":[{"href":"https:\/\/www.tornum.com\/es\/wp-json\/wp\/v2\/media?parent=27777"}],"wp:term":[{"taxonomy":"product_brand","embeddable":true,"href":"https:\/\/www.tornum.com\/es\/wp-json\/wp\/v2\/product_brand?post=27777"},{"taxonomy":"product_cat","embeddable":true,"href":"https:\/\/www.tornum.com\/es\/wp-json\/wp\/v2\/product_cat?post=27777"},{"taxonomy":"product_tag","embeddable":true,"href":"https:\/\/www.tornum.com\/es\/wp-json\/wp\/v2\/product_tag?post=27777"}],"curies":[{"name":"wp","href":"https:\/\/api.w.org\/{rel}","templated":true}]}}