{"id":27779,"date":"2023-04-03T12:15:20","date_gmt":"2023-04-03T12:15:20","guid":{"rendered":"https:\/\/www.tornum.com\/product\/intake-pit-tgs\/"},"modified":"2025-07-30T12:14:37","modified_gmt":"2025-07-30T12:14:37","slug":"foso-de-recepcion-tgs","status":"publish","type":"product","link":"https:\/\/www.tornum.com\/es\/producto\/foso-de-recepcion-tgs\/","title":{"rendered":"FOSO DE RECEPCI\u00d3N TGS"},"content":{"rendered":"<div class=\"wpb-content-wrapper\"><p>[vc_row gap=\u00bb35&#8243; css=\u00bb.vc_custom_1683181467819{padding-left: 10px !important;}\u00bb][vc_column width=\u00bb2\/3&#8243;][vc_column_text]El foso de recepci\u00f3n TGS de Tornum ofrece una gran capacidad volum\u00e9trica a pesar de su profundidad superficial. El foso tiene un interior liso para una buena higiene y limpieza m\u00ednima. El foso de recepci\u00f3n TGS es adecuado para transportadores de cadena de hasta 400 toneladas por hora y est\u00e1 destinado para instalaci\u00f3n bajo una alcantarilla.[\/vc_column_text][\/vc_column][vc_column width=\u00bb1\/3&#8243;][vc_column_text]<strong>CARACTER\u00cdSTICAS<\/strong><\/p>\n<ul>\n<li>Fabricado con chapa de acero galvanizado por inmersi\u00f3n en caliente con refuerzos externos<\/li>\n<li>Equipado con vigas de carga fuertes para facilitar la suspensi\u00f3n y soportar las rejillas de carga<\/li>\n<li>Interior liso para una buena higiene y limpieza m\u00ednima<\/li>\n<li>Dise\u00f1o atornillado<\/li>\n<\/ul>\n<p><strong>OPCIONES<\/strong><\/p>\n<ul>\n<li>Indicador de nivel<\/li>\n<li>Rejillas de carga<\/li>\n<li>Protecci\u00f3n lateral para el foso de recepci\u00f3n<\/li>\n<\/ul>\n<p>[\/vc_column_text][\/vc_column][\/vc_row]<\/p>\n<\/div>","protected":false},"excerpt":{"rendered":"<p>El foso de recepci\u00f3n TGS de Tornum ofrece una gran capacidad volum\u00e9trica a pesar de su profundidad superficial. El foso tiene un interior liso para una buena higiene y limpieza m\u00ednima. El foso de recepci\u00f3n TGS es adecuado para transportadores de cadena de hasta 400 toneladas por hora y est\u00e1 destinado para instalaci\u00f3n bajo una alcantarilla.<\/p>\n","protected":false},"featured_media":26417,"comment_status":"open","ping_status":"closed","template":"","meta":{"_acf_changed":false},"product_brand":[],"product_cat":[747,762,754,755,763,787,788],"product_tag":[758,820,821,781],"class_list":{"0":"post-27779","1":"product","2":"type-product","3":"status-publish","4":"has-post-thumbnail","6":"product_cat-all-products-es","7":"product_cat-feed-es","8":"product_cat-food-2-es","9":"product_cat-grain-es","10":"product_cat-material-handling-es","11":"product_cat-intake-pit-es","12":"product_cat-intake-pit-storage-es","13":"product_tag-dryer-es","14":"product_tag-intake-es","15":"product_tag-pits-es","16":"product_tag-transport-es","17":"pa_products-type-grain-es","18":"description-off","20":"first","21":"instock","22":"shipping-taxable","23":"product-type-simple"},"acf":[],"_links":{"self":[{"href":"https:\/\/www.tornum.com\/es\/wp-json\/wp\/v2\/product\/27779","targetHints":{"allow":["GET"]}}],"collection":[{"href":"https:\/\/www.tornum.com\/es\/wp-json\/wp\/v2\/product"}],"about":[{"href":"https:\/\/www.tornum.com\/es\/wp-json\/wp\/v2\/types\/product"}],"replies":[{"embeddable":true,"href":"https:\/\/www.tornum.com\/es\/wp-json\/wp\/v2\/comments?post=27779"}],"version-history":[{"count":3,"href":"https:\/\/www.tornum.com\/es\/wp-json\/wp\/v2\/product\/27779\/revisions"}],"predecessor-version":[{"id":47001,"href":"https:\/\/www.tornum.com\/es\/wp-json\/wp\/v2\/product\/27779\/revisions\/47001"}],"wp:featuredmedia":[{"embeddable":true,"href":"https:\/\/www.tornum.com\/es\/wp-json\/wp\/v2\/media\/26417"}],"wp:attachment":[{"href":"https:\/\/www.tornum.com\/es\/wp-json\/wp\/v2\/media?parent=27779"}],"wp:term":[{"taxonomy":"product_brand","embeddable":true,"href":"https:\/\/www.tornum.com\/es\/wp-json\/wp\/v2\/product_brand?post=27779"},{"taxonomy":"product_cat","embeddable":true,"href":"https:\/\/www.tornum.com\/es\/wp-json\/wp\/v2\/product_cat?post=27779"},{"taxonomy":"product_tag","embeddable":true,"href":"https:\/\/www.tornum.com\/es\/wp-json\/wp\/v2\/product_tag?post=27779"}],"curies":[{"name":"wp","href":"https:\/\/api.w.org\/{rel}","templated":true}]}}