{"id":27780,"date":"2023-03-23T22:10:29","date_gmt":"2023-03-23T22:10:29","guid":{"rendered":"https:\/\/www.tornum.com\/product\/kanalsystem\/"},"modified":"2025-07-30T12:23:38","modified_gmt":"2025-07-30T12:23:38","slug":"kanalsystem","status":"publish","type":"product","link":"https:\/\/www.tornum.com\/es\/producto\/kanalsystem\/","title":{"rendered":"KANALSYSTEM"},"content":{"rendered":"<div class=\"wpb-content-wrapper\"><p>[vc_row][vc_column width=\u00bb2\/3&#8243;][vc_column_text]El KANALSYSTEM\u2122 de Tornum cuenta con una funci\u00f3n dual \u00fanica: una alta capacidad de descarga combinada con excelentes propiedades de acondicionamiento. Consiste en conductos perforados especialmente dise\u00f1ados que est\u00e1n incrustados en una superficie de hormig\u00f3n. Se forman crestas de hormig\u00f3n entre los conductos y el aire soplado en el sistema sigue las crestas, asegurando que el 100% del grano est\u00e9 expuesto al flujo de aire.<\/p>\n<p>La seguridad es una de las mayores ventajas del KANALSYSTEM\u2122. El sistema es autolimpiante y no tiene piezas mec\u00e1nicas m\u00f3viles dentro del silo. No se requiere un sinf\u00edn de limpieza, y el personal no necesita ingresar al silo durante la descarga. El KANALSYSTEM\u2122 tiene una capacidad de descarga de hasta 1,000 toneladas por hora.[\/vc_column_text][\/vc_column][vc_column width=\u00bb1\/3&#8243;][vc_column_text]<strong>CARACTER\u00cdSTICAS<\/strong><\/p>\n<ul>\n<li>Alta capacidad de descarga<\/li>\n<li>Muy buenas propiedades de acondicionamiento<\/li>\n<li>Sin mecanismo interno<\/li>\n<li>Adecuado para todo tipo de silos de hormig\u00f3n independientemente del di\u00e1metro<\/li>\n<\/ul>\n<p><strong>OPCIONES<\/strong><\/p>\n<ul>\n<li>Compuertas de cierre, manuales o motorizados<\/li>\n<li>Sistema de conductos externo<\/li>\n<\/ul>\n<p>[\/vc_column_text][\/vc_column][\/vc_row]<\/p>\n<\/div>","protected":false},"excerpt":{"rendered":"<p>La seguridad es una de las mayores ventajas del KANALSYSTEM\u2122. El sistema se limpia autom\u00e1ticamente y no tiene partes mec\u00e1nicas m\u00f3viles dentro del silo. No se requiere un sinf\u00edn de limpieza, y el personal no necesita ingresar al silo durante la descarga. El KANALSYSTEM\u2122 tiene una capacidad de descarga de hasta 1,000 toneladas por hora.<\/p>\n","protected":false},"featured_media":26406,"comment_status":"open","ping_status":"closed","template":"","meta":{"_acf_changed":false},"product_brand":[],"product_cat":[747,755,763,800,822,748,823],"product_tag":[766,751,798,795],"class_list":{"0":"post-27780","1":"product","2":"type-product","3":"status-publish","4":"has-post-thumbnail","6":"product_cat-all-products-es","7":"product_cat-grain-es","8":"product_cat-material-handling-es","9":"product_cat-silo-discharge-es","10":"product_cat-kanalsystem-es","11":"product_cat-conditioning-es","12":"product_cat-kanalsystem-conditioning-es","13":"product_tag-conditioning-es","14":"product_tag-conditioning-laterals-es","15":"product_tag-radial-fan-es","16":"product_tag-storage-es","17":"pa_products-type-all-products-es","18":"pa_products-type-grain-es","19":"description-off","21":"first","22":"instock","23":"shipping-taxable","24":"product-type-simple"},"acf":[],"_links":{"self":[{"href":"https:\/\/www.tornum.com\/es\/wp-json\/wp\/v2\/product\/27780","targetHints":{"allow":["GET"]}}],"collection":[{"href":"https:\/\/www.tornum.com\/es\/wp-json\/wp\/v2\/product"}],"about":[{"href":"https:\/\/www.tornum.com\/es\/wp-json\/wp\/v2\/types\/product"}],"replies":[{"embeddable":true,"href":"https:\/\/www.tornum.com\/es\/wp-json\/wp\/v2\/comments?post=27780"}],"version-history":[{"count":1,"href":"https:\/\/www.tornum.com\/es\/wp-json\/wp\/v2\/product\/27780\/revisions"}],"predecessor-version":[{"id":27794,"href":"https:\/\/www.tornum.com\/es\/wp-json\/wp\/v2\/product\/27780\/revisions\/27794"}],"wp:featuredmedia":[{"embeddable":true,"href":"https:\/\/www.tornum.com\/es\/wp-json\/wp\/v2\/media\/26406"}],"wp:attachment":[{"href":"https:\/\/www.tornum.com\/es\/wp-json\/wp\/v2\/media?parent=27780"}],"wp:term":[{"taxonomy":"product_brand","embeddable":true,"href":"https:\/\/www.tornum.com\/es\/wp-json\/wp\/v2\/product_brand?post=27780"},{"taxonomy":"product_cat","embeddable":true,"href":"https:\/\/www.tornum.com\/es\/wp-json\/wp\/v2\/product_cat?post=27780"},{"taxonomy":"product_tag","embeddable":true,"href":"https:\/\/www.tornum.com\/es\/wp-json\/wp\/v2\/product_tag?post=27780"}],"curies":[{"name":"wp","href":"https:\/\/api.w.org\/{rel}","templated":true}]}}