{"id":27781,"date":"2023-05-14T19:45:08","date_gmt":"2023-05-14T19:45:08","guid":{"rendered":"https:\/\/www.tornum.com\/product\/l-line-conveyors\/"},"modified":"2025-08-01T10:07:15","modified_gmt":"2025-08-01T10:07:15","slug":"transportadores-l-line","status":"publish","type":"product","link":"https:\/\/www.tornum.com\/es\/producto\/transportadores-l-line\/","title":{"rendered":"TRANSPORTADORES L-LINE"},"content":{"rendered":"<p>Esta gama de equipos dedicados a aplicaciones agr\u00edcolas peque\u00f1as con necesidad de uso regular durante el per\u00edodo de cosecha, est\u00e1 disponible para capacidades de transporte de trigo entre 30 y 60 toneladas por hora (tph). La gama completa de equipos incluye equipos verticales, horizontales, curvos e inclinados, dise\u00f1ados para una posici\u00f3n adecuada dentro del flujo de granos. Hay una amplia gama de accesorios que incluye deslizadores manuales, el\u00e9ctricos y neum\u00e1ticos, sensores de seguridad, sensores de monitoreo de velocidad y muchos otros. El equipo de transporte se puede personalizar para satisfacer diferentes demandas de los clientes con respecto a la elecci\u00f3n de una transmisi\u00f3n de correa o motorreductor.<\/p>\n","protected":false},"excerpt":{"rendered":"<p>Nuestra l\u00ednea L-Line est\u00e1 especialmente adaptada para peque\u00f1as instalaciones agr\u00edcolas. Est\u00e1 especialmente indicada para granjas peque\u00f1as y medianas con operaciones concentradas durante el per\u00edodo de cosecha.<\/p>\n","protected":false},"featured_media":26917,"comment_status":"open","ping_status":"closed","template":"","meta":{"_acf_changed":false},"product_brand":[],"product_cat":[747,755,763,813],"product_tag":[780,784,791,781],"class_list":{"0":"post-27781","1":"product","2":"type-product","3":"status-publish","4":"has-post-thumbnail","6":"product_cat-all-products-es","7":"product_cat-grain-es","8":"product_cat-material-handling-es","9":"product_cat-conveyors-es","10":"product_tag-conveyor-es","11":"product_tag-dc-remover-es","12":"product_tag-elevator-es","13":"product_tag-transport-es","14":"description-off","16":"first","17":"instock","18":"shipping-taxable","19":"product-type-simple"},"acf":[],"_links":{"self":[{"href":"https:\/\/www.tornum.com\/es\/wp-json\/wp\/v2\/product\/27781","targetHints":{"allow":["GET"]}}],"collection":[{"href":"https:\/\/www.tornum.com\/es\/wp-json\/wp\/v2\/product"}],"about":[{"href":"https:\/\/www.tornum.com\/es\/wp-json\/wp\/v2\/types\/product"}],"replies":[{"embeddable":true,"href":"https:\/\/www.tornum.com\/es\/wp-json\/wp\/v2\/comments?post=27781"}],"version-history":[{"count":2,"href":"https:\/\/www.tornum.com\/es\/wp-json\/wp\/v2\/product\/27781\/revisions"}],"predecessor-version":[{"id":27796,"href":"https:\/\/www.tornum.com\/es\/wp-json\/wp\/v2\/product\/27781\/revisions\/27796"}],"wp:featuredmedia":[{"embeddable":true,"href":"https:\/\/www.tornum.com\/es\/wp-json\/wp\/v2\/media\/26917"}],"wp:attachment":[{"href":"https:\/\/www.tornum.com\/es\/wp-json\/wp\/v2\/media?parent=27781"}],"wp:term":[{"taxonomy":"product_brand","embeddable":true,"href":"https:\/\/www.tornum.com\/es\/wp-json\/wp\/v2\/product_brand?post=27781"},{"taxonomy":"product_cat","embeddable":true,"href":"https:\/\/www.tornum.com\/es\/wp-json\/wp\/v2\/product_cat?post=27781"},{"taxonomy":"product_tag","embeddable":true,"href":"https:\/\/www.tornum.com\/es\/wp-json\/wp\/v2\/product_tag?post=27781"}],"curies":[{"name":"wp","href":"https:\/\/api.w.org\/{rel}","templated":true}]}}