{"id":27783,"date":"2023-05-14T21:06:24","date_gmt":"2023-05-14T21:06:24","guid":{"rendered":"https:\/\/www.tornum.com\/product\/level-indicator\/"},"modified":"2025-07-30T12:31:40","modified_gmt":"2025-07-30T12:31:40","slug":"indicador-de-nivel","status":"publish","type":"product","link":"https:\/\/www.tornum.com\/es\/producto\/indicador-de-nivel\/","title":{"rendered":"INDICADOR DE NIVEL"},"content":{"rendered":"<div class=\"wpb-content-wrapper\"><p>[vc_row][vc_column width=\u00bb2\/3&#8243;][vc_column_text]Los indicadores de nivel capacitivos de Tornum est\u00e1n dise\u00f1ados para el monitoreo y control de sistemas autom\u00e1ticos de manipulaci\u00f3n de granos. Vienen con un accesorio especial ajustable en altura para su instalaci\u00f3n en el techo del silo.[\/vc_column_text][\/vc_column][vc_column width=\u00bb1\/3&#8243;][vc_column_text]<strong>CARACTER\u00cdSTICAS<\/strong><\/p>\n<ul>\n<li>Un indicador de nivel m\u00f3vil se conecta a un tubo de un metro utilizando una caja terminal. Puede instalarse suspendido o a trav\u00e9s del piso, dependiendo de los diferentes \u00e1ngulos de reposo.<\/li>\n<li>Se puede usar en el pozo del elevador para detener el elevador cuando el pozo est\u00e9 vac\u00edo.<\/li>\n<li>Se puede usar en el secadero o el silo durante el llenado entre el transportador y el elevador, para evitar el exceso de llenado.<\/li>\n<li>Se puede usar en un silo de concentrado\/grano para detener el triturador\/molinillo cuando se agota el material.<\/li>\n<li>Se puede usar en un silo de alimentaci\u00f3n para detener el triturador\/molinillo cuando el silo est\u00e9 lleno.<\/li>\n<li>Un indicador de nivel fijo se puede instalar en el secadero o en la pared del silo de almacenamiento.<\/li>\n<\/ul>\n<p>[\/vc_column_text][\/vc_column][\/vc_row]<\/p>\n<\/div>","protected":false},"excerpt":{"rendered":"<p>Los indicadores de nivel capacitivos de Tornum est\u00e1n dise\u00f1ados para la monitorizaci\u00f3n y control de sistemas autom\u00e1ticos de manipulaci\u00f3n de granos. Vienen con un accesorio especial ajustable en altura para su instalaci\u00f3n en el techo del silo.<\/p>\n","protected":false},"featured_media":50391,"comment_status":"open","ping_status":"closed","template":"","meta":{"_acf_changed":false},"product_brand":[],"product_cat":[747,761,824],"product_tag":[758,770,772,795],"class_list":{"0":"post-27783","1":"product","2":"type-product","3":"status-publish","4":"has-post-thumbnail","6":"product_cat-all-products-es","7":"product_cat-grain-management-es","8":"product_cat-accessories-grain-management-es","9":"product_tag-dryer-es","10":"product_tag-monitoring-es","11":"product_tag-plc-es","12":"product_tag-storage-es","13":"description-off","15":"first","16":"instock","17":"shipping-taxable","18":"product-type-simple"},"acf":[],"_links":{"self":[{"href":"https:\/\/www.tornum.com\/es\/wp-json\/wp\/v2\/product\/27783","targetHints":{"allow":["GET"]}}],"collection":[{"href":"https:\/\/www.tornum.com\/es\/wp-json\/wp\/v2\/product"}],"about":[{"href":"https:\/\/www.tornum.com\/es\/wp-json\/wp\/v2\/types\/product"}],"replies":[{"embeddable":true,"href":"https:\/\/www.tornum.com\/es\/wp-json\/wp\/v2\/comments?post=27783"}],"version-history":[{"count":3,"href":"https:\/\/www.tornum.com\/es\/wp-json\/wp\/v2\/product\/27783\/revisions"}],"predecessor-version":[{"id":50422,"href":"https:\/\/www.tornum.com\/es\/wp-json\/wp\/v2\/product\/27783\/revisions\/50422"}],"wp:featuredmedia":[{"embeddable":true,"href":"https:\/\/www.tornum.com\/es\/wp-json\/wp\/v2\/media\/50391"}],"wp:attachment":[{"href":"https:\/\/www.tornum.com\/es\/wp-json\/wp\/v2\/media?parent=27783"}],"wp:term":[{"taxonomy":"product_brand","embeddable":true,"href":"https:\/\/www.tornum.com\/es\/wp-json\/wp\/v2\/product_brand?post=27783"},{"taxonomy":"product_cat","embeddable":true,"href":"https:\/\/www.tornum.com\/es\/wp-json\/wp\/v2\/product_cat?post=27783"},{"taxonomy":"product_tag","embeddable":true,"href":"https:\/\/www.tornum.com\/es\/wp-json\/wp\/v2\/product_tag?post=27783"}],"curies":[{"name":"wp","href":"https:\/\/api.w.org\/{rel}","templated":true}]}}