{"id":27784,"date":"2023-05-14T22:02:05","date_gmt":"2023-05-14T22:02:05","guid":{"rendered":"https:\/\/www.tornum.com\/product\/magnets\/"},"modified":"2025-07-30T12:49:09","modified_gmt":"2025-07-30T12:49:09","slug":"imanes","status":"publish","type":"product","link":"https:\/\/www.tornum.com\/es\/producto\/imanes\/","title":{"rendered":"IMANES"},"content":{"rendered":"<p>Los imanes de tuber\u00eda de Tornum filtran las part\u00edculas met\u00e1licas ferromagn\u00e9ticas no deseadas de granulados, fibras y materiales m\u00e1s gruesos en l\u00edneas de ca\u00edda libre de alta capacidad. Est\u00e1n dise\u00f1ados robustamente para resistir la operaci\u00f3n continua. Ofrecen un grado muy alto de separaci\u00f3n, siempre y cuando los imanes se limpien regularmente.<\/p>\n<p>El cono de 60\u00b0 crea un flujo de producto suave con una buena distribuci\u00f3n. El producto pasa por dos campos magn\u00e9ticos potentes, donde las tiras gu\u00eda dirigen el producto hacia el n\u00facleo magn\u00e9tico.<\/p>\n<p>El im\u00e1n de tuber\u00eda permanente tiene un n\u00facleo magn\u00e9tico permanente grande y cil\u00edndrico con un campo magn\u00e9tico potente y profundo. El n\u00facleo del im\u00e1n filtra las part\u00edculas ferromagn\u00e9ticas del flujo de producto y las retiene hasta que se limpia el n\u00facleo.<\/p>\n<p><strong>CARACTER\u00cdSTICAS<\/strong><\/p>\n<ul>\n<li>El flujo de producto debe detenerse para limpiar el im\u00e1n<\/li>\n<li>Carcasa de acero inoxidable<\/li>\n<li>N\u00facleo magn\u00e9tico con cono superior que asegura una buena distribuci\u00f3n del material<\/li>\n<li>El producto pasa por dos campos magn\u00e9ticos potentes para obtener resultados \u00f3ptimos<\/li>\n<li>Las tiras gu\u00eda en el canal del producto fuerzan el material hacia el n\u00facleo del im\u00e1n<\/li>\n<li>Versi\u00f3n a prueba de explosiones de polvo Ex II 1\/2D de acuerdo con la directiva ATEX 94\/9\/CE<\/li>\n<\/ul>\n<h3><strong>IMANES DE PLACA<\/strong><\/h3>\n<p>Los imanes de placa son soluciones rentables y robustas, ideales para filtrar part\u00edculas met\u00e1licas ferromagn\u00e9ticas no deseadas de flujos de productos en ca\u00edda libre o productos en cintas transportadoras con una contaminaci\u00f3n de Fe relativamente baja. Proporcionan un campo magn\u00e9tico profundo y potente que captura las part\u00edculas de Fe del flujo de productos y retiene de forma segura estos contaminantes.<\/p>\n<p>Los imanes de placa est\u00e1n disponibles en varios tama\u00f1os est\u00e1ndar, con imanes de ferrita o neodimio (Neoflux\u00ae). La limpieza del im\u00e1n se realiza manualmente mediante un pa\u00f1o, o semiautom\u00e1ticamente al girar la placa extractora lejos del im\u00e1n.<\/p>\n<p>Un im\u00e1n de placa puede ser utilizado en un sistema de tolva de cinta transportadora. Un producto que viaja a trav\u00e9s de una tolva de cinta transportadora puede alcanzar velocidades muy altas. Esto hace esencial el uso de un im\u00e1n Neoflux\u00ae potente. El producto entra en contacto o pasa cerca del im\u00e1n, y el potente im\u00e1n atrae las part\u00edculas de Fe y las retiene de forma segura. Los imanes de placa tambi\u00e9n pueden ser utilizados como imanes suspendidos, colgando sobre el flujo de producto o montados debajo de \u00e9l.<\/p>\n<h3 style=\"margin-top: 0in; background: white;\"><strong><span style=\"font-family: Arial, sans-serif;\">TAMBORES MAGN\u00c9TICOS<\/span><\/strong><\/h3>\n<p>Los tambores magn\u00e9ticos suelen utilizarse para polvos, granulados, fibras y materiales m\u00e1s gruesos con una contaminaci\u00f3n de Fe pesada. Los separadores magn\u00e9ticos evitan la contaminaci\u00f3n de su producto final y da\u00f1os innecesarios a otros equipos.<\/p>\n<p>Los tambores magn\u00e9ticos eliminan part\u00edculas met\u00e1licas ferromagn\u00e9ticas no deseadas, como hierro o acero, o part\u00edculas ligeramente magn\u00e9ticas, como acero inoxidable procesado, de materiales en l\u00edneas de ca\u00edda libre de alta capacidad.<\/p>\n<p>Un tambor magn\u00e9tico es un segmento magn\u00e9tico estacionario de 180\u00b0 alrededor del cual gira un tambor de acero inoxidable. Es un sistema continuo, donde no es necesario detener el flujo de producto para eliminar las part\u00edculas de Fe filtradas. Esto hace que el tambor magn\u00e9tico sea muy adecuado para flujos de producto con una contaminaci\u00f3n de Fe pesada.<\/p>\n","protected":false},"excerpt":{"rendered":"<p>Los imanes de tuber\u00eda de Tornum filtran las part\u00edculas met\u00e1licas ferromagn\u00e9ticas no deseadas de los granulados, fibras y materiales m\u00e1s gruesos en l\u00edneas de ca\u00edda libre de alta capacidad. Est\u00e1n dise\u00f1ados robustamente para resistir la operaci\u00f3n continua. Ofrecen un grado muy alto de separaci\u00f3n, siempre y cuando los imanes se limpien regularmente.<\/p>\n","protected":false},"featured_media":26921,"comment_status":"open","ping_status":"closed","template":"","meta":{"_acf_changed":false},"product_brand":[],"product_cat":[747,762,754,755,763,825],"product_tag":[783,826,769,781],"class_list":{"0":"post-27784","1":"product","2":"type-product","3":"status-publish","4":"has-post-thumbnail","6":"product_cat-all-products-es","7":"product_cat-feed-es","8":"product_cat-food-2-es","9":"product_cat-grain-es","10":"product_cat-material-handling-es","11":"product_cat-pipe-system-es","12":"product_tag-cleaning-es","13":"product_tag-pipes-es","14":"product_tag-separation-es","15":"product_tag-transport-es","16":"description-off","18":"first","19":"instock","20":"shipping-taxable","21":"product-type-simple"},"acf":[],"_links":{"self":[{"href":"https:\/\/www.tornum.com\/es\/wp-json\/wp\/v2\/product\/27784","targetHints":{"allow":["GET"]}}],"collection":[{"href":"https:\/\/www.tornum.com\/es\/wp-json\/wp\/v2\/product"}],"about":[{"href":"https:\/\/www.tornum.com\/es\/wp-json\/wp\/v2\/types\/product"}],"replies":[{"embeddable":true,"href":"https:\/\/www.tornum.com\/es\/wp-json\/wp\/v2\/comments?post=27784"}],"version-history":[{"count":2,"href":"https:\/\/www.tornum.com\/es\/wp-json\/wp\/v2\/product\/27784\/revisions"}],"predecessor-version":[{"id":27802,"href":"https:\/\/www.tornum.com\/es\/wp-json\/wp\/v2\/product\/27784\/revisions\/27802"}],"wp:featuredmedia":[{"embeddable":true,"href":"https:\/\/www.tornum.com\/es\/wp-json\/wp\/v2\/media\/26921"}],"wp:attachment":[{"href":"https:\/\/www.tornum.com\/es\/wp-json\/wp\/v2\/media?parent=27784"}],"wp:term":[{"taxonomy":"product_brand","embeddable":true,"href":"https:\/\/www.tornum.com\/es\/wp-json\/wp\/v2\/product_brand?post=27784"},{"taxonomy":"product_cat","embeddable":true,"href":"https:\/\/www.tornum.com\/es\/wp-json\/wp\/v2\/product_cat?post=27784"},{"taxonomy":"product_tag","embeddable":true,"href":"https:\/\/www.tornum.com\/es\/wp-json\/wp\/v2\/product_tag?post=27784"}],"curies":[{"name":"wp","href":"https:\/\/api.w.org\/{rel}","templated":true}]}}