{"id":27785,"date":"2023-06-12T11:27:56","date_gmt":"2023-06-12T11:27:56","guid":{"rendered":"https:\/\/www.tornum.com\/product\/nmc-natural-moisture-control\/"},"modified":"2025-08-01T06:59:57","modified_gmt":"2025-08-01T06:59:57","slug":"nmc-control-de-humedad-natural","status":"publish","type":"product","link":"https:\/\/www.tornum.com\/es\/producto\/nmc-control-de-humedad-natural\/","title":{"rendered":"NMC \u2013 CONTROL DE HUMEDAD NATURAL"},"content":{"rendered":"<div class=\"wpb-content-wrapper\"><p>[vc_row][vc_column width=\u00bb1\/2&#8243;][vc_column_text]Nuestro propio sistema de control desarrollado internamente, NMC &#8211; Control de Humedad Natural, le brinda un control total sobre todo el proceso de secado y almacenamiento en su silo de secado o almacenamiento. El sistema trabaja activamente para adaptar tanto el secado, la aireaci\u00f3n y la agitaci\u00f3n a las condiciones reales dentro y fuera del espacio de almacenamiento. NMC crea un proceso de secado cuidadoso y energ\u00e9ticamente eficiente que prepara su cosecha para la entrega. Usted asegura la calidad y el valor de su grano durante todo el per\u00edodo de almacenamiento.[\/vc_column_text][\/vc_column][vc_column width=\u00bb1\/2&#8243;][vc_column_text]<span data-contrast=\"auto\"><strong>Monitorizaci\u00f3n activa<\/strong><\/span><\/p>\n<p>El sistema NMC monitoriza y analiza constantemente toda la informaci\u00f3n de los sensores instalados. En caso de desviaciones, activa una alarma y tambi\u00e9n puede actuar de forma aut\u00f3noma utilizando ventiladores y dispositivos de agitaci\u00f3n instalados para el control mec\u00e1nico.<\/p>\n<p><span data-contrast=\"auto\"><strong>Menor consumo de energ\u00eda<\/strong><\/span><\/p>\n<p>El sistema monitoriza las temperaturas y los niveles de humedad, tanto dentro como fuera del silo, y ajusta el proceso en consecuencia seg\u00fan las condiciones.<\/p>\n<p><strong>Libertad y ahorro de tiempo<\/strong><\/p>\n<p>El sistema NMC est\u00e1 basado en la nube y puede ser controlado y monitoreado desde dispositivos m\u00f3viles y ordenadores. Puedes tener un control total sin importar d\u00f3nde te encuentres.<\/p>\n<p><strong>Secado suave<\/strong><\/p>\n<p>Al adaptar el proceso de secado a las condiciones circundantes y solo regular el flujo de aire, el sistema imita la forma natural de secar los cultivos. Esto resulta en un suave proceso sin cambios abruptos que podr\u00edan estresar los cultivos y deteriorar su calidad.<\/p>\n<p><span data-ccp-props=\"{&quot;134233117&quot;:true,&quot;134233118&quot;:true,&quot;201341983&quot;:0,&quot;335559740&quot;:240}\">\u00a0<\/span>[\/vc_column_text][\/vc_column][\/vc_row]<\/p>\n<\/div>","protected":false},"excerpt":{"rendered":"<p>El sistema NMC monitoriza y analiza constantemente toda la informaci\u00f3n de los sensores instalados. En caso de desviaciones, emite una alarma y tambi\u00e9n puede actuar de forma aut\u00f3noma utilizando ventiladores y dispositivos de agitaci\u00f3n instalados para el control mec\u00e1nico.<\/p>\n","protected":false},"featured_media":53390,"comment_status":"open","ping_status":"closed","template":"","meta":{"_acf_changed":false},"product_brand":[],"product_cat":[747,755,761,827],"product_tag":[770,795],"class_list":{"0":"post-27785","1":"product","2":"type-product","3":"status-publish","4":"has-post-thumbnail","6":"product_cat-all-products-es","7":"product_cat-grain-es","8":"product_cat-grain-management-es","9":"product_cat-nmc-es","10":"product_tag-monitoring-es","11":"product_tag-storage-es","12":"description-off","14":"first","15":"instock","16":"shipping-taxable","17":"product-type-simple"},"acf":[],"_links":{"self":[{"href":"https:\/\/www.tornum.com\/es\/wp-json\/wp\/v2\/product\/27785","targetHints":{"allow":["GET"]}}],"collection":[{"href":"https:\/\/www.tornum.com\/es\/wp-json\/wp\/v2\/product"}],"about":[{"href":"https:\/\/www.tornum.com\/es\/wp-json\/wp\/v2\/types\/product"}],"replies":[{"embeddable":true,"href":"https:\/\/www.tornum.com\/es\/wp-json\/wp\/v2\/comments?post=27785"}],"version-history":[{"count":4,"href":"https:\/\/www.tornum.com\/es\/wp-json\/wp\/v2\/product\/27785\/revisions"}],"predecessor-version":[{"id":51103,"href":"https:\/\/www.tornum.com\/es\/wp-json\/wp\/v2\/product\/27785\/revisions\/51103"}],"wp:featuredmedia":[{"embeddable":true,"href":"https:\/\/www.tornum.com\/es\/wp-json\/wp\/v2\/media\/53390"}],"wp:attachment":[{"href":"https:\/\/www.tornum.com\/es\/wp-json\/wp\/v2\/media?parent=27785"}],"wp:term":[{"taxonomy":"product_brand","embeddable":true,"href":"https:\/\/www.tornum.com\/es\/wp-json\/wp\/v2\/product_brand?post=27785"},{"taxonomy":"product_cat","embeddable":true,"href":"https:\/\/www.tornum.com\/es\/wp-json\/wp\/v2\/product_cat?post=27785"},{"taxonomy":"product_tag","embeddable":true,"href":"https:\/\/www.tornum.com\/es\/wp-json\/wp\/v2\/product_tag?post=27785"}],"curies":[{"name":"wp","href":"https:\/\/api.w.org\/{rel}","templated":true}]}}