{"id":27786,"date":"2023-05-14T21:02:04","date_gmt":"2023-05-14T21:02:04","guid":{"rendered":"https:\/\/www.tornum.com\/product\/relay-cabinet\/"},"modified":"2025-07-30T13:02:44","modified_gmt":"2025-07-30T13:02:44","slug":"panel-electrico-plc","status":"publish","type":"product","link":"https:\/\/www.tornum.com\/es\/producto\/panel-electrico-plc\/","title":{"rendered":"PANEL EL\u00c9CTRICO PLC"},"content":{"rendered":"<div class=\"wpb-content-wrapper\"><p>[vc_row][vc_column width=\u00bb2\/3&#8243;][vc_column_text]Los paneles el\u00e9ctricos PLC de Tornum se adaptan individualmente para ajustarse a cada soluci\u00f3n \u00fanica del cliente. Desde el panel se realiza el control del equipo de secado, y se instala en un lugar apropiado y seguro.[\/vc_column_text][\/vc_column][vc_column width=\u00bb1\/3&#8243;][vc_column_text]<strong>ESTRUCTURA Y FUNCI\u00d3N<\/strong><\/p>\n<ul>\n<li>Control PLC<\/li>\n<li>Dise\u00f1o robusto<\/li>\n<\/ul>\n<p>[\/vc_column_text][\/vc_column][\/vc_row]<\/p>\n<\/div>","protected":false},"excerpt":{"rendered":"<p>Los paneles el\u00e9ctricos PLC de Tornum se adaptan individualmente para adecuarse a cada soluci\u00f3n \u00fanica del cliente.<\/p>\n","protected":false},"featured_media":26958,"comment_status":"open","ping_status":"closed","template":"","meta":{"_acf_changed":false},"product_brand":[],"product_cat":[747,761,824],"product_tag":[770,771,772],"class_list":{"0":"post-27786","1":"product","2":"type-product","3":"status-publish","4":"has-post-thumbnail","6":"product_cat-all-products-es","7":"product_cat-grain-management-es","8":"product_cat-accessories-grain-management-es","9":"product_tag-monitoring-es","10":"product_tag-pc-es","11":"product_tag-plc-es","12":"description-off","14":"first","15":"instock","16":"shipping-taxable","17":"product-type-simple"},"acf":[],"_links":{"self":[{"href":"https:\/\/www.tornum.com\/es\/wp-json\/wp\/v2\/product\/27786","targetHints":{"allow":["GET"]}}],"collection":[{"href":"https:\/\/www.tornum.com\/es\/wp-json\/wp\/v2\/product"}],"about":[{"href":"https:\/\/www.tornum.com\/es\/wp-json\/wp\/v2\/types\/product"}],"replies":[{"embeddable":true,"href":"https:\/\/www.tornum.com\/es\/wp-json\/wp\/v2\/comments?post=27786"}],"version-history":[{"count":2,"href":"https:\/\/www.tornum.com\/es\/wp-json\/wp\/v2\/product\/27786\/revisions"}],"predecessor-version":[{"id":27806,"href":"https:\/\/www.tornum.com\/es\/wp-json\/wp\/v2\/product\/27786\/revisions\/27806"}],"wp:featuredmedia":[{"embeddable":true,"href":"https:\/\/www.tornum.com\/es\/wp-json\/wp\/v2\/media\/26958"}],"wp:attachment":[{"href":"https:\/\/www.tornum.com\/es\/wp-json\/wp\/v2\/media?parent=27786"}],"wp:term":[{"taxonomy":"product_brand","embeddable":true,"href":"https:\/\/www.tornum.com\/es\/wp-json\/wp\/v2\/product_brand?post=27786"},{"taxonomy":"product_cat","embeddable":true,"href":"https:\/\/www.tornum.com\/es\/wp-json\/wp\/v2\/product_cat?post=27786"},{"taxonomy":"product_tag","embeddable":true,"href":"https:\/\/www.tornum.com\/es\/wp-json\/wp\/v2\/product_tag?post=27786"}],"curies":[{"name":"wp","href":"https:\/\/api.w.org\/{rel}","templated":true}]}}