{"id":27816,"date":"2023-04-03T13:08:41","date_gmt":"2023-04-03T13:08:41","guid":{"rendered":"https:\/\/www.tornum.com\/product\/receiving-hopper\/"},"modified":"2025-07-30T13:18:26","modified_gmt":"2025-07-30T13:18:26","slug":"tolva-de-recepcion","status":"publish","type":"product","link":"https:\/\/www.tornum.com\/es\/producto\/tolva-de-recepcion\/","title":{"rendered":"TOLVA DE RECEPCI\u00d3N"},"content":{"rendered":"<div class=\"wpb-content-wrapper\"><p>[vc_row][vc_column width=\u00bb2\/3&#8243;][vc_column_text]La tolva de recepci\u00f3n de TORNUM ha sido desarrollada para satisfacer la demanda del mercado de un sistema simple de recolecci\u00f3n de granos desde camiones. La tolva de recepci\u00f3n se coloca por encima del nivel del suelo, lo que minimiza el alcance de la construcci\u00f3n y los trabajos en tierra necesarios.<\/p>\n<p>La tolva de recepci\u00f3n est\u00e1 disponible en cuatro tama\u00f1os diferentes con una altura variable de la tolva. El ancho del embudo siempre es constante y alcanza los 4,5 metros. La capacidad del transportador en la parte inferior del embudo puede variar desde las 30 hasta las 120 toneladas por hora.[\/vc_column_text][\/vc_column][vc_column width=\u00bb1\/3&#8243;][\/vc_column][\/vc_row]<\/p>\n<\/div>","protected":false},"excerpt":{"rendered":"<p>La tolva de recepci\u00f3n de Tornum ha sido desarrollada para satisfacer la demanda del mercado de un sistema simple de recolecci\u00f3n de granos desde camiones. La tolva de recepci\u00f3n se coloca por encima del nivel del suelo, lo que minimiza el alcance de la construcci\u00f3n y los trabajos en tierra necesarios.<\/p>\n","protected":false},"featured_media":26428,"comment_status":"open","ping_status":"closed","template":"","meta":{"_acf_changed":false},"product_brand":[],"product_cat":[747,762,754,755,763,787,788],"product_tag":[779,758,781],"class_list":{"0":"post-27816","1":"product","2":"type-product","3":"status-publish","4":"has-post-thumbnail","6":"product_cat-all-products-es","7":"product_cat-feed-es","8":"product_cat-food-2-es","9":"product_cat-grain-es","10":"product_cat-material-handling-es","11":"product_cat-intake-pit-es","12":"product_cat-intake-pit-storage-es","13":"product_tag-bin-es","14":"product_tag-dryer-es","15":"product_tag-transport-es","16":"pa_products-type-grain-es","17":"description-off","19":"first","20":"instock","21":"shipping-taxable","22":"product-type-simple"},"acf":[],"_links":{"self":[{"href":"https:\/\/www.tornum.com\/es\/wp-json\/wp\/v2\/product\/27816","targetHints":{"allow":["GET"]}}],"collection":[{"href":"https:\/\/www.tornum.com\/es\/wp-json\/wp\/v2\/product"}],"about":[{"href":"https:\/\/www.tornum.com\/es\/wp-json\/wp\/v2\/types\/product"}],"replies":[{"embeddable":true,"href":"https:\/\/www.tornum.com\/es\/wp-json\/wp\/v2\/comments?post=27816"}],"version-history":[{"count":2,"href":"https:\/\/www.tornum.com\/es\/wp-json\/wp\/v2\/product\/27816\/revisions"}],"predecessor-version":[{"id":27825,"href":"https:\/\/www.tornum.com\/es\/wp-json\/wp\/v2\/product\/27816\/revisions\/27825"}],"wp:featuredmedia":[{"embeddable":true,"href":"https:\/\/www.tornum.com\/es\/wp-json\/wp\/v2\/media\/26428"}],"wp:attachment":[{"href":"https:\/\/www.tornum.com\/es\/wp-json\/wp\/v2\/media?parent=27816"}],"wp:term":[{"taxonomy":"product_brand","embeddable":true,"href":"https:\/\/www.tornum.com\/es\/wp-json\/wp\/v2\/product_brand?post=27816"},{"taxonomy":"product_cat","embeddable":true,"href":"https:\/\/www.tornum.com\/es\/wp-json\/wp\/v2\/product_cat?post=27816"},{"taxonomy":"product_tag","embeddable":true,"href":"https:\/\/www.tornum.com\/es\/wp-json\/wp\/v2\/product_tag?post=27816"}],"curies":[{"name":"wp","href":"https:\/\/api.w.org\/{rel}","templated":true}]}}